{"id":3037,"date":"2022-05-21T22:37:49","date_gmt":"2022-05-21T19:37:49","guid":{"rendered":"https:\/\/termopane.md\/?page_id=3037"},"modified":"2023-02-03T14:49:05","modified_gmt":"2023-02-03T11:49:05","slug":"despre-companie","status":"publish","type":"page","link":"https:\/\/termopane.md\/ro\/despre-companie\/","title":{"rendered":"Despre companie"},"content":{"rendered":"\t\t<div data-elementor-type=\"wp-post\" data-elementor-id=\"3037\" class=\"elementor elementor-3037\">\n\t\t\t\t\t\t\t\t\t<section class=\"elementor-section elementor-top-section elementor-element elementor-element-6eeaa6f elementor-section-boxed elementor-section-gap-default elementor-section-height-default elementor-section-height-default\" data-id=\"6eeaa6f\" data-element_type=\"section\">\n\t\t\t\t\t\t<div class=\"elementor-container elementor-column-gap-default\">\n\t\t\t\t\t<div class=\"elementor-column elementor-col-16 elementor-top-column elementor-element elementor-element-21c0432\" data-id=\"21c0432\" data-element_type=\"column\">\n\t\t\t<div class=\"elementor-column-wrap--21c0432 elementor-widget-wrap\">\n\t\t\t\t\t\t\t\t\t<\/div>\n\t\t<\/div>\n\t\t\t\t<div class=\"elementor-column elementor-col-66 elementor-top-column elementor-element elementor-element-81f68b9\" data-id=\"81f68b9\" data-element_type=\"column\">\n\t\t\t<div class=\"elementor-column-wrap--81f68b9 elementor-widget-wrap elementor-element-populated\">\n\t\t\t\t\t\t\t\t<div class=\"elementor-element elementor-element-eb6015a u-links-anim-ul elementor-widget elementor-widget-text-editor\" data-id=\"eb6015a\" data-element_type=\"widget\" data-widget_type=\"text-editor.default\">\n\t\t\t\t<div class=\"elementor-widget-container\">\n\t\t\t<style>\/*! elementor - v3.7.7 - 20-09-2022 *\/\n.elementor-widget-text-editor.elementor-drop-cap-view-stacked .elementor-drop-cap{background-color:#818a91;color:#fff}.elementor-widget-text-editor.elementor-drop-cap-view-framed .elementor-drop-cap{color:#818a91;border:3px solid;background-color:transparent}.elementor-widget-text-editor:not(.elementor-drop-cap-view-default) .elementor-drop-cap{margin-top:8px}.elementor-widget-text-editor:not(.elementor-drop-cap-view-default) .elementor-drop-cap-letter{width:1em;height:1em}.elementor-widget-text-editor .elementor-drop-cap{float:left;text-align:center;line-height:1;font-size:50px}.elementor-widget-text-editor .elementor-drop-cap-letter{display:inline-block}<\/style>\t\t\t\tCum e corect s\u0103 alegi ferestrele pentru cas\u0103 sau oficiu? C\u0103rora criterii trebuie s\u0103 corespund\u0103 u\u0219ile pentru balcon \u0219i cele de intrare? Unde \u00een republica Moldova pot fi achizi\u021bionate plase calitative \u00eempotriva \u021b\u00e2n\u021barilor? Unde pot fi comandate rolete pentru garaj? Cu aceste \u0219i multe altele \u00eentreb\u0103ri se ocup\u0103 speciali\u0219tii din compania termopane.md (proprietarul ei &#8211; SRL Fermod Plast ).\t\t\t\t\t\t<\/div>\n\t\t\t\t<\/div>\n\t\t\t\t\t<\/div>\n\t\t<\/div>\n\t\t\t\t<div class=\"elementor-column elementor-col-16 elementor-top-column elementor-element elementor-element-9861ac7\" data-id=\"9861ac7\" data-element_type=\"column\">\n\t\t\t<div class=\"elementor-column-wrap--9861ac7 elementor-widget-wrap\">\n\t\t\t\t\t\t\t\t\t<\/div>\n\t\t<\/div>\n\t\t\t\t\t\t\t<\/div>\n\t\t<\/section>\n\t\t\t\t<section class=\"elementor-section elementor-top-section elementor-element elementor-element-7bbda24 elementor-hidden-desktop elementor-hidden-tablet elementor-hidden-mobile elementor-section-boxed elementor-section-gap-default elementor-section-height-default elementor-section-height-default\" data-id=\"7bbda24\" data-element_type=\"section\">\n\t\t\t\t\t\t<div class=\"elementor-container elementor-column-gap-default\">\n\t\t\t\t\t<div class=\"elementor-column elementor-col-100 elementor-top-column elementor-element elementor-element-b4bdbcf\" data-id=\"b4bdbcf\" data-element_type=\"column\">\n\t\t\t<div class=\"elementor-column-wrap--b4bdbcf elementor-widget-wrap elementor-element-populated\">\n\t\t\t\t\t\t\t\t<div class=\"elementor-element elementor-element-4f2c473 elementor-aspect-ratio-169 elementor-widget elementor-widget-video\" data-id=\"4f2c473\" data-element_type=\"widget\" data-settings=\"{&quot;youtube_url&quot;:&quot;https:\\\/\\\/youtu.be\\\/XsUoM5VlkUQ&quot;,&quot;video_type&quot;:&quot;youtube&quot;,&quot;controls&quot;:&quot;yes&quot;,&quot;aspect_ratio&quot;:&quot;169&quot;}\" data-widget_type=\"video.default\">\n\t\t\t\t<div class=\"elementor-widget-container\">\n\t\t\t<style>\/*! elementor - v3.7.7 - 20-09-2022 *\/\n.elementor-widget-video .elementor-widget-container{overflow:hidden;-webkit-transform:translateZ(0);transform:translateZ(0)}.elementor-widget-video .elementor-open-inline .elementor-custom-embed-image-overlay{position:absolute;top:0;left:0;width:100%;height:100%;background-size:cover;background-position:50%}.elementor-widget-video .elementor-custom-embed-image-overlay{cursor:pointer;text-align:center}.elementor-widget-video .elementor-custom-embed-image-overlay:hover .elementor-custom-embed-play i{opacity:1}.elementor-widget-video .elementor-custom-embed-image-overlay img{display:block;width:100%}.elementor-widget-video .e-hosted-video .elementor-video{-o-object-fit:cover;object-fit:cover}.e-container>.elementor-widget-video{width:var(--container-widget-width,100%)}<\/style>\t\t<div class=\"elementor-wrapper elementor-fit-aspect-ratio elementor-open-inline\">\n\t\t\t<div class=\"elementor-video\"><\/div>\t\t<\/div>\n\t\t\t\t<\/div>\n\t\t\t\t<\/div>\n\t\t\t\t\t<\/div>\n\t\t<\/div>\n\t\t\t\t\t\t\t<\/div>\n\t\t<\/section>\n\t\t\t\t<section class=\"elementor-section elementor-top-section elementor-element elementor-element-1394d78 elementor-section-boxed elementor-section-gap-default elementor-section-height-default elementor-section-height-default\" data-id=\"1394d78\" data-element_type=\"section\">\n\t\t\t\t\t\t<div class=\"elementor-container elementor-column-gap-default\">\n\t\t\t\t\t<div class=\"elementor-column elementor-col-50 elementor-top-column elementor-element elementor-element-d60a9ad\" data-id=\"d60a9ad\" data-element_type=\"column\">\n\t\t\t<div class=\"elementor-column-wrap--d60a9ad elementor-widget-wrap elementor-element-populated\">\n\t\t\t\t\t\t\t\t<div class=\"elementor-element elementor-element-e09c5c4 elementor-widget elementor-widget-image\" data-id=\"e09c5c4\" data-element_type=\"widget\" data-widget_type=\"image.default\">\n\t\t\t\t<div class=\"elementor-widget-container\">\n\t\t\t<style>\/*! elementor - v3.7.7 - 20-09-2022 *\/\n.elementor-widget-image{text-align:center}.elementor-widget-image a{display:inline-block}.elementor-widget-image a img[src$=\".svg\"]{width:48px}.elementor-widget-image img{vertical-align:middle;display:inline-block}<\/style>\t\t\t\t\t\t\t\t\t\t\t\t<img decoding=\"async\" width=\"1024\" height=\"588\" src=\"https:\/\/termopane.md\/wp-content\/uploads\/2022\/05\/team.jpg\" class=\"attachment-large size-large\" alt=\"\" srcset=\"https:\/\/termopane.md\/wp-content\/uploads\/2022\/05\/team.jpg 1024w, https:\/\/termopane.md\/wp-content\/uploads\/2022\/05\/team-300x172.jpg 300w, https:\/\/termopane.md\/wp-content\/uploads\/2022\/05\/team-768x441.jpg 768w\" sizes=\"(max-width: 1024px) 100vw, 1024px\" \/>\t\t\t\t\t\t\t\t\t\t\t\t\t\t\t<\/div>\n\t\t\t\t<\/div>\n\t\t\t\t\t<\/div>\n\t\t<\/div>\n\t\t\t\t<div class=\"elementor-column elementor-col-50 elementor-top-column elementor-element elementor-element-37eb060\" data-id=\"37eb060\" data-element_type=\"column\">\n\t\t\t<div class=\"elementor-column-wrap--37eb060 elementor-widget-wrap elementor-element-populated\">\n\t\t\t\t\t\t\t\t<div class=\"elementor-element elementor-element-986fc69 u-links-anim-ul elementor-widget elementor-widget-text-editor\" data-id=\"986fc69\" data-element_type=\"widget\" data-widget_type=\"text-editor.default\">\n\t\t\t\t<div class=\"elementor-widget-container\">\n\t\t\t\t\t\t\t<p>Compania lucreaz\u0103 pe pia\u021ba Moldovei din anul 2004. Noi producem ferestre din plastic, u\u0219i de intrare, desp\u0103r\u021bitori de balcon, rolete, construc\u021bii din aluminiu, plase contra \u021b\u00e2n\u021barilor, furnituri, pervaze, \u0219i alt\u0103 produc\u021bie. Toate produsele propuse corespund standartelor \u00eenalte de calitate \u0219i sunt realizate doar din materiale ecologice.<\/p><p>\u00cen timpul activit\u0103\u021bii companiei \u00een republica Moldova compania termopane.md a c\u00e2\u0219tigat reputa\u021bia unui partener de \u00eencredere \u0219i a unui distribuitor responsabil. Noi dezvolt\u0103m, \u00eent\u0103rim brand-ul \u0219i tindem s\u0103 devenim liderul pe pia\u021b\u0103. De asta mereu tehnologiile noastre de produc\u021bie sunt \u00een curs de continu\u0103 progresare, sunt achizi\u021bionate cele mai noi echipamente \u0219i materiale de \u00eenalt\u0103 calitate \u0219i sunt invita\u021bi cei mai buni mae\u0219tri ai me\u0219te\u0219ugului lor. \u00cen Chi\u0219in\u0103u func\u021bioneaz\u0103 un atelier modern pentru produc\u021bie \u0219i altul pentru asamblarea tuturor construc\u021biilor.<\/p><p>Noi nu doar v\u0103 propunem ferestre PVC sau u\u0219i din profil PVC. Noi avem grij\u0103 de s\u0103n\u0103tatea clien\u021bilor \u0219i d\u0103ruim oamenilor confort, lux, \u00eencredere \u0219i siguran\u021b\u0103. \u00cen a\u0219a mod produc\u0103torul de ferestre devine prietenul dumneavoastr\u0103 pentru o perioad\u0103 lung\u0103 de timp.<\/p><p>\u201ePreferin\u021bele clientului \u2013 sunt prioritate\u201d \u2013 este motto-ul dup\u0103 care are loc munca companiei termopane.md \u00eendreptat\u0103 spre cooperare pe termen lung. Noi lu\u0103m \u00een considerare p\u0103rerea clien\u021bilor urm\u00e2nd o politic\u0103 flexibil\u0103 de pre\u021buri.<\/p><p>Cu noi o s\u0103 economisi\u021bi timp, ve\u021bi primi sfaturi profesionale \u0219i o s\u0103 pute\u021bi alege ceea de ce ave\u021bi nevoie.<\/p>\t\t\t\t\t\t<\/div>\n\t\t\t\t<\/div>\n\t\t\t\t\t<\/div>\n\t\t<\/div>\n\t\t\t\t\t\t\t<\/div>\n\t\t<\/section>\n\t\t\t\t\t\t\t<\/div>\n\t\t","protected":false},"excerpt":{"rendered":"<p>Cum e corect s\u0103 alegi ferestrele pentru cas\u0103 sau oficiu? C\u0103rora criterii trebuie s\u0103 corespund\u0103 u\u0219ile pentru balcon \u0219i cele de intrare? Unde \u00een republica Moldova pot fi achizi\u021bionate plase calitative \u00eempotriva \u021b\u00e2n\u021barilor? Unde pot fi comandate rolete pentru garaj? Cu aceste \u0219i multe altele \u00eentreb\u0103ri se ocup\u0103 speciali\u0219tii din compania termopane.md (proprietarul ei &#8211; [&hellip;]<\/p>\n","protected":false},"author":1,"featured_media":0,"parent":0,"menu_order":0,"comment_status":"closed","ping_status":"closed","template":"template-builder.php","meta":{"_seopress_robots_primary_cat":"","_seopress_titles_title":"","_seopress_titles_desc":"","_seopress_robots_index":"","footnotes":""},"acf":[],"_links":{"self":[{"href":"https:\/\/termopane.md\/ro\/wp-json\/wp\/v2\/pages\/3037"}],"collection":[{"href":"https:\/\/termopane.md\/ro\/wp-json\/wp\/v2\/pages"}],"about":[{"href":"https:\/\/termopane.md\/ro\/wp-json\/wp\/v2\/types\/page"}],"author":[{"embeddable":true,"href":"https:\/\/termopane.md\/ro\/wp-json\/wp\/v2\/users\/1"}],"replies":[{"embeddable":true,"href":"https:\/\/termopane.md\/ro\/wp-json\/wp\/v2\/comments?post=3037"}],"version-history":[{"count":0,"href":"https:\/\/termopane.md\/ro\/wp-json\/wp\/v2\/pages\/3037\/revisions"}],"wp:attachment":[{"href":"https:\/\/termopane.md\/ro\/wp-json\/wp\/v2\/media?parent=3037"}],"curies":[{"name":"wp","href":"https:\/\/api.w.org\/{rel}","templated":true}]}}