{"id":3062,"date":"2022-05-21T23:00:40","date_gmt":"2022-05-21T20:00:40","guid":{"rendered":"https:\/\/termopane.md\/?page_id=3062"},"modified":"2022-05-21T23:02:00","modified_gmt":"2022-05-21T20:02:00","slug":"usi-de-intrare","status":"publish","type":"page","link":"https:\/\/termopane.md\/ro\/produse\/usi-de-intrare\/","title":{"rendered":"U\u0219i de intrare"},"content":{"rendered":"\t\t<div data-elementor-type=\"wp-post\" data-elementor-id=\"3062\" class=\"elementor elementor-3062 elementor-1670\">\n\t\t\t\t\t\t\t\t\t<section class=\"elementor-section elementor-top-section elementor-element elementor-element-32d9165 elementor-section-boxed elementor-section-gap-default elementor-section-height-default elementor-section-height-default\" data-id=\"32d9165\" data-element_type=\"section\">\n\t\t\t\t\t\t<div class=\"elementor-container elementor-column-gap-default\">\n\t\t\t\t\t<div class=\"elementor-column elementor-col-16 elementor-top-column elementor-element elementor-element-9febfe5\" data-id=\"9febfe5\" data-element_type=\"column\">\n\t\t\t<div class=\"elementor-column-wrap--9febfe5 elementor-widget-wrap\">\n\t\t\t\t\t\t\t\t\t<\/div>\n\t\t<\/div>\n\t\t\t\t<div class=\"elementor-column elementor-col-66 elementor-top-column elementor-element elementor-element-99789a6\" data-id=\"99789a6\" data-element_type=\"column\">\n\t\t\t<div class=\"elementor-column-wrap--99789a6 elementor-widget-wrap elementor-element-populated\">\n\t\t\t\t\t\t\t\t<div class=\"elementor-element elementor-element-f37521f u-links-anim-ul elementor-widget elementor-widget-text-editor\" data-id=\"f37521f\" data-element_type=\"widget\" data-widget_type=\"text-editor.default\">\n\t\t\t\t<div class=\"elementor-widget-container\">\n\t\t\t<style>\/*! elementor - v3.7.7 - 20-09-2022 *\/\n.elementor-widget-text-editor.elementor-drop-cap-view-stacked .elementor-drop-cap{background-color:#818a91;color:#fff}.elementor-widget-text-editor.elementor-drop-cap-view-framed .elementor-drop-cap{color:#818a91;border:3px solid;background-color:transparent}.elementor-widget-text-editor:not(.elementor-drop-cap-view-default) .elementor-drop-cap{margin-top:8px}.elementor-widget-text-editor:not(.elementor-drop-cap-view-default) .elementor-drop-cap-letter{width:1em;height:1em}.elementor-widget-text-editor .elementor-drop-cap{float:left;text-align:center;line-height:1;font-size:50px}.elementor-widget-text-editor .elementor-drop-cap-letter{display:inline-block}<\/style>\t\t\t\t<p>U\u0219ile de intrare nu sunt \u00een zadar numite semnul distinctiv al oric\u0103rei case sau birou. Ele trebuie s\u0103 fie moderne, elegante, frumoase \u0219i, \u00een acela\u0219i timp, s\u0103 protejeze \u00een mod fiabil spa\u021biile de spargeri \u0219i influen\u021be ale mediului. U\u0219ile de intrare de la Rehau \u00eendeplinesc toate cerin\u021bele \u0219i criteriile. Compania termopane.md ofer\u0103 u\u0219i de diferite modele (cu sau f\u0103r\u0103 inser\u021bii) \u0219i culori rezistente la UV, umeditate \u0219i coroziune. De-a lungul anilor, culorile nu se estompeaz\u0103, iar buclele nu \u00ee\u0219i pierd puterea. Este posibil\u0103 producerea unei u\u0219i de intrare la comand\u0103 individual\u0103.<\/p>\t\t\t\t\t\t<\/div>\n\t\t\t\t<\/div>\n\t\t\t\t\t<\/div>\n\t\t<\/div>\n\t\t\t\t<div class=\"elementor-column elementor-col-16 elementor-top-column elementor-element elementor-element-8e066d1\" data-id=\"8e066d1\" data-element_type=\"column\">\n\t\t\t<div class=\"elementor-column-wrap--8e066d1 elementor-widget-wrap\">\n\t\t\t\t\t\t\t\t\t<\/div>\n\t\t<\/div>\n\t\t\t\t\t\t\t<\/div>\n\t\t<\/section>\n\t\t\t\t<section class=\"elementor-section elementor-top-section elementor-element elementor-element-34c5f9c elementor-section-boxed elementor-section-gap-default elementor-section-height-default elementor-section-height-default\" data-id=\"34c5f9c\" data-element_type=\"section\">\n\t\t\t\t\t\t<div class=\"elementor-container elementor-column-gap-default\">\n\t\t\t\t\t<div class=\"elementor-column elementor-col-33 elementor-top-column elementor-element elementor-element-8fe6f79\" data-id=\"8fe6f79\" data-element_type=\"column\">\n\t\t\t<div class=\"elementor-column-wrap--8fe6f79 elementor-widget-wrap elementor-element-populated\">\n\t\t\t\t\t\t\t\t<div class=\"elementor-element elementor-element-969b5e0 elementor-position-top elementor-vertical-align-top elementor-widget elementor-widget-image-box\" data-id=\"969b5e0\" data-element_type=\"widget\" data-widget_type=\"image-box.default\">\n\t\t\t\t<div class=\"elementor-widget-container\">\n\t\t\t<style>\/*! elementor - v3.7.7 - 20-09-2022 *\/\n.elementor-widget-image-box .elementor-image-box-content{width:100%}@media (min-width:768px){.elementor-widget-image-box.elementor-position-left .elementor-image-box-wrapper,.elementor-widget-image-box.elementor-position-right .elementor-image-box-wrapper{display:-webkit-box;display:-ms-flexbox;display:flex}.elementor-widget-image-box.elementor-position-right .elementor-image-box-wrapper{text-align:right;-webkit-box-orient:horizontal;-webkit-box-direction:reverse;-ms-flex-direction:row-reverse;flex-direction:row-reverse}.elementor-widget-image-box.elementor-position-left .elementor-image-box-wrapper{text-align:left;-webkit-box-orient:horizontal;-webkit-box-direction:normal;-ms-flex-direction:row;flex-direction:row}.elementor-widget-image-box.elementor-position-top .elementor-image-box-img{margin:auto}.elementor-widget-image-box.elementor-vertical-align-top .elementor-image-box-wrapper{-webkit-box-align:start;-ms-flex-align:start;align-items:flex-start}.elementor-widget-image-box.elementor-vertical-align-middle .elementor-image-box-wrapper{-webkit-box-align:center;-ms-flex-align:center;align-items:center}.elementor-widget-image-box.elementor-vertical-align-bottom .elementor-image-box-wrapper{-webkit-box-align:end;-ms-flex-align:end;align-items:flex-end}}@media (max-width:767px){.elementor-widget-image-box .elementor-image-box-img{margin-left:auto!important;margin-right:auto!important;margin-bottom:15px}}.elementor-widget-image-box .elementor-image-box-img{display:inline-block}.elementor-widget-image-box .elementor-image-box-title a{color:inherit}.elementor-widget-image-box .elementor-image-box-wrapper{text-align:center}.elementor-widget-image-box .elementor-image-box-description{margin:0}<\/style><div class=\"elementor-image-box-wrapper\"><figure class=\"elementor-image-box-img\"><a href=\"https:\/\/termopane.md\/katalog\/vhodnye-dveri\/dvernye-sistemy-60-mm\/\"><img decoding=\"async\" width=\"738\" height=\"566\" src=\"https:\/\/termopane.md\/wp-content\/uploads\/2022\/04\/vhodnye-dveri-rehau-60.jpg\" class=\"elementor-animation-shrink attachment-full size-full\" alt=\"\" \/><\/a><\/figure><div class=\"elementor-image-box-content\"><h1 class=\"elementor-image-box-title\"><a href=\"https:\/\/termopane.md\/katalog\/vhodnye-dveri\/dvernye-sistemy-60-mm\/\">Rehau 60<\/a><\/h1><p class=\"elementor-image-box-description\">Sistemul Rehau 60 este potrivit pentru birouri, magazine, case \u00eenalte private. U\u0219ile de intrare sunt foarte puternice, de aceea spargerea \u0219i intrarea \u00een acest spa\u021biu propriu nu e u\u0219oar\u0103. Pute\u021bi s\u0103 fi\u021bi siguri c\u0103 ho\u021bii n-o s\u0103 \u00eentre \u00een casa dumneavoastr\u0103. U\u0219ile protejeaz\u0103 nu numai de vizitele nedorite, dar au \u0219i izolare fonic\u0103 \u0219i termic\u0103 excelent\u0103. Pute\u021bi alege o u\u0219\u0103 de intrare cu unul sau dou\u0103 \u0441\u0442\u0432\u043e\u0440\u043a\u0438. Nu este necesar\u0103 \u00eengrijirea special\u0103 sau o vopsire suplimentar\u0103. Praful \u0219i murd\u0103ria pot fi \u00eendep\u0103rtate cu u\u0219urin\u021b\u0103 de pe suprafa\u021ba neted\u0103. U\u0219ile dumneavoastr\u0103 vor ar\u0103ta ca noi pentru o lung\u0103 perioad\u0103 de timp.<\/p><\/div><\/div>\t\t<\/div>\n\t\t\t\t<\/div>\n\t\t\t\t\t<\/div>\n\t\t<\/div>\n\t\t\t\t<div class=\"elementor-column elementor-col-33 elementor-top-column elementor-element elementor-element-882da66\" data-id=\"882da66\" data-element_type=\"column\">\n\t\t\t<div class=\"elementor-column-wrap--882da66 elementor-widget-wrap elementor-element-populated\">\n\t\t\t\t\t\t\t\t<div class=\"elementor-element elementor-element-edff08b elementor-position-top elementor-vertical-align-top elementor-widget elementor-widget-image-box\" data-id=\"edff08b\" data-element_type=\"widget\" data-widget_type=\"image-box.default\">\n\t\t\t\t<div class=\"elementor-widget-container\">\n\t\t\t<div class=\"elementor-image-box-wrapper\"><figure class=\"elementor-image-box-img\"><a href=\"https:\/\/termopane.md\/katalog\/vhodnye-dveri\/dvernye-sistemy-70-mm\/\"><img decoding=\"async\" width=\"738\" height=\"566\" src=\"https:\/\/termopane.md\/wp-content\/uploads\/2022\/04\/vhodnye-dveri-rehau-70.jpg\" class=\"elementor-animation-shrink attachment-full size-full\" alt=\"\" \/><\/a><\/figure><div class=\"elementor-image-box-content\"><h1 class=\"elementor-image-box-title\"><a href=\"https:\/\/termopane.md\/katalog\/vhodnye-dveri\/dvernye-sistemy-70-mm\/\">Rehau 70<\/a><\/h1><p class=\"elementor-image-box-description\">Profilul \u00eembun\u0103t\u0103\u021bit al lui Rehau 70 se va potrivi perfect \u00een orice exterior. Fabricate din materiale rezistente, u\u0219ile de intrare sunt fiabile \u0219i durabile. Sunt u\u0219or de deschis \u0219i \u00eenchise sigur, iar 4 camere de aer \u0219i 2 circuite de etan\u0219are protejeaz\u0103 \u00eempotriva p\u0103trunderii aerului rece \u0219i ajut\u0103 la men\u021binerea unui microclimat ideal \u00een \u00eenc\u0103pere. Rehau ofer\u0103 profile \u00een diferite culori \u0219i nuan\u021be, inclusiv colec\u021bia WOODEC, care imit\u0103 textura lemnului. V\u0103 vom ajuta s\u0103 alege\u021bi u\u0219ile potrivite care se vor \u00eembina perfect cu ferestrele \u0219i fa\u021bada cl\u0103dirii.<\/p><\/div><\/div>\t\t<\/div>\n\t\t\t\t<\/div>\n\t\t\t\t\t<\/div>\n\t\t<\/div>\n\t\t\t\t<div class=\"elementor-column elementor-col-33 elementor-top-column elementor-element elementor-element-896d1f1\" data-id=\"896d1f1\" data-element_type=\"column\">\n\t\t\t<div class=\"elementor-column-wrap--896d1f1 elementor-widget-wrap elementor-element-populated\">\n\t\t\t\t\t\t\t\t<div class=\"elementor-element elementor-element-faf5a9b elementor-position-top elementor-vertical-align-top elementor-widget elementor-widget-image-box\" data-id=\"faf5a9b\" data-element_type=\"widget\" data-widget_type=\"image-box.default\">\n\t\t\t\t<div class=\"elementor-widget-container\">\n\t\t\t<div class=\"elementor-image-box-wrapper\"><figure class=\"elementor-image-box-img\"><a href=\"https:\/\/termopane.md\/katalog\/vhodnye-dveri\/dvernye-sistemy-80-mm\/\"><img decoding=\"async\" width=\"738\" height=\"566\" src=\"https:\/\/termopane.md\/wp-content\/uploads\/2022\/04\/vhodnye-dveri-rehau-80.jpg\" class=\"elementor-animation-shrink attachment-full size-full\" alt=\"\" \/><\/a><\/figure><div class=\"elementor-image-box-content\"><h1 class=\"elementor-image-box-title\"><a href=\"https:\/\/termopane.md\/katalog\/vhodnye-dveri\/dvernye-sistemy-80-mm\/\">Rehau 80<\/a><\/h1><p class=\"elementor-image-box-description\">Sistemul Rehau 80 actualizat va reduce semnificativ costurile pentru achitarea facturilor de \u00eenc\u0103lzire. Dac\u0103 u\u0219ile din aluminiu sau o\u021bel \u00eencep s\u0103 \u00eenghe\u021be, atunci profilele cu ad\u00e2ncimea de 80 mm vor p\u0103stra \u00een mod fiabil c\u0103ldura \u00een camer\u0103. Ad\u00e2ncimea sistemului v\u0103 permite s\u0103 instala\u021bi \u00een u\u0219i electrocasnice inteligente \u0219i electronice. Balamalele u\u0219ilor \u0219i furnitura special\u0103 rezist\u0103 la sarcini mai grele. \u00cen plus, pute\u021bi utiliza geamuri termopan rezistente la impact (p\u00e2n\u0103 la 50 mm). Acest lucru va spori protec\u021bia \u00eempotriva influen\u021belor externe. Astfel de u\u0219i sunt foarte populare \u00een vile \u0219i cabane.<\/p><\/div><\/div>\t\t<\/div>\n\t\t\t\t<\/div>\n\t\t\t\t\t<\/div>\n\t\t<\/div>\n\t\t\t\t\t\t\t<\/div>\n\t\t<\/section>\n\t\t\t\t\t\t\t<\/div>\n\t\t","protected":false},"excerpt":{"rendered":"<p>U\u0219ile de intrare nu sunt \u00een zadar numite semnul distinctiv al oric\u0103rei case sau birou. Ele trebuie s\u0103 fie moderne, elegante, frumoase \u0219i, \u00een acela\u0219i timp, s\u0103 protejeze \u00een mod fiabil spa\u021biile de spargeri \u0219i influen\u021be ale mediului. U\u0219ile de intrare de la Rehau \u00eendeplinesc toate cerin\u021bele \u0219i criteriile. Compania termopane.md ofer\u0103 u\u0219i de diferite [&hellip;]<\/p>\n","protected":false},"author":1,"featured_media":0,"parent":3053,"menu_order":0,"comment_status":"closed","ping_status":"closed","template":"","meta":{"_seopress_robots_primary_cat":"","_seopress_titles_title":"","_seopress_titles_desc":"","_seopress_robots_index":"","footnotes":""},"acf":[],"_links":{"self":[{"href":"https:\/\/termopane.md\/ro\/wp-json\/wp\/v2\/pages\/3062"}],"collection":[{"href":"https:\/\/termopane.md\/ro\/wp-json\/wp\/v2\/pages"}],"about":[{"href":"https:\/\/termopane.md\/ro\/wp-json\/wp\/v2\/types\/page"}],"author":[{"embeddable":true,"href":"https:\/\/termopane.md\/ro\/wp-json\/wp\/v2\/users\/1"}],"replies":[{"embeddable":true,"href":"https:\/\/termopane.md\/ro\/wp-json\/wp\/v2\/comments?post=3062"}],"version-history":[{"count":0,"href":"https:\/\/termopane.md\/ro\/wp-json\/wp\/v2\/pages\/3062\/revisions"}],"up":[{"embeddable":true,"href":"https:\/\/termopane.md\/ro\/wp-json\/wp\/v2\/pages\/3053"}],"wp:attachment":[{"href":"https:\/\/termopane.md\/ro\/wp-json\/wp\/v2\/media?parent=3062"}],"curies":[{"name":"wp","href":"https:\/\/api.w.org\/{rel}","templated":true}]}}