{"id":3078,"date":"2022-05-21T23:14:32","date_gmt":"2022-05-21T20:14:32","guid":{"rendered":"https:\/\/termopane.md\/?page_id=3078"},"modified":"2022-05-27T14:37:08","modified_gmt":"2022-05-27T11:37:08","slug":"rehau-euro-design-70","status":"publish","type":"page","link":"https:\/\/termopane.md\/ro\/produse\/ferestrele-rehau\/rehau-euro-design-70\/","title":{"rendered":"Rehau Euro-Design 70"},"content":{"rendered":"\t\t<div data-elementor-type=\"wp-post\" data-elementor-id=\"3078\" class=\"elementor elementor-3078 elementor-2581\">\n\t\t\t\t\t\t\t\t\t<section class=\"elementor-section elementor-top-section elementor-element elementor-element-32d9165 elementor-section-boxed elementor-section-gap-default elementor-section-height-default elementor-section-height-default\" data-id=\"32d9165\" data-element_type=\"section\">\n\t\t\t\t\t\t<div class=\"elementor-container elementor-column-gap-default\">\n\t\t\t\t\t<div class=\"elementor-column elementor-col-16 elementor-top-column elementor-element elementor-element-9febfe5\" data-id=\"9febfe5\" data-element_type=\"column\">\n\t\t\t<div class=\"elementor-column-wrap--9febfe5 elementor-widget-wrap\">\n\t\t\t\t\t\t\t\t\t<\/div>\n\t\t<\/div>\n\t\t\t\t<div class=\"elementor-column elementor-col-66 elementor-top-column elementor-element elementor-element-99789a6\" data-id=\"99789a6\" data-element_type=\"column\">\n\t\t\t<div class=\"elementor-column-wrap--99789a6 elementor-widget-wrap elementor-element-populated\">\n\t\t\t\t\t\t\t\t<div class=\"elementor-element elementor-element-7aaea80 elementor-widget elementor-widget-heading\" data-id=\"7aaea80\" data-element_type=\"widget\" data-widget_type=\"heading.default\">\n\t\t\t\t<div class=\"elementor-widget-container\">\n\t\t\t<style>\/*! elementor - v3.7.7 - 20-09-2022 *\/\n.elementor-heading-title{padding:0;margin:0;line-height:1}.elementor-widget-heading .elementor-heading-title[class*=elementor-size-]>a{color:inherit;font-size:inherit;line-height:inherit}.elementor-widget-heading .elementor-heading-title.elementor-size-small{font-size:15px}.elementor-widget-heading .elementor-heading-title.elementor-size-medium{font-size:19px}.elementor-widget-heading .elementor-heading-title.elementor-size-large{font-size:29px}.elementor-widget-heading .elementor-heading-title.elementor-size-xl{font-size:39px}.elementor-widget-heading .elementor-heading-title.elementor-size-xxl{font-size:59px}<\/style><h1 class=\"elementor-heading-title elementor-size-default\">Rehau Euro-Design 70<\/h1>\t\t<\/div>\n\t\t\t\t<\/div>\n\t\t\t\t<div class=\"elementor-element elementor-element-f37521f u-links-anim-ul elementor-widget elementor-widget-text-editor\" data-id=\"f37521f\" data-element_type=\"widget\" data-widget_type=\"text-editor.default\">\n\t\t\t\t<div class=\"elementor-widget-container\">\n\t\t\t<style>\/*! elementor - v3.7.7 - 20-09-2022 *\/\n.elementor-widget-text-editor.elementor-drop-cap-view-stacked .elementor-drop-cap{background-color:#818a91;color:#fff}.elementor-widget-text-editor.elementor-drop-cap-view-framed .elementor-drop-cap{color:#818a91;border:3px solid;background-color:transparent}.elementor-widget-text-editor:not(.elementor-drop-cap-view-default) .elementor-drop-cap{margin-top:8px}.elementor-widget-text-editor:not(.elementor-drop-cap-view-default) .elementor-drop-cap-letter{width:1em;height:1em}.elementor-widget-text-editor .elementor-drop-cap{float:left;text-align:center;line-height:1;font-size:50px}.elementor-widget-text-editor .elementor-drop-cap-letter{display:inline-block}<\/style>\t\t\t\tSistema Rehau Euro-Design 70 &#8211; ferestre frumoase \u0219i moderne, u\u0219i de balcon pentru toate gusturile. \t\t\t\t\t\t<\/div>\n\t\t\t\t<\/div>\n\t\t\t\t\t<\/div>\n\t\t<\/div>\n\t\t\t\t<div class=\"elementor-column elementor-col-16 elementor-top-column elementor-element elementor-element-8e066d1\" data-id=\"8e066d1\" data-element_type=\"column\">\n\t\t\t<div class=\"elementor-column-wrap--8e066d1 elementor-widget-wrap\">\n\t\t\t\t\t\t\t\t\t<\/div>\n\t\t<\/div>\n\t\t\t\t\t\t\t<\/div>\n\t\t<\/section>\n\t\t\t\t<section class=\"elementor-section elementor-top-section elementor-element elementor-element-7c60005 elementor-section-boxed elementor-section-gap-default elementor-section-height-default elementor-section-height-default\" data-id=\"7c60005\" data-element_type=\"section\">\n\t\t\t\t\t\t<div class=\"elementor-container elementor-column-gap-default\">\n\t\t\t\t\t<div class=\"elementor-column elementor-col-16 elementor-top-column elementor-element elementor-element-7b82f40\" data-id=\"7b82f40\" data-element_type=\"column\">\n\t\t\t<div class=\"elementor-column-wrap--7b82f40 elementor-widget-wrap\">\n\t\t\t\t\t\t\t\t\t<\/div>\n\t\t<\/div>\n\t\t\t\t<div class=\"elementor-column elementor-col-66 elementor-top-column elementor-element elementor-element-78b07af\" data-id=\"78b07af\" data-element_type=\"column\">\n\t\t\t<div class=\"elementor-column-wrap--78b07af elementor-widget-wrap elementor-element-populated\">\n\t\t\t\t\t\t\t\t<div class=\"elementor-element elementor-element-f3a09d5 elementor-widget elementor-widget-reycore-grid\" data-id=\"f3a09d5\" data-element_type=\"widget\" data-widget_type=\"reycore-grid.default\">\n\t\t\t\t<div class=\"elementor-widget-container\">\n\t\t\t<div class=\"rey-gridEl --images --type-normal --type-md-normal --type-sm-normal\" style=\"--total:2\">\n\t\t<div class=\"__items \">\n\t\t\t<div class=\"__item\"><div class=\"rey-card --brooklyn\"><a href=\"https:\/\/termopane.md\/wp-content\/uploads\/2022\/04\/slide-synego-2.jpg\" class=\"\" data-elementor-open-lightbox=\"yes\"><img decoding=\"async\" width=\"1024\" height=\"683\" src=\"https:\/\/termopane.md\/wp-content\/uploads\/2022\/04\/slide-synego-2-1024x683.jpg\" class=\"__media\" alt=\"\u0420\u0430\u0437\u0434\u0432\u0438\u0436\u043d\u044b\u0435 \u0441\u0438\u0441\u0442\u0435\u043c\u044b Rehau\" srcset=\"https:\/\/termopane.md\/wp-content\/uploads\/2022\/04\/slide-synego-2-1024x683.jpg 1024w, https:\/\/termopane.md\/wp-content\/uploads\/2022\/04\/slide-synego-2-300x200.jpg 300w, https:\/\/termopane.md\/wp-content\/uploads\/2022\/04\/slide-synego-2-768x512.jpg 768w, https:\/\/termopane.md\/wp-content\/uploads\/2022\/04\/slide-synego-2-1536x1024.jpg 1536w, https:\/\/termopane.md\/wp-content\/uploads\/2022\/04\/slide-synego-2.jpg 1920w\" sizes=\"(max-width: 1024px) 100vw, 1024px\" \/><\/a><div class=\"__overlay\"><\/div><\/div><\/div><div class=\"__item\"><div class=\"rey-card --brooklyn\"><a href=\"https:\/\/termopane.md\/wp-content\/uploads\/2022\/04\/rehau-euro-design-70-115mm.jpg\" class=\"\" data-elementor-open-lightbox=\"yes\"><img decoding=\"async\" width=\"600\" height=\"600\" src=\"https:\/\/termopane.md\/wp-content\/uploads\/2022\/04\/rehau-euro-design-70-115mm.jpg\" class=\"__media\" alt=\"\" srcset=\"https:\/\/termopane.md\/wp-content\/uploads\/2022\/04\/rehau-euro-design-70-115mm.jpg 600w, https:\/\/termopane.md\/wp-content\/uploads\/2022\/04\/rehau-euro-design-70-115mm-300x300.jpg 300w, https:\/\/termopane.md\/wp-content\/uploads\/2022\/04\/rehau-euro-design-70-115mm-150x150.jpg 150w\" sizes=\"(max-width: 600px) 100vw, 600px\" \/><\/a><div class=\"__overlay\"><\/div><\/div><\/div>\t\t<\/div>\n\t\t<\/div>\t\t<\/div>\n\t\t\t\t<\/div>\n\t\t\t\t\t<\/div>\n\t\t<\/div>\n\t\t\t\t<div class=\"elementor-column elementor-col-16 elementor-top-column elementor-element elementor-element-ee85c43\" data-id=\"ee85c43\" data-element_type=\"column\">\n\t\t\t<div class=\"elementor-column-wrap--ee85c43 elementor-widget-wrap\">\n\t\t\t\t\t\t\t\t\t<\/div>\n\t\t<\/div>\n\t\t\t\t\t\t\t<\/div>\n\t\t<\/section>\n\t\t\t\t<section class=\"elementor-section elementor-top-section elementor-element elementor-element-82e64fd elementor-section-boxed elementor-section-gap-default elementor-section-height-default elementor-section-height-default\" data-id=\"82e64fd\" data-element_type=\"section\">\n\t\t\t\t\t\t<div class=\"elementor-container elementor-column-gap-default\">\n\t\t\t\t\t<div class=\"elementor-column elementor-col-25 elementor-top-column elementor-element elementor-element-ff2093b\" data-id=\"ff2093b\" data-element_type=\"column\">\n\t\t\t<div class=\"elementor-column-wrap--ff2093b elementor-widget-wrap\">\n\t\t\t\t\t\t\t\t\t<\/div>\n\t\t<\/div>\n\t\t\t\t<div class=\"elementor-column elementor-col-25 elementor-top-column elementor-element elementor-element-05ad30f\" data-id=\"05ad30f\" data-element_type=\"column\">\n\t\t\t<div class=\"elementor-column-wrap--05ad30f elementor-widget-wrap elementor-element-populated\">\n\t\t\t\t\t\t\t\t<div class=\"elementor-element elementor-element-7925761 elementor-widget elementor-widget-heading\" data-id=\"7925761\" data-element_type=\"widget\" data-widget_type=\"heading.default\">\n\t\t\t\t<div class=\"elementor-widget-container\">\n\t\t\t<h2 class=\"elementor-heading-title elementor-size-default\">\nDescriere<\/h2>\t\t<\/div>\n\t\t\t\t<\/div>\n\t\t\t\t<div class=\"elementor-element elementor-element-7ad0212 u-links-anim-ul elementor-widget elementor-widget-text-editor\" data-id=\"7ad0212\" data-element_type=\"widget\" data-widget_type=\"text-editor.default\">\n\t\t\t\t<div class=\"elementor-widget-container\">\n\t\t\t\t\t\t\t<p>Cine a zis c\u0103 ferestrele din plastic trebuie s\u0103 fie numaidec\u00e2t de culoare alb\u0103? Pute\u021bi alege culoare \u0219i forma dup\u0103 placul dumneavoastr\u0103. Culorile alese pentru o fereastr\u0103 corect au proprietatea de a m\u0103ri vizual camera sau s\u0103 ofere fa\u021badei casei expresivitate.<\/p><p>Tehnologiile moderne ofer\u0103 posibilitatea de a realiza cele mai curajoase idei arhitecturale. Ferestrele PVC \u00een rame colorate pot fi de o singur\u0103 nuan\u021b\u0103 ( cafenii, sure, bej sau negre ) sau texturale ( spre exemplu sub stejar sau mahon ). Noi oferim clien\u021bilor no\u0219tri peste 40 de variante de decor \u0219i 220 de culori. Pe l\u00e2ng\u0103 toate acestea dumneavoastr\u0103 ave\u021bi posibilitatea s\u0103 comanda\u021bi ferestre \u0441\u043e \u0441\u0442\u0432\u043e\u0440\u043a\u043e\u0439 cu \u00een\u0103l\u021bime normal\u0103 ( 60 mm ) sau mic\u0219orat\u0103 ( 54 mm ).<\/p><p>Dac\u0103 mai devreme ferestrele erau instalate \u00een mare parte \u00een casele private sau \u00een conace, ast\u0103zi acest tip de ferestre poate fi \u00eent\u00e2lnit la cl\u0103dirile \u00eenalte ( c\u00e2t \u00een complexuri noi at\u00e2t \u0219i \u00een case vechi ).<\/p><p>Profilurile Euro-Design-70 sunt utilizate pentru fabricarea ferestrelor \u0219i u\u0219ilor de balcon. Acestea sunt selectate \u00een func\u021bie de culoarea acoperi\u0219ului, fa\u021badei cl\u0103dirii, mobilierului. \u00cen fiecare camer\u0103 pot fi instalate ferestre de diferite culori, astfel \u00eenc\u00e2t s\u0103 se potriveasc\u0103 cu interiorul. Astfel de ferestre \u0219i u\u0219i vor oferi un nivel optim de izolare termic\u0103 \u0219i v\u0103 vor face casa frumoas\u0103 \u0219i confortabil\u0103.<\/p><p>Profilele noastre nu au nevoie de vopsire suplimentar\u0103, nu-\u0219i pierde intensitatea culorii\/ conturului \u0219i sunt rezistente la schimb\u0103rile de temperatur\u0103 \u0219i umiditate. Toate materialele (inclusiv cele folosite pentru a crea structuri colorate) sunt ecologice \u0219i complet sigure pentru s\u0103n\u0103tate.<\/p>\t\t\t\t\t\t<\/div>\n\t\t\t\t<\/div>\n\t\t\t\t\t<\/div>\n\t\t<\/div>\n\t\t\t\t<div class=\"elementor-column elementor-col-25 elementor-top-column elementor-element elementor-element-88c7ebd\" data-id=\"88c7ebd\" data-element_type=\"column\">\n\t\t\t<div class=\"elementor-column-wrap--88c7ebd elementor-widget-wrap elementor-element-populated\">\n\t\t\t\t\t\t\t\t<div class=\"elementor-element elementor-element-c2b7c31 elementor-widget elementor-widget-heading\" data-id=\"c2b7c31\" data-element_type=\"widget\" data-widget_type=\"heading.default\">\n\t\t\t\t<div class=\"elementor-widget-container\">\n\t\t\t<h2 class=\"elementor-heading-title elementor-size-default\">Specifica\u021bii<\/h2>\t\t<\/div>\n\t\t\t\t<\/div>\n\t\t\t\t<div class=\"elementor-element elementor-element-380adc4 u-links-anim-ul elementor-widget elementor-widget-text-editor\" data-id=\"380adc4\" data-element_type=\"widget\" data-widget_type=\"text-editor.default\">\n\t\t\t\t<div class=\"elementor-widget-container\">\n\t\t\t\t\t\t\t<ul>\n<li>Structural \/ montaj \/ adancime 70 mm<\/li>\n<li>Numar de camere 5 camere<\/li>\n<li>Grosimea maxim\u0103 a sticlei de p\u00e2n\u0103 la 41 mm<\/li><li>Grosimea pachetului de profil (cadru + canapea) standard = 116 mm, conic = 110 mm<\/li><li>Te coeficient<\/li><li>transmisie* Uf = 1,3 W\/m\u00b2K<\/li><li>Coeficient de rezisten\u021b\u0103 la transferul de c\u0103ldur\u0103** Rf = 0,8 m\u00b2K\/W<\/li><li>Izolare fonic\u0103* p\u00e2n\u0103 la Rw,P = 43 dB<\/li><li>Rezistenta la efractie pana la clasa 2 conform ENV 1627<\/li><li>Clasa de permeabilitate la aer 4 conform EN 12207<\/li><li>Rezistent la ap\u0103 p\u00e2n\u0103 la clasa 9A conform EN 12208<\/li><li>Etan\u0219are EPDM \/ 2 circuite de etan\u0219are a fe\u021bei<\/li>\n<\/ul>\t\t\t\t\t\t<\/div>\n\t\t\t\t<\/div>\n\t\t\t\t\t<\/div>\n\t\t<\/div>\n\t\t\t\t<div class=\"elementor-column elementor-col-25 elementor-top-column elementor-element elementor-element-5a2a0cc\" data-id=\"5a2a0cc\" data-element_type=\"column\">\n\t\t\t<div class=\"elementor-column-wrap--5a2a0cc elementor-widget-wrap\">\n\t\t\t\t\t\t\t\t\t<\/div>\n\t\t<\/div>\n\t\t\t\t\t\t\t<\/div>\n\t\t<\/section>\n\t\t\t\t\t\t\t<\/div>\n\t\t","protected":false},"excerpt":{"rendered":"<p>Rehau Euro-Design 70 Sistema Rehau Euro-Design 70 &#8211; ferestre frumoase \u0219i moderne, u\u0219i de balcon pentru toate gusturile. Descriere Cine a zis c\u0103 ferestrele din plastic trebuie s\u0103 fie numaidec\u00e2t de culoare alb\u0103? Pute\u021bi alege culoare \u0219i forma dup\u0103 placul dumneavoastr\u0103. Culorile alese pentru o fereastr\u0103 corect au proprietatea de a m\u0103ri vizual camera sau [&hellip;]<\/p>\n","protected":false},"author":1,"featured_media":0,"parent":3071,"menu_order":0,"comment_status":"closed","ping_status":"closed","template":"","meta":{"_seopress_robots_primary_cat":"","_seopress_titles_title":"","_seopress_titles_desc":"","_seopress_robots_index":"","footnotes":""},"acf":[],"_links":{"self":[{"href":"https:\/\/termopane.md\/ro\/wp-json\/wp\/v2\/pages\/3078"}],"collection":[{"href":"https:\/\/termopane.md\/ro\/wp-json\/wp\/v2\/pages"}],"about":[{"href":"https:\/\/termopane.md\/ro\/wp-json\/wp\/v2\/types\/page"}],"author":[{"embeddable":true,"href":"https:\/\/termopane.md\/ro\/wp-json\/wp\/v2\/users\/1"}],"replies":[{"embeddable":true,"href":"https:\/\/termopane.md\/ro\/wp-json\/wp\/v2\/comments?post=3078"}],"version-history":[{"count":0,"href":"https:\/\/termopane.md\/ro\/wp-json\/wp\/v2\/pages\/3078\/revisions"}],"up":[{"embeddable":true,"href":"https:\/\/termopane.md\/ro\/wp-json\/wp\/v2\/pages\/3071"}],"wp:attachment":[{"href":"https:\/\/termopane.md\/ro\/wp-json\/wp\/v2\/media?parent=3078"}],"curies":[{"name":"wp","href":"https:\/\/api.w.org\/{rel}","templated":true}]}}