{"id":3088,"date":"2022-05-21T23:20:47","date_gmt":"2022-05-21T20:20:47","guid":{"rendered":"https:\/\/termopane.md\/?page_id=3088"},"modified":"2022-05-27T14:39:12","modified_gmt":"2022-05-27T11:39:12","slug":"rehau-synego-80","status":"publish","type":"page","link":"https:\/\/termopane.md\/ro\/produse\/ferestrele-rehau\/rehau-synego-80\/","title":{"rendered":"Rehau Synego 80"},"content":{"rendered":"\t\t<div data-elementor-type=\"wp-post\" data-elementor-id=\"3088\" class=\"elementor elementor-3088 elementor-2388\">\n\t\t\t\t\t\t\t\t\t<section class=\"elementor-section elementor-top-section elementor-element elementor-element-27c1bab2 elementor-section-boxed elementor-section-gap-default elementor-section-height-default elementor-section-height-default\" data-id=\"27c1bab2\" data-element_type=\"section\">\n\t\t\t\t\t\t<div class=\"elementor-container elementor-column-gap-default\">\n\t\t\t\t\t<div class=\"elementor-column elementor-col-16 elementor-top-column elementor-element elementor-element-4e63710a\" data-id=\"4e63710a\" data-element_type=\"column\">\n\t\t\t<div class=\"elementor-column-wrap--4e63710a elementor-widget-wrap\">\n\t\t\t\t\t\t\t\t\t<\/div>\n\t\t<\/div>\n\t\t\t\t<div class=\"elementor-column elementor-col-66 elementor-top-column elementor-element elementor-element-310f91cc\" data-id=\"310f91cc\" data-element_type=\"column\">\n\t\t\t<div class=\"elementor-column-wrap--310f91cc elementor-widget-wrap elementor-element-populated\">\n\t\t\t\t\t\t\t\t<div class=\"elementor-element elementor-element-8cb277 elementor-widget elementor-widget-heading\" data-id=\"8cb277\" data-element_type=\"widget\" data-widget_type=\"heading.default\">\n\t\t\t\t<div class=\"elementor-widget-container\">\n\t\t\t<style>\/*! elementor - v3.7.7 - 20-09-2022 *\/\n.elementor-heading-title{padding:0;margin:0;line-height:1}.elementor-widget-heading .elementor-heading-title[class*=elementor-size-]>a{color:inherit;font-size:inherit;line-height:inherit}.elementor-widget-heading .elementor-heading-title.elementor-size-small{font-size:15px}.elementor-widget-heading .elementor-heading-title.elementor-size-medium{font-size:19px}.elementor-widget-heading .elementor-heading-title.elementor-size-large{font-size:29px}.elementor-widget-heading .elementor-heading-title.elementor-size-xl{font-size:39px}.elementor-widget-heading .elementor-heading-title.elementor-size-xxl{font-size:59px}<\/style><h1 class=\"elementor-heading-title elementor-size-default\">Rehau Synego 80<\/h1>\t\t<\/div>\n\t\t\t\t<\/div>\n\t\t\t\t<div class=\"elementor-element elementor-element-7e11c16a u-links-anim-ul elementor-widget elementor-widget-text-editor\" data-id=\"7e11c16a\" data-element_type=\"widget\" data-widget_type=\"text-editor.default\">\n\t\t\t\t<div class=\"elementor-widget-container\">\n\t\t\t<style>\/*! elementor - v3.7.7 - 20-09-2022 *\/\n.elementor-widget-text-editor.elementor-drop-cap-view-stacked .elementor-drop-cap{background-color:#818a91;color:#fff}.elementor-widget-text-editor.elementor-drop-cap-view-framed .elementor-drop-cap{color:#818a91;border:3px solid;background-color:transparent}.elementor-widget-text-editor:not(.elementor-drop-cap-view-default) .elementor-drop-cap{margin-top:8px}.elementor-widget-text-editor:not(.elementor-drop-cap-view-default) .elementor-drop-cap-letter{width:1em;height:1em}.elementor-widget-text-editor .elementor-drop-cap{float:left;text-align:center;line-height:1;font-size:50px}.elementor-widget-text-editor .elementor-drop-cap-letter{display:inline-block}<\/style>\t\t\t\t,,Casa mea &#8211; cetatea mea\u201d. Aceast\u0103 expresie a fost auzit\u0103 de majoritatea din noi. Casa este acel loc unde e cald, lini\u0219tit \u0219i sigur. Din p\u0103cate, din cauza sistemelor necalitative sau vechi a ferestrelor toat\u0103 str\u0103duin\u021ba de a crea o atmosfer\u0103 pl\u0103cut\u0103 \u00een cas\u0103 poate a da gre\u0219. Acest tip de ferestre o s\u0103 permit\u0103 p\u0103trunderea prafului \u0219i g\u0103l\u0103giei din exterior nereu\u0219ind s\u0103 men\u021bin\u0103 c\u0103ldura \u00een cas\u0103. Sunete din afara casei o s\u0103 \u00eencurce odihnei, iar crearea curentului constant \u0219i aburirii pot \u00eenfuria chiar \u0219i cea mai echilibrat\u0103 persoan\u0103. De ce ave\u021bi nevoie de acest stres \u0219i de cheltuieli suplimentare pentru achitarea \u00eenc\u0103lzirii? Ferestrele Rehau sunt pentru cei care pre\u021buiesc confortul \u0219i au grij\u0103 de s\u0103n\u0103tatea lor.\t\t\t\t\t\t<\/div>\n\t\t\t\t<\/div>\n\t\t\t\t\t<\/div>\n\t\t<\/div>\n\t\t\t\t<div class=\"elementor-column elementor-col-16 elementor-top-column elementor-element elementor-element-3780643b\" data-id=\"3780643b\" data-element_type=\"column\">\n\t\t\t<div class=\"elementor-column-wrap--3780643b elementor-widget-wrap\">\n\t\t\t\t\t\t\t\t\t<\/div>\n\t\t<\/div>\n\t\t\t\t\t\t\t<\/div>\n\t\t<\/section>\n\t\t\t\t<section class=\"elementor-section elementor-top-section elementor-element elementor-element-244b4ba3 elementor-section-boxed elementor-section-gap-default elementor-section-height-default elementor-section-height-default\" data-id=\"244b4ba3\" data-element_type=\"section\">\n\t\t\t\t\t\t<div class=\"elementor-container elementor-column-gap-default\">\n\t\t\t\t\t<div class=\"elementor-column elementor-col-16 elementor-top-column elementor-element elementor-element-41ac178a\" data-id=\"41ac178a\" data-element_type=\"column\">\n\t\t\t<div class=\"elementor-column-wrap--41ac178a elementor-widget-wrap\">\n\t\t\t\t\t\t\t\t\t<\/div>\n\t\t<\/div>\n\t\t\t\t<div class=\"elementor-column elementor-col-66 elementor-top-column elementor-element elementor-element-1c5752d6\" data-id=\"1c5752d6\" data-element_type=\"column\">\n\t\t\t<div class=\"elementor-column-wrap--1c5752d6 elementor-widget-wrap elementor-element-populated\">\n\t\t\t\t\t\t\t\t<div class=\"elementor-element elementor-element-18d011e5 elementor-widget elementor-widget-reycore-grid\" data-id=\"18d011e5\" data-element_type=\"widget\" data-widget_type=\"reycore-grid.default\">\n\t\t\t\t<div class=\"elementor-widget-container\">\n\t\t\t<div class=\"rey-gridEl --images --type-normal --type-md-normal --type-sm-normal\" style=\"--total:2\">\n\t\t<div class=\"__items \">\n\t\t\t<div class=\"__item\"><div class=\"rey-card --brooklyn\"><a href=\"https:\/\/termopane.md\/wp-content\/uploads\/2022\/04\/slide-synego-2.jpg\" class=\"\" data-elementor-open-lightbox=\"yes\"><img decoding=\"async\" width=\"1024\" height=\"683\" src=\"https:\/\/termopane.md\/wp-content\/uploads\/2022\/04\/slide-synego-2-1024x683.jpg\" class=\"__media\" alt=\"\u0420\u0430\u0437\u0434\u0432\u0438\u0436\u043d\u044b\u0435 \u0441\u0438\u0441\u0442\u0435\u043c\u044b Rehau\" srcset=\"https:\/\/termopane.md\/wp-content\/uploads\/2022\/04\/slide-synego-2-1024x683.jpg 1024w, https:\/\/termopane.md\/wp-content\/uploads\/2022\/04\/slide-synego-2-300x200.jpg 300w, https:\/\/termopane.md\/wp-content\/uploads\/2022\/04\/slide-synego-2-768x512.jpg 768w, https:\/\/termopane.md\/wp-content\/uploads\/2022\/04\/slide-synego-2-1536x1024.jpg 1536w, https:\/\/termopane.md\/wp-content\/uploads\/2022\/04\/slide-synego-2.jpg 1920w\" sizes=\"(max-width: 1024px) 100vw, 1024px\" \/><\/a><div class=\"__overlay\"><\/div><\/div><\/div><div class=\"__item\"><div class=\"rey-card --brooklyn\"><a href=\"https:\/\/termopane.md\/wp-content\/uploads\/2022\/04\/Synego-80.jpg\" class=\"\" data-elementor-open-lightbox=\"yes\"><img decoding=\"async\" width=\"1024\" height=\"768\" src=\"https:\/\/termopane.md\/wp-content\/uploads\/2022\/04\/Synego-80-1024x768.jpg\" class=\"__media\" alt=\"\u043e\u043a\u043d\u0430 Rehau\" srcset=\"https:\/\/termopane.md\/wp-content\/uploads\/2022\/04\/Synego-80-1024x768.jpg 1024w, https:\/\/termopane.md\/wp-content\/uploads\/2022\/04\/Synego-80-300x225.jpg 300w, https:\/\/termopane.md\/wp-content\/uploads\/2022\/04\/Synego-80-768x576.jpg 768w, https:\/\/termopane.md\/wp-content\/uploads\/2022\/04\/Synego-80.jpg 1500w\" sizes=\"(max-width: 1024px) 100vw, 1024px\" \/><\/a><div class=\"__overlay\"><\/div><\/div><\/div>\t\t<\/div>\n\t\t<\/div>\t\t<\/div>\n\t\t\t\t<\/div>\n\t\t\t\t\t<\/div>\n\t\t<\/div>\n\t\t\t\t<div class=\"elementor-column elementor-col-16 elementor-top-column elementor-element elementor-element-53a858ec\" data-id=\"53a858ec\" data-element_type=\"column\">\n\t\t\t<div class=\"elementor-column-wrap--53a858ec elementor-widget-wrap\">\n\t\t\t\t\t\t\t\t\t<\/div>\n\t\t<\/div>\n\t\t\t\t\t\t\t<\/div>\n\t\t<\/section>\n\t\t\t\t<section class=\"elementor-section elementor-top-section elementor-element elementor-element-3117b0fb elementor-section-boxed elementor-section-gap-default elementor-section-height-default elementor-section-height-default\" data-id=\"3117b0fb\" data-element_type=\"section\">\n\t\t\t\t\t\t<div class=\"elementor-container elementor-column-gap-default\">\n\t\t\t\t\t<div class=\"elementor-column elementor-col-25 elementor-top-column elementor-element elementor-element-295f84a5\" data-id=\"295f84a5\" data-element_type=\"column\">\n\t\t\t<div class=\"elementor-column-wrap--295f84a5 elementor-widget-wrap\">\n\t\t\t\t\t\t\t\t\t<\/div>\n\t\t<\/div>\n\t\t\t\t<div class=\"elementor-column elementor-col-25 elementor-top-column elementor-element elementor-element-534a5091\" data-id=\"534a5091\" data-element_type=\"column\">\n\t\t\t<div class=\"elementor-column-wrap--534a5091 elementor-widget-wrap elementor-element-populated\">\n\t\t\t\t\t\t\t\t<div class=\"elementor-element elementor-element-2e1c80bf elementor-widget elementor-widget-heading\" data-id=\"2e1c80bf\" data-element_type=\"widget\" data-widget_type=\"heading.default\">\n\t\t\t\t<div class=\"elementor-widget-container\">\n\t\t\t<h2 class=\"elementor-heading-title elementor-size-default\">Descriere<\/h2>\t\t<\/div>\n\t\t\t\t<\/div>\n\t\t\t\t<div class=\"elementor-element elementor-element-bfdc6dc u-links-anim-ul elementor-widget elementor-widget-text-editor\" data-id=\"bfdc6dc\" data-element_type=\"widget\" data-widget_type=\"text-editor.default\">\n\t\t\t\t<div class=\"elementor-widget-container\">\n\t\t\t\t\t\t\t<p>Rehau Synego 80 &#8211; are o izolare termic\u0103 perfect\u0103 ( aceast\u0103 sistem\u0103 con\u021bine o structur\u0103 de cadru cu 7 camere \u0219i o structur\u0103 de cercevele cu 6 camere ), protec\u021bie \u00eempotriva umezelii \u0219i a curen\u021bilor de aer. Nu o s\u0103 ave\u021bi nevoie de \u00eenc\u0103lzire suplimentar\u0103 a spa\u021biului sau utilizarea a unui condi\u021bioner. Cu alte cuvinte, nu o s\u0103 v\u0103 fie fric\u0103 nici de iernile friguroase \u0219i nici de verile c\u0103lduroase. <\/p>\n<p>Strig\u0103te, claxon\u0103rile ma\u0219inilor \u0219i alte sunete din exteriorul casei regulat v\u0103 sustrag \u0219i v\u0103 \u00eencurc\u0103 procesul de relaxare \u0219i nu v\u0103 permite concentrarea asupra lucrului \u00een propria cas\u0103? Cu noile ferestre dumneavoastr\u0103 o s\u0103 uita\u021bi pentru totdeauna de aceste probleme, ele pur \u0219i simplu o s\u0103 aprind\u0103 regimul silen\u021bios la g\u0103l\u0103gie. Dup\u0103 c\u00e2te vede\u021bi sistema Rehau Synego 80 economise\u0219te nu doar banii dumneavoastr\u0103, dar \u0219i v\u0103 salveaz\u0103 sistemul nervos.<\/p>\n<p>Comanda poate fi realizat\u0103 \u00een Republica Moldova la compania termopane.md. Speciali\u0219tii no\u0219tri o s\u0103 v\u0103 r\u0103spund\u0103 la orice \u00eentrebare \u0219i o s\u0103 v\u0103 ajute s\u0103 alege\u021bi ferestrele potrivite pentru apartamentul, casa, cabana sau biroul dumneavoastr\u0103.<\/p>\t\t\t\t\t\t<\/div>\n\t\t\t\t<\/div>\n\t\t\t\t\t<\/div>\n\t\t<\/div>\n\t\t\t\t<div class=\"elementor-column elementor-col-25 elementor-top-column elementor-element elementor-element-696f8453\" data-id=\"696f8453\" data-element_type=\"column\">\n\t\t\t<div class=\"elementor-column-wrap--696f8453 elementor-widget-wrap elementor-element-populated\">\n\t\t\t\t\t\t\t\t<div class=\"elementor-element elementor-element-79035c69 elementor-widget elementor-widget-heading\" data-id=\"79035c69\" data-element_type=\"widget\" data-widget_type=\"heading.default\">\n\t\t\t\t<div class=\"elementor-widget-container\">\n\t\t\t<h2 class=\"elementor-heading-title elementor-size-default\">Specifica\u021bii<\/h2>\t\t<\/div>\n\t\t\t\t<\/div>\n\t\t\t\t<div class=\"elementor-element elementor-element-51be8ee u-links-anim-ul elementor-widget elementor-widget-text-editor\" data-id=\"51be8ee\" data-element_type=\"widget\" data-widget_type=\"text-editor.default\">\n\t\t\t\t<div class=\"elementor-widget-container\">\n\t\t\t\t\t\t\t<ul><li>Ad\u00e2ncime de montare: 80 mm<\/li><li>Num\u0103r de camere: cadru 7 camere, canapea 6 camere<\/li><li>Grosimea maxim\u0103 a sticlei: p\u00e2n\u0103 la 51 mm<\/li><li>Coeficient de transfer termic* cu 2 circuite de etan\u0219are (SYNEGO AD): Uf = 1,0 W\/m\u00b2K cu 3 circuite de etan\u0219are (SYNEGO MD): Uf = 0,94 W\/m\u00b2K<\/li><li>Coeficient de transfer termic** cu 2 circuite de etan\u0219are (SYNEGO AD): Rf = 1,0 m\u00b2K\/W cu 3 circuite de etan\u0219are (SYNEGO MD): Rf = 1,06 m\u00b2K\/W<\/li><li>Izola\u021bie fonic\u0103*: p\u00e2n\u0103 la Rw,P = 46 dB<\/li><li>Rezistenta la efractie: pana la clasa RC3<\/li><li>Respirabilitate: clasa 4 conform EN 12207<\/li><li>Rezistent la ap\u0103: p\u00e2n\u0103 la clasa 9A conform EN 12208<\/li><li>Sigiliu: RAU-PREN<\/li><li>Num\u0103r de circuite: 2 (AD) \/ 3 (MD)<\/li><\/ul>\t\t\t\t\t\t<\/div>\n\t\t\t\t<\/div>\n\t\t\t\t\t<\/div>\n\t\t<\/div>\n\t\t\t\t<div class=\"elementor-column elementor-col-25 elementor-top-column elementor-element elementor-element-577412e4\" data-id=\"577412e4\" data-element_type=\"column\">\n\t\t\t<div class=\"elementor-column-wrap--577412e4 elementor-widget-wrap\">\n\t\t\t\t\t\t\t\t\t<\/div>\n\t\t<\/div>\n\t\t\t\t\t\t\t<\/div>\n\t\t<\/section>\n\t\t\t\t\t\t\t<\/div>\n\t\t","protected":false},"excerpt":{"rendered":"<p>Rehau Synego 80 ,,Casa mea &#8211; cetatea mea\u201d. Aceast\u0103 expresie a fost auzit\u0103 de majoritatea din noi. Casa este acel loc unde e cald, lini\u0219tit \u0219i sigur. Din p\u0103cate, din cauza sistemelor necalitative sau vechi a ferestrelor toat\u0103 str\u0103duin\u021ba de a crea o atmosfer\u0103 pl\u0103cut\u0103 \u00een cas\u0103 poate a da gre\u0219. Acest tip de ferestre [&hellip;]<\/p>\n","protected":false},"author":1,"featured_media":0,"parent":3071,"menu_order":0,"comment_status":"closed","ping_status":"closed","template":"","meta":{"_seopress_robots_primary_cat":"","_seopress_titles_title":"","_seopress_titles_desc":"","_seopress_robots_index":"","footnotes":""},"acf":[],"_links":{"self":[{"href":"https:\/\/termopane.md\/ro\/wp-json\/wp\/v2\/pages\/3088"}],"collection":[{"href":"https:\/\/termopane.md\/ro\/wp-json\/wp\/v2\/pages"}],"about":[{"href":"https:\/\/termopane.md\/ro\/wp-json\/wp\/v2\/types\/page"}],"author":[{"embeddable":true,"href":"https:\/\/termopane.md\/ro\/wp-json\/wp\/v2\/users\/1"}],"replies":[{"embeddable":true,"href":"https:\/\/termopane.md\/ro\/wp-json\/wp\/v2\/comments?post=3088"}],"version-history":[{"count":0,"href":"https:\/\/termopane.md\/ro\/wp-json\/wp\/v2\/pages\/3088\/revisions"}],"up":[{"embeddable":true,"href":"https:\/\/termopane.md\/ro\/wp-json\/wp\/v2\/pages\/3071"}],"wp:attachment":[{"href":"https:\/\/termopane.md\/ro\/wp-json\/wp\/v2\/media?parent=3088"}],"curies":[{"name":"wp","href":"https:\/\/api.w.org\/{rel}","templated":true}]}}