{"id":3105,"date":"2022-05-21T23:28:12","date_gmt":"2022-05-21T20:28:12","guid":{"rendered":"https:\/\/termopane.md\/?page_id=3105"},"modified":"2022-05-21T23:46:33","modified_gmt":"2022-05-21T20:46:33","slug":"sistemele-glisante","status":"publish","type":"page","link":"https:\/\/termopane.md\/ro\/produse\/sistemele-glisante\/","title":{"rendered":"Sistemele glisante"},"content":{"rendered":"\t\t<div data-elementor-type=\"wp-post\" data-elementor-id=\"3105\" class=\"elementor elementor-3105 elementor-1633\">\n\t\t\t\t\t\t\t\t\t<section class=\"elementor-section elementor-top-section elementor-element elementor-element-32d9165 elementor-section-boxed elementor-section-gap-default elementor-section-height-default elementor-section-height-default\" data-id=\"32d9165\" data-element_type=\"section\">\n\t\t\t\t\t\t<div class=\"elementor-container elementor-column-gap-default\">\n\t\t\t\t\t<div class=\"elementor-column elementor-col-16 elementor-top-column elementor-element elementor-element-9febfe5\" data-id=\"9febfe5\" data-element_type=\"column\">\n\t\t\t<div class=\"elementor-column-wrap--9febfe5 elementor-widget-wrap\">\n\t\t\t\t\t\t\t\t\t<\/div>\n\t\t<\/div>\n\t\t\t\t<div class=\"elementor-column elementor-col-66 elementor-top-column elementor-element elementor-element-99789a6\" data-id=\"99789a6\" data-element_type=\"column\">\n\t\t\t<div class=\"elementor-column-wrap--99789a6 elementor-widget-wrap elementor-element-populated\">\n\t\t\t\t\t\t\t\t<div class=\"elementor-element elementor-element-f37521f u-links-anim-ul elementor-widget elementor-widget-text-editor\" data-id=\"f37521f\" data-element_type=\"widget\" data-widget_type=\"text-editor.default\">\n\t\t\t\t<div class=\"elementor-widget-container\">\n\t\t\t<style>\/*! elementor - v3.7.7 - 20-09-2022 *\/\n.elementor-widget-text-editor.elementor-drop-cap-view-stacked .elementor-drop-cap{background-color:#818a91;color:#fff}.elementor-widget-text-editor.elementor-drop-cap-view-framed .elementor-drop-cap{color:#818a91;border:3px solid;background-color:transparent}.elementor-widget-text-editor:not(.elementor-drop-cap-view-default) .elementor-drop-cap{margin-top:8px}.elementor-widget-text-editor:not(.elementor-drop-cap-view-default) .elementor-drop-cap-letter{width:1em;height:1em}.elementor-widget-text-editor .elementor-drop-cap{float:left;text-align:center;line-height:1;font-size:50px}.elementor-widget-text-editor .elementor-drop-cap-letter{display:inline-block}<\/style>\t\t\t\tSistemele de glisare Rehau se vor potrivi organic \u00een orice interior. Este frumos, elegant, confortabil \u0219i de \u00eencredere. Construc\u021biile noastre au un sistem u\u0219or de deschidere \u0219i \u00eenchidere, sunt rezistente la schimb\u0103rile de temperatur\u0103 \u0219i protejeaz\u0103 bine casa sau biroul de spargeri. Sunt puternice, u\u0219oare \u0219i sigure. Toate detaliile sunt realizate din materiale de \u00eenalt\u0103 calitate, inofensive pentru s\u0103n\u0103tate. \u00cen plus, acest sistem poate fi u\u0219or automatizat. Suntem responsabili fa\u021b\u0103 de clien\u021bii no\u0219tri \u0219i garant\u0103m durat\u0103 lung\u0103 de via\u021b\u0103 a u\u0219ilor \u0219i a ferestrelor glisante Rehau.\t\t\t\t\t\t<\/div>\n\t\t\t\t<\/div>\n\t\t\t\t\t<\/div>\n\t\t<\/div>\n\t\t\t\t<div class=\"elementor-column elementor-col-16 elementor-top-column elementor-element elementor-element-8e066d1\" data-id=\"8e066d1\" data-element_type=\"column\">\n\t\t\t<div class=\"elementor-column-wrap--8e066d1 elementor-widget-wrap\">\n\t\t\t\t\t\t\t\t\t<\/div>\n\t\t<\/div>\n\t\t\t\t\t\t\t<\/div>\n\t\t<\/section>\n\t\t\t\t<section class=\"elementor-section elementor-top-section elementor-element elementor-element-34c5f9c elementor-section-boxed elementor-section-gap-default elementor-section-height-default elementor-section-height-default\" data-id=\"34c5f9c\" data-element_type=\"section\">\n\t\t\t\t\t\t<div class=\"elementor-container elementor-column-gap-default\">\n\t\t\t\t\t<div class=\"elementor-column elementor-col-33 elementor-top-column elementor-element elementor-element-8fe6f79\" data-id=\"8fe6f79\" data-element_type=\"column\">\n\t\t\t<div class=\"elementor-column-wrap--8fe6f79 elementor-widget-wrap elementor-element-populated\">\n\t\t\t\t\t\t\t\t<div class=\"elementor-element elementor-element-969b5e0 elementor-position-top elementor-vertical-align-top elementor-widget elementor-widget-image-box\" data-id=\"969b5e0\" data-element_type=\"widget\" data-widget_type=\"image-box.default\">\n\t\t\t\t<div class=\"elementor-widget-container\">\n\t\t\t<style>\/*! elementor - v3.7.7 - 20-09-2022 *\/\n.elementor-widget-image-box .elementor-image-box-content{width:100%}@media (min-width:768px){.elementor-widget-image-box.elementor-position-left .elementor-image-box-wrapper,.elementor-widget-image-box.elementor-position-right .elementor-image-box-wrapper{display:-webkit-box;display:-ms-flexbox;display:flex}.elementor-widget-image-box.elementor-position-right .elementor-image-box-wrapper{text-align:right;-webkit-box-orient:horizontal;-webkit-box-direction:reverse;-ms-flex-direction:row-reverse;flex-direction:row-reverse}.elementor-widget-image-box.elementor-position-left .elementor-image-box-wrapper{text-align:left;-webkit-box-orient:horizontal;-webkit-box-direction:normal;-ms-flex-direction:row;flex-direction:row}.elementor-widget-image-box.elementor-position-top .elementor-image-box-img{margin:auto}.elementor-widget-image-box.elementor-vertical-align-top .elementor-image-box-wrapper{-webkit-box-align:start;-ms-flex-align:start;align-items:flex-start}.elementor-widget-image-box.elementor-vertical-align-middle .elementor-image-box-wrapper{-webkit-box-align:center;-ms-flex-align:center;align-items:center}.elementor-widget-image-box.elementor-vertical-align-bottom .elementor-image-box-wrapper{-webkit-box-align:end;-ms-flex-align:end;align-items:flex-end}}@media (max-width:767px){.elementor-widget-image-box .elementor-image-box-img{margin-left:auto!important;margin-right:auto!important;margin-bottom:15px}}.elementor-widget-image-box .elementor-image-box-img{display:inline-block}.elementor-widget-image-box .elementor-image-box-title a{color:inherit}.elementor-widget-image-box .elementor-image-box-wrapper{text-align:center}.elementor-widget-image-box .elementor-image-box-description{margin:0}<\/style><div class=\"elementor-image-box-wrapper\"><figure class=\"elementor-image-box-img\"><a href=\"https:\/\/termopane.md\/katalog\/razdvizhnye-sistemy\/slide-synego\/\"><img decoding=\"async\" width=\"738\" height=\"566\" src=\"https:\/\/termopane.md\/wp-content\/uploads\/2022\/04\/razdvizhnye-sistemy-slide-synego.jpg\" class=\"elementor-animation-shrink attachment-full size-full\" alt=\"\" \/><\/a><\/figure><div class=\"elementor-image-box-content\"><h1 class=\"elementor-image-box-title\"><a href=\"https:\/\/termopane.md\/katalog\/razdvizhnye-sistemy\/slide-synego\/\">Slide Synego<\/a><\/h1><p class=\"elementor-image-box-description\">C\u0103uta\u021bi un sistem de culisare moderne \u0219i de \u00eencredere? \u00cen cazul \u00een care ave\u021bi u\u0219i incomode \u00een utilizare sau care se \u00eenchid lejer v\u0103 creaz\u0103 disconfort sistemul de profil Rehau Synego Slide v\u0103 surprinde pl\u0103cut. \u0421\u0442\u0432\u043e\u0440\u043a\u0438 se deschid foarte u\u0219or, iar construc\u021bia \u00een sine este ermetic\u0103 asigur\u00e2nd o bun\u0103 hidro, aero \u0219i termo izolare. La deschidere \u0441\u0442\u0432\u043e\u0440\u043a\u0430 nu intr\u0103 \u00een camer\u0103 \u0219i nu ocup\u0103 spa\u021biu suplimentar. Un astfel de sistem este potrivit at\u00e2t pentru u\u0219ile panoramice mari, c\u00e2t \u0219i pentru structurile \u00een format de ferestre. \n<\/p><\/div><\/div>\t\t<\/div>\n\t\t\t\t<\/div>\n\t\t\t\t\t<\/div>\n\t\t<\/div>\n\t\t\t\t<div class=\"elementor-column elementor-col-33 elementor-top-column elementor-element elementor-element-882da66\" data-id=\"882da66\" data-element_type=\"column\">\n\t\t\t<div class=\"elementor-column-wrap--882da66 elementor-widget-wrap elementor-element-populated\">\n\t\t\t\t\t\t\t\t<div class=\"elementor-element elementor-element-edff08b elementor-position-top elementor-vertical-align-top elementor-widget elementor-widget-image-box\" data-id=\"edff08b\" data-element_type=\"widget\" data-widget_type=\"image-box.default\">\n\t\t\t\t<div class=\"elementor-widget-container\">\n\t\t\t<div class=\"elementor-image-box-wrapper\"><figure class=\"elementor-image-box-img\"><a href=\"https:\/\/termopane.md\/katalog\/razdvizhnye-sistemy\/hst-synego\/\"><img decoding=\"async\" width=\"738\" height=\"566\" src=\"https:\/\/termopane.md\/wp-content\/uploads\/2022\/04\/razdvizhnye-sistemy-hst-synego.jpg\" class=\"elementor-animation-shrink attachment-full size-full\" alt=\"\u043e\u043a\u043d\u0430 Rehau\" \/><\/a><\/figure><div class=\"elementor-image-box-content\"><h1 class=\"elementor-image-box-title\"><a href=\"https:\/\/termopane.md\/katalog\/razdvizhnye-sistemy\/hst-synego\/\">HST Synego<\/a><\/h1><p class=\"elementor-image-box-description\">Vrei ca \u00een casa ta s\u0103 fie cald \u0219i luminos? Sistemul de profile Rehau Synego HST va economisi p\u00e2n\u0103 la 50% din energia termic\u0103 \u0219i va reduce semnificativ costul pl\u0103\u021bii facturilor de \u00eenc\u0103lzire. Aceast\u0103 construc\u021bie func\u021bioneaz\u0103 dup\u0103 principiul unui dulap glisant: \u0441\u0442\u0432\u043e\u0440\u043a\u0438 se ridic\u0103 \u0219i se mi\u0219c\u0103 liber pe role \u00een direc\u021bia deschiderii sau \u00eenchiderii. Sistemul de glisare HST faciliteaz\u0103 aerisirea \u00eenc\u0103perii: pur \u0219i simplu fixa\u021bi partea de deschidere a u\u0219ii la distan\u021ba necesar\u0103. Profilele Rehau HST sunt utilizate at\u00e2t \u00een cl\u0103diri private, c\u00e2t \u0219i \u00een cele cu apartamente.\n<\/p><\/div><\/div>\t\t<\/div>\n\t\t\t\t<\/div>\n\t\t\t\t\t<\/div>\n\t\t<\/div>\n\t\t\t\t<div class=\"elementor-column elementor-col-33 elementor-top-column elementor-element elementor-element-896d1f1\" data-id=\"896d1f1\" data-element_type=\"column\">\n\t\t\t<div class=\"elementor-column-wrap--896d1f1 elementor-widget-wrap elementor-element-populated\">\n\t\t\t\t\t\t\t\t<div class=\"elementor-element elementor-element-faf5a9b elementor-position-top elementor-vertical-align-top elementor-widget elementor-widget-image-box\" data-id=\"faf5a9b\" data-element_type=\"widget\" data-widget_type=\"image-box.default\">\n\t\t\t\t<div class=\"elementor-widget-container\">\n\t\t\t<div class=\"elementor-image-box-wrapper\"><figure class=\"elementor-image-box-img\"><a href=\"https:\/\/termopane.md\/katalog\/razdvizhnye-sistemy\/hst-geneo\/\"><img decoding=\"async\" width=\"738\" height=\"566\" src=\"https:\/\/termopane.md\/wp-content\/uploads\/2022\/04\/razdvizhnye-sistemy-hst-geneo.jpg\" class=\"elementor-animation-shrink attachment-full size-full\" alt=\"\" \/><\/a><\/figure><div class=\"elementor-image-box-content\"><h1 class=\"elementor-image-box-title\"><a href=\"https:\/\/termopane.md\/katalog\/razdvizhnye-sistemy\/hst-geneo\/\">HST Geneo<\/a><\/h1><p class=\"elementor-image-box-description\">Unii oameni iau o pauz\u0103 de la agita\u021bia ora\u0219ului \u00eentr-o cas\u0103 confortabil\u0103 \u00eenafara ora\u0219ului sau la vil\u0103. V-a\u021bi s\u0103turat s\u0103 v\u0103 ascunde\u021bi \u00een spatele unoe ferestre mici? Dori\u021bi s\u0103 ave\u021bi camere c\u00e2t mai luminoase? Sistemul de ridicare \u0219i culisare Rehau Geneo HST este conceput pentru deschideri mari \u0219i este folosit \u00een acest tip de case. U\u0219ile \u0219i ferestrele sunt u\u0219or de utilizat \u0219i v\u0103 vor servi mult timp. La realizarea profilelor se foloseste fibra de sticl\u0103 RAU-FIPRO care face structurile rezistente \u0219i u\u0219oare \u00een acela\u0219i timp, ceea ce simplifica montarea acestora.\n<\/p><\/div><\/div>\t\t<\/div>\n\t\t\t\t<\/div>\n\t\t\t\t\t<\/div>\n\t\t<\/div>\n\t\t\t\t\t\t\t<\/div>\n\t\t<\/section>\n\t\t\t\t<section class=\"elementor-section elementor-top-section elementor-element elementor-element-e55d4d9 elementor-section-boxed elementor-section-gap-default elementor-section-height-default elementor-section-height-default\" data-id=\"e55d4d9\" data-element_type=\"section\">\n\t\t\t\t\t\t<div class=\"elementor-container elementor-column-gap-default\">\n\t\t\t\t\t<div class=\"elementor-column elementor-col-33 elementor-top-column elementor-element elementor-element-b14566c\" data-id=\"b14566c\" data-element_type=\"column\">\n\t\t\t<div class=\"elementor-column-wrap--b14566c elementor-widget-wrap elementor-element-populated\">\n\t\t\t\t\t\t\t\t<div class=\"elementor-element elementor-element-b61bd3c elementor-position-top elementor-vertical-align-top elementor-widget elementor-widget-image-box\" data-id=\"b61bd3c\" data-element_type=\"widget\" data-widget_type=\"image-box.default\">\n\t\t\t\t<div class=\"elementor-widget-container\">\n\t\t\t<div class=\"elementor-image-box-wrapper\"><figure class=\"elementor-image-box-img\"><a href=\"https:\/\/termopane.md\/katalog\/razdvizhnye-sistemy\/psk-portal\/\"><img decoding=\"async\" width=\"738\" height=\"566\" src=\"https:\/\/termopane.md\/wp-content\/uploads\/2022\/04\/razdvizhnye-sistemy-psk.jpg\" class=\"elementor-animation-shrink attachment-full size-full\" alt=\"\" \/><\/a><\/figure><div class=\"elementor-image-box-content\"><h1 class=\"elementor-image-box-title\"><a href=\"https:\/\/termopane.md\/katalog\/razdvizhnye-sistemy\/psk-portal\/\">PSK Portal<\/a><\/h1><p class=\"elementor-image-box-description\">Dori\u021bi ca u\u0219ile \u0219i ferestrele s\u0103 se deschid\u0103 cu u\u0219urin\u021b\u0103, iar \u0441\u0442\u0432\u043e\u0440\u043a\u0438 s\u0103 nu v\u0103 \u00eencurce \u0219i s\u0103 nu ocupe spa\u021biu? \u00cen compania Rehau exist\u0103 solu\u021bia optim\u0103 pentru acest moment. Portalurile PSK sunt sisteme de profil glisante independente. Ele sunt folosite pentru vitrarea spa\u021biilor reziden\u021biale. Au toate propriet\u0103\u021bile ferestrelor \u0219i u\u0219ilor din PVC, dar sunt mai convenabile de utilizat. \u0421\u0442\u0432\u043e\u0440\u043a\u0438 se deplaseaz\u0103 \u00een paralel \u0219i ajut\u0103 la economisirea spa\u021biului \u00een camer\u0103, iar dac\u0103 inten\u021biona\u021bi s\u0103 aerisi\u021bi camera pot fi pliate \u00eenapoi. Furnitura avansat\u0103 v\u0103 permit s\u0103 deschide\u021bi u\u0219ile cu o greutate de p\u00e2n\u0103 la 200 kg.\n<\/p><\/div><\/div>\t\t<\/div>\n\t\t\t\t<\/div>\n\t\t\t\t\t<\/div>\n\t\t<\/div>\n\t\t\t\t<div class=\"elementor-column elementor-col-33 elementor-top-column elementor-element elementor-element-b4c2696\" data-id=\"b4c2696\" data-element_type=\"column\">\n\t\t\t<div class=\"elementor-column-wrap--b4c2696 elementor-widget-wrap elementor-element-populated\">\n\t\t\t\t\t\t\t\t<div class=\"elementor-element elementor-element-94b5832 elementor-position-top elementor-vertical-align-top elementor-widget elementor-widget-image-box\" data-id=\"94b5832\" data-element_type=\"widget\" data-widget_type=\"image-box.default\">\n\t\t\t\t<div class=\"elementor-widget-container\">\n\t\t\t<div class=\"elementor-image-box-wrapper\"><figure class=\"elementor-image-box-img\"><a href=\"https:\/\/termopane.md\/katalog\/razdvizhnye-sistemy\/dver-garmoshka\/\"><img decoding=\"async\" width=\"738\" height=\"566\" src=\"https:\/\/termopane.md\/wp-content\/uploads\/2022\/04\/razdvizhnye-sistemy-dver-garmoshka.jpg\" class=\"elementor-animation-shrink attachment-full size-full\" alt=\"\" \/><\/a><\/figure><div class=\"elementor-image-box-content\"><h1 class=\"elementor-image-box-title\"><a href=\"https:\/\/termopane.md\/katalog\/razdvizhnye-sistemy\/dver-garmoshka\/\">U\u0219\u0103 - Armonice<\/a><\/h1><p class=\"elementor-image-box-description\">U\u0219ile de tip \u201earmonice\u201d c\u00e2\u0219tig\u0103 popularitate \u00een fiecare an. Sunt instalate \u00een cafenele, cabane, birouri \u0219i case. Acest tip de u\u0219i economisesc spa\u021biu \u0219i v\u0103 permit s\u0103 combina\u021bi mai multe camere sau s\u0103 conecta\u021bi buc\u0103t\u0103ria cu o teras\u0103 \u00eentr-o vil\u0103. U\u0219ile acordeon oferite de Rehau sunt confortabile, durabile, elegante \u0219i frumoase. Se pot deschide at\u00e2t \u00een exterior, c\u00e2t \u0219i \u00een interiorul camerei. \u00cen acela\u0219i timp, \u201eacordeoanele\u201d protejeaz\u0103 perfect de vremea rea. Pute\u021bi alege dimensiunile u\u0219ilor, culoarea, num\u0103rul de foi \u0219i modalit\u0103\u021bile de deschidere a acestora.\n<\/p><\/div><\/div>\t\t<\/div>\n\t\t\t\t<\/div>\n\t\t\t\t\t<\/div>\n\t\t<\/div>\n\t\t\t\t<div class=\"elementor-column elementor-col-33 elementor-top-column elementor-element elementor-element-0a2e785\" data-id=\"0a2e785\" data-element_type=\"column\">\n\t\t\t<div class=\"elementor-column-wrap--0a2e785 elementor-widget-wrap\">\n\t\t\t\t\t\t\t\t\t<\/div>\n\t\t<\/div>\n\t\t\t\t\t\t\t<\/div>\n\t\t<\/section>\n\t\t\t\t\t\t\t<\/div>\n\t\t","protected":false},"excerpt":{"rendered":"<p>Sistemele de glisare Rehau se vor potrivi organic \u00een orice interior. Este frumos, elegant, confortabil \u0219i de \u00eencredere. Construc\u021biile noastre au un sistem u\u0219or de deschidere \u0219i \u00eenchidere, sunt rezistente la schimb\u0103rile de temperatur\u0103 \u0219i protejeaz\u0103 bine casa sau biroul de spargeri. Sunt puternice, u\u0219oare \u0219i sigure. Toate detaliile sunt realizate din materiale de \u00eenalt\u0103 [&hellip;]<\/p>\n","protected":false},"author":1,"featured_media":0,"parent":3053,"menu_order":0,"comment_status":"closed","ping_status":"closed","template":"","meta":{"_seopress_robots_primary_cat":"","_seopress_titles_title":"","_seopress_titles_desc":"","_seopress_robots_index":"","footnotes":""},"acf":[],"_links":{"self":[{"href":"https:\/\/termopane.md\/ro\/wp-json\/wp\/v2\/pages\/3105"}],"collection":[{"href":"https:\/\/termopane.md\/ro\/wp-json\/wp\/v2\/pages"}],"about":[{"href":"https:\/\/termopane.md\/ro\/wp-json\/wp\/v2\/types\/page"}],"author":[{"embeddable":true,"href":"https:\/\/termopane.md\/ro\/wp-json\/wp\/v2\/users\/1"}],"replies":[{"embeddable":true,"href":"https:\/\/termopane.md\/ro\/wp-json\/wp\/v2\/comments?post=3105"}],"version-history":[{"count":0,"href":"https:\/\/termopane.md\/ro\/wp-json\/wp\/v2\/pages\/3105\/revisions"}],"up":[{"embeddable":true,"href":"https:\/\/termopane.md\/ro\/wp-json\/wp\/v2\/pages\/3053"}],"wp:attachment":[{"href":"https:\/\/termopane.md\/ro\/wp-json\/wp\/v2\/media?parent=3105"}],"curies":[{"name":"wp","href":"https:\/\/api.w.org\/{rel}","templated":true}]}}