{"id":3111,"date":"2022-05-21T23:31:02","date_gmt":"2022-05-21T20:31:02","guid":{"rendered":"https:\/\/termopane.md\/?page_id=3111"},"modified":"2022-05-27T14:52:02","modified_gmt":"2022-05-27T11:52:02","slug":"hst-geneo","status":"publish","type":"page","link":"https:\/\/termopane.md\/ro\/produse\/sistemele-glisante\/hst-geneo\/","title":{"rendered":"HST Geneo"},"content":{"rendered":"\t\t<div data-elementor-type=\"wp-post\" data-elementor-id=\"3111\" class=\"elementor elementor-3111 elementor-2429\">\n\t\t\t\t\t\t\t\t\t<section class=\"elementor-section elementor-top-section elementor-element elementor-element-69ca8a4f elementor-section-boxed elementor-section-gap-default elementor-section-height-default elementor-section-height-default\" data-id=\"69ca8a4f\" data-element_type=\"section\">\n\t\t\t\t\t\t<div class=\"elementor-container elementor-column-gap-default\">\n\t\t\t\t\t<div class=\"elementor-column elementor-col-16 elementor-top-column elementor-element elementor-element-3f2c2a41\" data-id=\"3f2c2a41\" data-element_type=\"column\">\n\t\t\t<div class=\"elementor-column-wrap--3f2c2a41 elementor-widget-wrap\">\n\t\t\t\t\t\t\t\t\t<\/div>\n\t\t<\/div>\n\t\t\t\t<div class=\"elementor-column elementor-col-66 elementor-top-column elementor-element elementor-element-102f513\" data-id=\"102f513\" data-element_type=\"column\">\n\t\t\t<div class=\"elementor-column-wrap--102f513 elementor-widget-wrap elementor-element-populated\">\n\t\t\t\t\t\t\t\t<div class=\"elementor-element elementor-element-469163ca elementor-widget elementor-widget-heading\" data-id=\"469163ca\" data-element_type=\"widget\" data-widget_type=\"heading.default\">\n\t\t\t\t<div class=\"elementor-widget-container\">\n\t\t\t<style>\/*! elementor - v3.7.7 - 20-09-2022 *\/\n.elementor-heading-title{padding:0;margin:0;line-height:1}.elementor-widget-heading .elementor-heading-title[class*=elementor-size-]>a{color:inherit;font-size:inherit;line-height:inherit}.elementor-widget-heading .elementor-heading-title.elementor-size-small{font-size:15px}.elementor-widget-heading .elementor-heading-title.elementor-size-medium{font-size:19px}.elementor-widget-heading .elementor-heading-title.elementor-size-large{font-size:29px}.elementor-widget-heading .elementor-heading-title.elementor-size-xl{font-size:39px}.elementor-widget-heading .elementor-heading-title.elementor-size-xxl{font-size:59px}<\/style><h1 class=\"elementor-heading-title elementor-size-default\">HST Geneo<\/h1>\t\t<\/div>\n\t\t\t\t<\/div>\n\t\t\t\t<div class=\"elementor-element elementor-element-35cd9c03 u-links-anim-ul elementor-widget elementor-widget-text-editor\" data-id=\"35cd9c03\" data-element_type=\"widget\" data-widget_type=\"text-editor.default\">\n\t\t\t\t<div class=\"elementor-widget-container\">\n\t\t\t<style>\/*! elementor - v3.7.7 - 20-09-2022 *\/\n.elementor-widget-text-editor.elementor-drop-cap-view-stacked .elementor-drop-cap{background-color:#818a91;color:#fff}.elementor-widget-text-editor.elementor-drop-cap-view-framed .elementor-drop-cap{color:#818a91;border:3px solid;background-color:transparent}.elementor-widget-text-editor:not(.elementor-drop-cap-view-default) .elementor-drop-cap{margin-top:8px}.elementor-widget-text-editor:not(.elementor-drop-cap-view-default) .elementor-drop-cap-letter{width:1em;height:1em}.elementor-widget-text-editor .elementor-drop-cap{float:left;text-align:center;line-height:1;font-size:50px}.elementor-widget-text-editor .elementor-drop-cap-letter{display:inline-block}<\/style>\t\t\t\t<p><span data-sheets-value=\"{&quot;1&quot;:2,&quot;2&quot;:&quot;\\r\\nSistema glisant\u0103 Rehau Synego HST: economia spa\u021biului \u0219i aerisire comod\u0103.\\r&quot;}\" data-sheets-userformat=\"{&quot;2&quot;:513,&quot;3&quot;:{&quot;1&quot;:0},&quot;12&quot;:0}\"> <br \/>Sistema glisant\u0103 Rehau Synego HST: economia spa\u021biului \u0219i aerisire comod\u0103. <\/span><\/p>\t\t\t\t\t\t<\/div>\n\t\t\t\t<\/div>\n\t\t\t\t\t<\/div>\n\t\t<\/div>\n\t\t\t\t<div class=\"elementor-column elementor-col-16 elementor-top-column elementor-element elementor-element-23eff75b\" data-id=\"23eff75b\" data-element_type=\"column\">\n\t\t\t<div class=\"elementor-column-wrap--23eff75b elementor-widget-wrap\">\n\t\t\t\t\t\t\t\t\t<\/div>\n\t\t<\/div>\n\t\t\t\t\t\t\t<\/div>\n\t\t<\/section>\n\t\t\t\t<section class=\"elementor-section elementor-top-section elementor-element elementor-element-3225eadb elementor-section-boxed elementor-section-gap-default elementor-section-height-default elementor-section-height-default\" data-id=\"3225eadb\" data-element_type=\"section\">\n\t\t\t\t\t\t<div class=\"elementor-container elementor-column-gap-default\">\n\t\t\t\t\t<div class=\"elementor-column elementor-col-16 elementor-top-column elementor-element elementor-element-f71a168\" data-id=\"f71a168\" data-element_type=\"column\">\n\t\t\t<div class=\"elementor-column-wrap--f71a168 elementor-widget-wrap\">\n\t\t\t\t\t\t\t\t\t<\/div>\n\t\t<\/div>\n\t\t\t\t<div class=\"elementor-column elementor-col-66 elementor-top-column elementor-element elementor-element-4dcd23db\" data-id=\"4dcd23db\" data-element_type=\"column\">\n\t\t\t<div class=\"elementor-column-wrap--4dcd23db elementor-widget-wrap elementor-element-populated\">\n\t\t\t\t\t\t\t\t<div class=\"elementor-element elementor-element-17c4448e elementor-widget elementor-widget-reycore-grid\" data-id=\"17c4448e\" data-element_type=\"widget\" data-widget_type=\"reycore-grid.default\">\n\t\t\t\t<div class=\"elementor-widget-container\">\n\t\t\t<div class=\"rey-gridEl --images --type-normal --type-md-normal --type-sm-normal\" style=\"--total:1\">\n\t\t<div class=\"__items \">\n\t\t\t<div class=\"__item\"><div class=\"rey-card --brooklyn\"><a href=\"https:\/\/termopane.md\/wp-content\/uploads\/2022\/04\/HST-Geneo.jpg\" class=\"\" data-elementor-open-lightbox=\"yes\"><img decoding=\"async\" width=\"1024\" height=\"1024\" src=\"https:\/\/termopane.md\/wp-content\/uploads\/2022\/04\/HST-Geneo-1024x1024.jpg\" class=\"__media\" alt=\"\" srcset=\"https:\/\/termopane.md\/wp-content\/uploads\/2022\/04\/HST-Geneo-1024x1024.jpg 1024w, https:\/\/termopane.md\/wp-content\/uploads\/2022\/04\/HST-Geneo-300x300.jpg 300w, https:\/\/termopane.md\/wp-content\/uploads\/2022\/04\/HST-Geneo-150x150.jpg 150w, https:\/\/termopane.md\/wp-content\/uploads\/2022\/04\/HST-Geneo-768x768.jpg 768w, https:\/\/termopane.md\/wp-content\/uploads\/2022\/04\/HST-Geneo.jpg 1200w\" sizes=\"(max-width: 1024px) 100vw, 1024px\" \/><\/a><div class=\"__overlay\"><\/div><\/div><\/div>\t\t<\/div>\n\t\t<\/div>\t\t<\/div>\n\t\t\t\t<\/div>\n\t\t\t\t\t<\/div>\n\t\t<\/div>\n\t\t\t\t<div class=\"elementor-column elementor-col-16 elementor-top-column elementor-element elementor-element-4c6b5424\" data-id=\"4c6b5424\" data-element_type=\"column\">\n\t\t\t<div class=\"elementor-column-wrap--4c6b5424 elementor-widget-wrap\">\n\t\t\t\t\t\t\t\t\t<\/div>\n\t\t<\/div>\n\t\t\t\t\t\t\t<\/div>\n\t\t<\/section>\n\t\t\t\t<section class=\"elementor-section elementor-top-section elementor-element elementor-element-4df53366 elementor-section-boxed elementor-section-gap-default elementor-section-height-default elementor-section-height-default\" data-id=\"4df53366\" data-element_type=\"section\">\n\t\t\t\t\t\t<div class=\"elementor-container elementor-column-gap-default\">\n\t\t\t\t\t<div class=\"elementor-column elementor-col-25 elementor-top-column elementor-element elementor-element-449a1c92\" data-id=\"449a1c92\" data-element_type=\"column\">\n\t\t\t<div class=\"elementor-column-wrap--449a1c92 elementor-widget-wrap\">\n\t\t\t\t\t\t\t\t\t<\/div>\n\t\t<\/div>\n\t\t\t\t<div class=\"elementor-column elementor-col-25 elementor-top-column elementor-element elementor-element-7f9550ad\" data-id=\"7f9550ad\" data-element_type=\"column\">\n\t\t\t<div class=\"elementor-column-wrap--7f9550ad elementor-widget-wrap elementor-element-populated\">\n\t\t\t\t\t\t\t\t<div class=\"elementor-element elementor-element-3c660b6e elementor-widget elementor-widget-heading\" data-id=\"3c660b6e\" data-element_type=\"widget\" data-widget_type=\"heading.default\">\n\t\t\t\t<div class=\"elementor-widget-container\">\n\t\t\t<h2 class=\"elementor-heading-title elementor-size-default\">Descriere<\/h2>\t\t<\/div>\n\t\t\t\t<\/div>\n\t\t\t\t<div class=\"elementor-element elementor-element-4ab0090c u-links-anim-ul elementor-widget elementor-widget-text-editor\" data-id=\"4ab0090c\" data-element_type=\"widget\" data-widget_type=\"text-editor.default\">\n\t\t\t\t<div class=\"elementor-widget-container\">\n\t\t\t\t\t\t\t<p>Imobilele dinafara ora\u0219ului c\u00e2\u0219tig\u0103 popularitate \u00een fiecare an. Acestea nu mai sunt demult case mici asem\u0103n\u0103toare vilelor, ci locuin\u021be confortabile \u0219i moderne. Mul\u021bi oameni care s-au s\u0103turat de agita\u021bia ora\u0219ului se mut\u0103 de la apartamente la case confortabile. To\u021bi doresc ca \u00een casa lor camerele s\u0103 fie luminoase \u0219i spa\u021bioase. Sistemul de ridicare \u0219i glisare Rehau Geneo HST este recomandat pentru u\u0219i mari \u0219i ferestre panoramice. Imagina\u021bi-v\u0103 doar: camerele vor deveni vizual mai mari \u0219i o s\u0103 pute\u021bi s\u0103 v\u0103 bucura\u021bi de priveli\u0219tea frumoas\u0103 a naturii f\u0103r\u0103 a v\u0103 p\u0103r\u0103si casa! Uita\u021bi de ferestrele pe care trebuia s\u0103 v\u0103 scoate\u021bi capul ca s\u0103 privi\u021bi \u00een jur. Nu mai trebuie s\u0103 v\u0103 ascunde\u021bi \u00een spatele zidurilor groase. Ferestrele panoramice sau u\u0219ile de sticl\u0103 la terase vor \u0219terge grani\u021bele dintre cas\u0103 \u0219i mediu \u0219i v\u0103 vor oferi emo\u021bii de neuitat.<\/p><p><span style=\"color: var( --e-global-color-text ); font-family: var( --e-global-typography-text-font-family ), Sans-serif; font-weight: var( --e-global-typography-text-font-weight ); background-color: var(--body-bg-color); font-size: var(--body-font-size);\">Chiar \u0219i un \u00eencep\u0103tor poate st\u0103p\u00e2ni construc\u021bia. C<span data-sheets-value=\"{&quot;1&quot;:2,&quot;2&quot;:&quot;cercevea&quot;}\" data-sheets-userformat=\"{&quot;2&quot;:513,&quot;3&quot;:{&quot;1&quot;:0},&quot;12&quot;:0}\">ercevea<\/span> se mi\u0219c\u0103 liber de-a lungul zonei deschiderii. Un astfel de mecanism este foarte convenabil \u0219i v\u0103 va permite s\u0103 economisi\u021bi spa\u021biu \u0219i s\u0103 ventila\u021bi camera f\u0103r\u0103 probleme (dac\u0103 este necesar). Pentru realizarea profilelor Geneo HST, specialistii companiei folosesc fibra de sticla RAU-FIPRO. Acest material este foarte durabil, protejeaz\u0103 ferestrele \u0219i u\u0219ile de rafale de v\u00e2nt, grindin\u0103, radia\u021bii ultraviolete, ploi abundente \u0219i previne coroziunea. \u00cen acela\u0219i timp, fibra este mai u\u0219oar\u0103 dec\u00e2t o\u021belul \u0219i nu \u00eengreuneaz\u0103 structura. Instalarea unor astfel de ferestre sau u\u0219i nu va dura mult timp oferind durabilitate.<\/span><\/p><p><span style=\"color: var( --e-global-color-text ); font-family: var( --e-global-typography-text-font-family ), Sans-serif; font-weight: var( --e-global-typography-text-font-weight ); background-color: var(--body-bg-color); font-size: var(--body-font-size);\">Exper\u021bii no\u0219tri v\u0103 vor ajuta s\u0103 alege\u021bi profilele care se potrivesc ideal pentru interiorul casei dumneavoastr\u0103.<\/span><\/p>\t\t\t\t\t\t<\/div>\n\t\t\t\t<\/div>\n\t\t\t\t\t<\/div>\n\t\t<\/div>\n\t\t\t\t<div class=\"elementor-column elementor-col-25 elementor-top-column elementor-element elementor-element-5f4dfbdf\" data-id=\"5f4dfbdf\" data-element_type=\"column\">\n\t\t\t<div class=\"elementor-column-wrap--5f4dfbdf elementor-widget-wrap elementor-element-populated\">\n\t\t\t\t\t\t\t\t<div class=\"elementor-element elementor-element-41e07814 elementor-widget elementor-widget-heading\" data-id=\"41e07814\" data-element_type=\"widget\" data-widget_type=\"heading.default\">\n\t\t\t\t<div class=\"elementor-widget-container\">\n\t\t\t<h2 class=\"elementor-heading-title elementor-size-default\">Specifica\u021bii<\/h2>\t\t<\/div>\n\t\t\t\t<\/div>\n\t\t\t\t<div class=\"elementor-element elementor-element-576ecd29 u-links-anim-ul elementor-widget elementor-widget-text-editor\" data-id=\"576ecd29\" data-element_type=\"widget\" data-widget_type=\"text-editor.default\">\n\t\t\t\t<div class=\"elementor-widget-container\">\n\t\t\t\t\t\t\t<ul><li>Tip de deschidere Lift-u\u0219i culisante<\/li><li>Material profile RAU-FIPRO: PVC armat cu armatura cu fibre, RAU-PVC.<\/li><li>Ambele materiale nu con\u021bin cadmiu<\/li><li>Material de etan\u0219are RAU-SR, RAU-PREN (negru, gri)<\/li><li>Ad\u00e2ncime toc\/cercev\u0103 203 mm\/86 mm<\/li><li>Numarul camerelor 5<\/li><li>Grosimea maxim\u0103 de umplere 53 mm<\/li><li>Dimensiunea p\u0103r\u021bii opace a cutiei \/ cercevelei 63 mm \/ 97 mm<\/li><li>Greutatea maxim\u0103 a cercevelei 400 kg<\/li><li>Dimensiunea maxim\u0103 a cercevelei glisante 300 x 270 cm (l x h)<\/li><li>Coeficient de transfer termic Ut p\u00e2n\u0103 la 1,3 W\/m\u00b2K<\/li><li>Rezisten\u021b\u0103 la sarcina v\u00e2ntului p\u00e2n\u0103 la clasa B3 conform DIN EN 12210<\/li><li>Rezistent la ap\u0103 p\u00e2n\u0103 la clasa 9A conform DIN EN 12208<\/li><li>Clasa de permeabilitate la aer 4 conform DIN EN 12207<\/li><li>Clasa de durabilitate 2 conform DIN EN 12400<\/li><li>Izola\u021bie fonic\u0103 p\u00e2n\u0103 la Rw,P = 43 dB<\/li><li>Rezistenta la efractie pana la WK2 conform DIN V ENV 1627<\/li><\/ul>\t\t\t\t\t\t<\/div>\n\t\t\t\t<\/div>\n\t\t\t\t\t<\/div>\n\t\t<\/div>\n\t\t\t\t<div class=\"elementor-column elementor-col-25 elementor-top-column elementor-element elementor-element-3578cfbe\" data-id=\"3578cfbe\" data-element_type=\"column\">\n\t\t\t<div class=\"elementor-column-wrap--3578cfbe elementor-widget-wrap\">\n\t\t\t\t\t\t\t\t\t<\/div>\n\t\t<\/div>\n\t\t\t\t\t\t\t<\/div>\n\t\t<\/section>\n\t\t\t\t\t\t\t<\/div>\n\t\t","protected":false},"excerpt":{"rendered":"<p>HST Geneo Sistema glisant\u0103 Rehau Synego HST: economia spa\u021biului \u0219i aerisire comod\u0103. Descriere Imobilele dinafara ora\u0219ului c\u00e2\u0219tig\u0103 popularitate \u00een fiecare an. Acestea nu mai sunt demult case mici asem\u0103n\u0103toare vilelor, ci locuin\u021be confortabile \u0219i moderne. Mul\u021bi oameni care s-au s\u0103turat de agita\u021bia ora\u0219ului se mut\u0103 de la apartamente la case confortabile. To\u021bi doresc ca \u00een [&hellip;]<\/p>\n","protected":false},"author":1,"featured_media":0,"parent":3105,"menu_order":0,"comment_status":"closed","ping_status":"closed","template":"","meta":{"_seopress_robots_primary_cat":"","_seopress_titles_title":"","_seopress_titles_desc":"","_seopress_robots_index":"","footnotes":""},"acf":[],"_links":{"self":[{"href":"https:\/\/termopane.md\/ro\/wp-json\/wp\/v2\/pages\/3111"}],"collection":[{"href":"https:\/\/termopane.md\/ro\/wp-json\/wp\/v2\/pages"}],"about":[{"href":"https:\/\/termopane.md\/ro\/wp-json\/wp\/v2\/types\/page"}],"author":[{"embeddable":true,"href":"https:\/\/termopane.md\/ro\/wp-json\/wp\/v2\/users\/1"}],"replies":[{"embeddable":true,"href":"https:\/\/termopane.md\/ro\/wp-json\/wp\/v2\/comments?post=3111"}],"version-history":[{"count":0,"href":"https:\/\/termopane.md\/ro\/wp-json\/wp\/v2\/pages\/3111\/revisions"}],"up":[{"embeddable":true,"href":"https:\/\/termopane.md\/ro\/wp-json\/wp\/v2\/pages\/3105"}],"wp:attachment":[{"href":"https:\/\/termopane.md\/ro\/wp-json\/wp\/v2\/media?parent=3111"}],"curies":[{"name":"wp","href":"https:\/\/api.w.org\/{rel}","templated":true}]}}