{"id":3127,"date":"2022-05-21T23:37:06","date_gmt":"2022-05-21T20:37:06","guid":{"rendered":"https:\/\/termopane.md\/?page_id=3127"},"modified":"2022-05-27T14:53:52","modified_gmt":"2022-05-27T11:53:52","slug":"psk-portal","status":"publish","type":"page","link":"https:\/\/termopane.md\/ro\/produse\/sistemele-glisante\/psk-portal\/","title":{"rendered":"PSK Portal"},"content":{"rendered":"\t\t<div data-elementor-type=\"wp-post\" data-elementor-id=\"3127\" class=\"elementor elementor-3127 elementor-2434\">\n\t\t\t\t\t\t\t\t\t<section class=\"elementor-section elementor-top-section elementor-element elementor-element-451bab38 elementor-section-boxed elementor-section-gap-default elementor-section-height-default elementor-section-height-default\" data-id=\"451bab38\" data-element_type=\"section\">\n\t\t\t\t\t\t<div class=\"elementor-container elementor-column-gap-default\">\n\t\t\t\t\t<div class=\"elementor-column elementor-col-16 elementor-top-column elementor-element elementor-element-634cf631\" data-id=\"634cf631\" data-element_type=\"column\">\n\t\t\t<div class=\"elementor-column-wrap--634cf631 elementor-widget-wrap\">\n\t\t\t\t\t\t\t\t\t<\/div>\n\t\t<\/div>\n\t\t\t\t<div class=\"elementor-column elementor-col-66 elementor-top-column elementor-element elementor-element-35131c8b\" data-id=\"35131c8b\" data-element_type=\"column\">\n\t\t\t<div class=\"elementor-column-wrap--35131c8b elementor-widget-wrap elementor-element-populated\">\n\t\t\t\t\t\t\t\t<div class=\"elementor-element elementor-element-603628ad elementor-widget elementor-widget-heading\" data-id=\"603628ad\" data-element_type=\"widget\" data-widget_type=\"heading.default\">\n\t\t\t\t<div class=\"elementor-widget-container\">\n\t\t\t<style>\/*! elementor - v3.7.7 - 20-09-2022 *\/\n.elementor-heading-title{padding:0;margin:0;line-height:1}.elementor-widget-heading .elementor-heading-title[class*=elementor-size-]>a{color:inherit;font-size:inherit;line-height:inherit}.elementor-widget-heading .elementor-heading-title.elementor-size-small{font-size:15px}.elementor-widget-heading .elementor-heading-title.elementor-size-medium{font-size:19px}.elementor-widget-heading .elementor-heading-title.elementor-size-large{font-size:29px}.elementor-widget-heading .elementor-heading-title.elementor-size-xl{font-size:39px}.elementor-widget-heading .elementor-heading-title.elementor-size-xxl{font-size:59px}<\/style><h1 class=\"elementor-heading-title elementor-size-default\">PSK Portal<\/h1>\t\t<\/div>\n\t\t\t\t<\/div>\n\t\t\t\t<div class=\"elementor-element elementor-element-74d205ea u-links-anim-ul elementor-widget elementor-widget-text-editor\" data-id=\"74d205ea\" data-element_type=\"widget\" data-widget_type=\"text-editor.default\">\n\t\t\t\t<div class=\"elementor-widget-container\">\n\t\t\t<style>\/*! elementor - v3.7.7 - 20-09-2022 *\/\n.elementor-widget-text-editor.elementor-drop-cap-view-stacked .elementor-drop-cap{background-color:#818a91;color:#fff}.elementor-widget-text-editor.elementor-drop-cap-view-framed .elementor-drop-cap{color:#818a91;border:3px solid;background-color:transparent}.elementor-widget-text-editor:not(.elementor-drop-cap-view-default) .elementor-drop-cap{margin-top:8px}.elementor-widget-text-editor:not(.elementor-drop-cap-view-default) .elementor-drop-cap-letter{width:1em;height:1em}.elementor-widget-text-editor .elementor-drop-cap{float:left;text-align:center;line-height:1;font-size:50px}.elementor-widget-text-editor .elementor-drop-cap-letter{display:inline-block}<\/style>\t\t\t\tVis\u0103m c\u0103 u\u0219ile sau ferestrele noi s\u0103 nu fie doar frumoase, ci \u0219i confortabile, astfel \u00eenc\u00e2t \u0441\u0442\u0432\u043e\u0440\u043a\u0438 s\u0103 se deschid\u0103 u\u0219or \u0219i s\u0103 nu ocupe mult spa\u021biu. Acest lucru este valabil mai ales pentru camerele de dimensiuni mici, unde spa\u021biul este foarte economic. Specialistii Rehau ofer\u0103 o solu\u021bie simpl\u0103 \u0219i optim\u0103 la astfel de probleme &#8211; portalurile PSK. Sunt sisteme de glisare independente de profil \u0219i sunt utilizate pentru vitrarea spa\u021biilor reziden\u021biale. Astfel de portaluri sunt folosite at\u00e2t pentru spa\u021bii mici (de exemplu, pentru un dormitor, balcon, camer\u0103 de hotel), c\u00e2t \u0219i pentru ferestre panoramice.\n\t\t\t\t\t\t<\/div>\n\t\t\t\t<\/div>\n\t\t\t\t\t<\/div>\n\t\t<\/div>\n\t\t\t\t<div class=\"elementor-column elementor-col-16 elementor-top-column elementor-element elementor-element-66563ba0\" data-id=\"66563ba0\" data-element_type=\"column\">\n\t\t\t<div class=\"elementor-column-wrap--66563ba0 elementor-widget-wrap\">\n\t\t\t\t\t\t\t\t\t<\/div>\n\t\t<\/div>\n\t\t\t\t\t\t\t<\/div>\n\t\t<\/section>\n\t\t\t\t<section class=\"elementor-section elementor-top-section elementor-element elementor-element-3db10c6e elementor-section-boxed elementor-section-gap-default elementor-section-height-default elementor-section-height-default\" data-id=\"3db10c6e\" data-element_type=\"section\">\n\t\t\t\t\t\t<div class=\"elementor-container elementor-column-gap-default\">\n\t\t\t\t\t<div class=\"elementor-column elementor-col-16 elementor-top-column elementor-element elementor-element-1027a5b6\" data-id=\"1027a5b6\" data-element_type=\"column\">\n\t\t\t<div class=\"elementor-column-wrap--1027a5b6 elementor-widget-wrap\">\n\t\t\t\t\t\t\t\t\t<\/div>\n\t\t<\/div>\n\t\t\t\t<div class=\"elementor-column elementor-col-66 elementor-top-column elementor-element elementor-element-4b2b7634\" data-id=\"4b2b7634\" data-element_type=\"column\">\n\t\t\t<div class=\"elementor-column-wrap--4b2b7634 elementor-widget-wrap elementor-element-populated\">\n\t\t\t\t\t\t\t\t<div class=\"elementor-element elementor-element-6b65b8f6 elementor-widget elementor-widget-reycore-grid\" data-id=\"6b65b8f6\" data-element_type=\"widget\" data-widget_type=\"reycore-grid.default\">\n\t\t\t\t<div class=\"elementor-widget-container\">\n\t\t\t<div class=\"rey-gridEl --images --type-normal --type-md-normal --type-sm-normal\" style=\"--total:1\">\n\t\t<div class=\"__items \">\n\t\t\t<div class=\"__item\"><div class=\"rey-card --brooklyn\"><a href=\"https:\/\/termopane.md\/wp-content\/uploads\/2022\/04\/psk-portal.jpg\" class=\"\" data-elementor-open-lightbox=\"yes\"><img decoding=\"async\" width=\"1000\" height=\"1000\" src=\"https:\/\/termopane.md\/wp-content\/uploads\/2022\/04\/psk-portal.jpg\" class=\"__media\" alt=\"\" srcset=\"https:\/\/termopane.md\/wp-content\/uploads\/2022\/04\/psk-portal.jpg 1000w, https:\/\/termopane.md\/wp-content\/uploads\/2022\/04\/psk-portal-300x300.jpg 300w, https:\/\/termopane.md\/wp-content\/uploads\/2022\/04\/psk-portal-150x150.jpg 150w, https:\/\/termopane.md\/wp-content\/uploads\/2022\/04\/psk-portal-768x768.jpg 768w\" sizes=\"(max-width: 1000px) 100vw, 1000px\" \/><\/a><div class=\"__overlay\"><\/div><\/div><\/div>\t\t<\/div>\n\t\t<\/div>\t\t<\/div>\n\t\t\t\t<\/div>\n\t\t\t\t\t<\/div>\n\t\t<\/div>\n\t\t\t\t<div class=\"elementor-column elementor-col-16 elementor-top-column elementor-element elementor-element-70c09ead\" data-id=\"70c09ead\" data-element_type=\"column\">\n\t\t\t<div class=\"elementor-column-wrap--70c09ead elementor-widget-wrap\">\n\t\t\t\t\t\t\t\t\t<\/div>\n\t\t<\/div>\n\t\t\t\t\t\t\t<\/div>\n\t\t<\/section>\n\t\t\t\t<section class=\"elementor-section elementor-top-section elementor-element elementor-element-6d47a226 elementor-section-boxed elementor-section-gap-default elementor-section-height-default elementor-section-height-default\" data-id=\"6d47a226\" data-element_type=\"section\">\n\t\t\t\t\t\t<div class=\"elementor-container elementor-column-gap-default\">\n\t\t\t\t\t<div class=\"elementor-column elementor-col-25 elementor-top-column elementor-element elementor-element-1148fbbd\" data-id=\"1148fbbd\" data-element_type=\"column\">\n\t\t\t<div class=\"elementor-column-wrap--1148fbbd elementor-widget-wrap\">\n\t\t\t\t\t\t\t\t\t<\/div>\n\t\t<\/div>\n\t\t\t\t<div class=\"elementor-column elementor-col-25 elementor-top-column elementor-element elementor-element-92759ae\" data-id=\"92759ae\" data-element_type=\"column\">\n\t\t\t<div class=\"elementor-column-wrap--92759ae elementor-widget-wrap elementor-element-populated\">\n\t\t\t\t\t\t\t\t<div class=\"elementor-element elementor-element-6a548804 elementor-widget elementor-widget-heading\" data-id=\"6a548804\" data-element_type=\"widget\" data-widget_type=\"heading.default\">\n\t\t\t\t<div class=\"elementor-widget-container\">\n\t\t\t<h2 class=\"elementor-heading-title elementor-size-default\">Descriere<\/h2>\t\t<\/div>\n\t\t\t\t<\/div>\n\t\t\t\t<div class=\"elementor-element elementor-element-20cbeb73 u-links-anim-ul elementor-widget elementor-widget-text-editor\" data-id=\"20cbeb73\" data-element_type=\"widget\" data-widget_type=\"text-editor.default\">\n\t\t\t\t<div class=\"elementor-widget-container\">\n\t\t\t\t\t\t\t<p>Cercevea se deplaseaz\u0103 \u00een lateral paralel cu rama la dreapta sau la st\u00e2nga (de unde \u0219i provine denumirea sistemului &#8211; alunecare paralel\u0103) sau se \u00eenclin\u0103 pentru a ventila camera. Portalurile PSK sunt protejate de un sistem de etan\u0219are fiabil care nu permite umidit\u0103\u021bii \u0219i aerului rece s\u0103 p\u0103trund\u0103 \u00een camer\u0103 \u0219i economise\u0219te perfect c\u0103ldura. Dezvoltarea modern\u0103 a designului v\u0103 va ajuta s\u0103 economisi\u021bi spa\u021biu atunci c\u00e2nd deschide\u021bi u\u0219ile \u0219i s\u0103 face\u021bi apartamentul confortabil \u0219i frumos.<\/p><p><span style=\"color: var( --e-global-color-text ); font-family: var( --e-global-typography-text-font-family ), Sans-serif; font-weight: var( --e-global-typography-text-font-weight ); background-color: var(--body-bg-color); font-size: var(--body-font-size);\">Designul avansat v\u0103 permite s\u0103 instala\u021bi u\u0219i cu o greutate de p\u00e2n\u0103 la 200 kg \u0219i se vor mi\u0219ca lin (ca pe \u0219ine) \u0219i f\u0103r\u0103 sunet. M\u00e2nerul este u\u0219or de reglat \u0219i rotit. Dup\u0103 dorin\u021b\u0103 pute\u021bi instala un m\u00e2ner cu una sau dou\u0103 fe\u021be, s\u0103 \u00eenchide\u021bi camera cu o cheie at\u00e2t din interior, c\u00e2t \u0219i din exterior. Astfel, portalul va fi folosit ca u\u0219\u0103 de intrare.<\/span><\/p><p><span style=\"color: var( --e-global-color-text ); font-family: var( --e-global-typography-text-font-family ), Sans-serif; font-weight: var( --e-global-typography-text-font-weight ); background-color: var(--body-bg-color); font-size: var(--body-font-size);\">Ave\u021bi op\u021biunea de a comanda un portal PSK de la orice profil Rehau. Me\u0219terii no\u0219tri lucreaz\u0103 cu portaluri de complexitate \u0219i configura\u021bie diferite.<\/span><\/p>\t\t\t\t\t\t<\/div>\n\t\t\t\t<\/div>\n\t\t\t\t\t<\/div>\n\t\t<\/div>\n\t\t\t\t<div class=\"elementor-column elementor-col-25 elementor-top-column elementor-element elementor-element-58e223a1\" data-id=\"58e223a1\" data-element_type=\"column\">\n\t\t\t<div class=\"elementor-column-wrap--58e223a1 elementor-widget-wrap elementor-element-populated\">\n\t\t\t\t\t\t\t\t<div class=\"elementor-element elementor-element-7f54166b elementor-widget elementor-widget-heading\" data-id=\"7f54166b\" data-element_type=\"widget\" data-widget_type=\"heading.default\">\n\t\t\t\t<div class=\"elementor-widget-container\">\n\t\t\t<h2 class=\"elementor-heading-title elementor-size-default\">Specifica\u021bii<\/h2>\t\t<\/div>\n\t\t\t\t<\/div>\n\t\t\t\t<div class=\"elementor-element elementor-element-12122895 u-links-anim-ul elementor-widget elementor-widget-text-editor\" data-id=\"12122895\" data-element_type=\"widget\" data-widget_type=\"text-editor.default\">\n\t\t\t\t<div class=\"elementor-widget-container\">\n\t\t\t\t\t\t\t<p>Dimensiunile maxime de gabarit ale structurii sunt determinate de proprietatile profilelor din PVC. Deci, pentru produsele din profile albe, dimensiunea structurii este limitat\u0103 la o \u00een\u0103l\u021bime de 2600 mm \u0219i o l\u0103\u021bime de 4000 mm, pentru produsele din profile colorate &#8211; pu\u021bin mai pu\u021bin de 2500 x 3000 mm. Aceast\u0103 diferen\u021b\u0103 se datoreaz\u0103 faptului c\u0103 profilele laminate sunt supuse unor deform\u0103ri mari atunci c\u00e2nd sunt \u00eenc\u0103lzite la soare.   Este important ca canelurile portalului UCS s\u0103 se deschid\u0103 numai spre interior. Ie\u0219irea canapei \u00een camer\u0103 este de 125 mm. Acest lucru nu trebuie uitat atunci c\u00e2nd alege\u021bi tipul \u0219i loca\u021bia dispozitivelor de \u00eenc\u0103lzire. \u00cen caz contrar, radiatorul va interfera cu deschiderea cercevelei.<\/p><p>\u00cen ceea ce prive\u0219te posibilitatea instal\u0103rii unui m\u00e2ner: cerceveaua poate fi echipat\u0103 at\u00e2t cu m\u00e2nere unilaterale, c\u00e2t \u0219i cu dou\u0103 fe\u021be, precum \u0219i blocabile din exterior \u0219i din interiorul \u00eenc\u0103perii. Acest lucru este foarte convenabil, deoarece portalul poate fi folosit ca u\u0219\u0103 de intrare.<\/p>\t\t\t\t\t\t<\/div>\n\t\t\t\t<\/div>\n\t\t\t\t\t<\/div>\n\t\t<\/div>\n\t\t\t\t<div class=\"elementor-column elementor-col-25 elementor-top-column elementor-element elementor-element-15e440da\" data-id=\"15e440da\" data-element_type=\"column\">\n\t\t\t<div class=\"elementor-column-wrap--15e440da elementor-widget-wrap\">\n\t\t\t\t\t\t\t\t\t<\/div>\n\t\t<\/div>\n\t\t\t\t\t\t\t<\/div>\n\t\t<\/section>\n\t\t\t\t\t\t\t<\/div>\n\t\t","protected":false},"excerpt":{"rendered":"<p>PSK Portal Vis\u0103m c\u0103 u\u0219ile sau ferestrele noi s\u0103 nu fie doar frumoase, ci \u0219i confortabile, astfel \u00eenc\u00e2t \u0441\u0442\u0432\u043e\u0440\u043a\u0438 s\u0103 se deschid\u0103 u\u0219or \u0219i s\u0103 nu ocupe mult spa\u021biu. Acest lucru este valabil mai ales pentru camerele de dimensiuni mici, unde spa\u021biul este foarte economic. Specialistii Rehau ofer\u0103 o solu\u021bie simpl\u0103 \u0219i optim\u0103 la astfel [&hellip;]<\/p>\n","protected":false},"author":1,"featured_media":0,"parent":3105,"menu_order":0,"comment_status":"closed","ping_status":"closed","template":"","meta":{"_seopress_robots_primary_cat":"","_seopress_titles_title":"","_seopress_titles_desc":"","_seopress_robots_index":"","footnotes":""},"acf":[],"_links":{"self":[{"href":"https:\/\/termopane.md\/ro\/wp-json\/wp\/v2\/pages\/3127"}],"collection":[{"href":"https:\/\/termopane.md\/ro\/wp-json\/wp\/v2\/pages"}],"about":[{"href":"https:\/\/termopane.md\/ro\/wp-json\/wp\/v2\/types\/page"}],"author":[{"embeddable":true,"href":"https:\/\/termopane.md\/ro\/wp-json\/wp\/v2\/users\/1"}],"replies":[{"embeddable":true,"href":"https:\/\/termopane.md\/ro\/wp-json\/wp\/v2\/comments?post=3127"}],"version-history":[{"count":0,"href":"https:\/\/termopane.md\/ro\/wp-json\/wp\/v2\/pages\/3127\/revisions"}],"up":[{"embeddable":true,"href":"https:\/\/termopane.md\/ro\/wp-json\/wp\/v2\/pages\/3105"}],"wp:attachment":[{"href":"https:\/\/termopane.md\/ro\/wp-json\/wp\/v2\/media?parent=3127"}],"curies":[{"name":"wp","href":"https:\/\/api.w.org\/{rel}","templated":true}]}}