{"id":3132,"date":"2022-05-21T23:39:22","date_gmt":"2022-05-21T20:39:22","guid":{"rendered":"https:\/\/termopane.md\/?page_id=3132"},"modified":"2022-05-27T14:45:28","modified_gmt":"2022-05-27T11:45:28","slug":"slide-synego","status":"publish","type":"page","link":"https:\/\/termopane.md\/ro\/produse\/sistemele-glisante\/slide-synego\/","title":{"rendered":"Slide Synego"},"content":{"rendered":"\t\t<div data-elementor-type=\"wp-post\" data-elementor-id=\"3132\" class=\"elementor elementor-3132 elementor-2400\">\n\t\t\t\t\t\t\t\t\t<section class=\"elementor-section elementor-top-section elementor-element elementor-element-537acf5 elementor-section-boxed elementor-section-gap-default elementor-section-height-default elementor-section-height-default\" data-id=\"537acf5\" data-element_type=\"section\">\n\t\t\t\t\t\t<div class=\"elementor-container elementor-column-gap-default\">\n\t\t\t\t\t<div class=\"elementor-column elementor-col-16 elementor-top-column elementor-element elementor-element-375aafd6\" data-id=\"375aafd6\" data-element_type=\"column\">\n\t\t\t<div class=\"elementor-column-wrap--375aafd6 elementor-widget-wrap\">\n\t\t\t\t\t\t\t\t\t<\/div>\n\t\t<\/div>\n\t\t\t\t<div class=\"elementor-column elementor-col-66 elementor-top-column elementor-element elementor-element-d4c99e4\" data-id=\"d4c99e4\" data-element_type=\"column\">\n\t\t\t<div class=\"elementor-column-wrap--d4c99e4 elementor-widget-wrap elementor-element-populated\">\n\t\t\t\t\t\t\t\t<div class=\"elementor-element elementor-element-7f6fd42e elementor-widget elementor-widget-heading\" data-id=\"7f6fd42e\" data-element_type=\"widget\" data-widget_type=\"heading.default\">\n\t\t\t\t<div class=\"elementor-widget-container\">\n\t\t\t<style>\/*! elementor - v3.7.7 - 20-09-2022 *\/\n.elementor-heading-title{padding:0;margin:0;line-height:1}.elementor-widget-heading .elementor-heading-title[class*=elementor-size-]>a{color:inherit;font-size:inherit;line-height:inherit}.elementor-widget-heading .elementor-heading-title.elementor-size-small{font-size:15px}.elementor-widget-heading .elementor-heading-title.elementor-size-medium{font-size:19px}.elementor-widget-heading .elementor-heading-title.elementor-size-large{font-size:29px}.elementor-widget-heading .elementor-heading-title.elementor-size-xl{font-size:39px}.elementor-widget-heading .elementor-heading-title.elementor-size-xxl{font-size:59px}<\/style><h1 class=\"elementor-heading-title elementor-size-default\">Slide Synego<\/h1>\t\t<\/div>\n\t\t\t\t<\/div>\n\t\t\t\t<div class=\"elementor-element elementor-element-10c1e5d9 u-links-anim-ul elementor-widget elementor-widget-text-editor\" data-id=\"10c1e5d9\" data-element_type=\"widget\" data-widget_type=\"text-editor.default\">\n\t\t\t\t<div class=\"elementor-widget-container\">\n\t\t\t<style>\/*! elementor - v3.7.7 - 20-09-2022 *\/\n.elementor-widget-text-editor.elementor-drop-cap-view-stacked .elementor-drop-cap{background-color:#818a91;color:#fff}.elementor-widget-text-editor.elementor-drop-cap-view-framed .elementor-drop-cap{color:#818a91;border:3px solid;background-color:transparent}.elementor-widget-text-editor:not(.elementor-drop-cap-view-default) .elementor-drop-cap{margin-top:8px}.elementor-widget-text-editor:not(.elementor-drop-cap-view-default) .elementor-drop-cap-letter{width:1em;height:1em}.elementor-widget-text-editor .elementor-drop-cap{float:left;text-align:center;line-height:1;font-size:50px}.elementor-widget-text-editor .elementor-drop-cap-letter{display:inline-block}<\/style>\t\t\t\tU\u0219ile \u0219i ferestrele greu de deschis sau \u00eenchis vor strica impresia de cea mai frumoas\u0103 \u0219i confortabil\u0103 cas\u0103. Sistemul de glisare Rehau Synego Slide te va scuti de astfel de inconvenien\u021be. Avantajul acesteia este c\u0103 \u0441\u0442\u0432\u043e\u0440\u043a\u0438 se deplaseaz\u0103 paralel cu rama. Pentru a deschide o u\u0219\u0103 sau o fereastr\u0103, trebuie doar s\u0103 roti\u021bi m\u00e2nerul orizontal \u00een sus. Glisorul este ap\u0103sat la o distan\u021b\u0103 suficient\u0103 form\u00e2ndu-se un gol, iar apoi \u0441\u0442\u0432\u043e\u0440\u043a\u0438 se mi\u0219c\u0103 lin, ca pe \u0219ine. Dac\u0103 dori\u021bi s\u0103 \u00eenchide\u021bi u\u0219a, doar \u00eentoarce\u021bi m\u00e2nerul \u00een jos. \u00cen acela\u0219i timp, totul se \u00eent\u00e2mpl\u0103 u\u0219or \u0219i rapid, f\u0103r\u0103 niciun efort din partea dumneavoastr\u0103. Furniturile convenabile vor fi st\u0103p\u00e2nite chiar \u0219i de cei care nu au v\u0103zut niciodat\u0103 astfel de construc\u021bii.\n\t\t\t\t\t\t<\/div>\n\t\t\t\t<\/div>\n\t\t\t\t\t<\/div>\n\t\t<\/div>\n\t\t\t\t<div class=\"elementor-column elementor-col-16 elementor-top-column elementor-element elementor-element-44eab5ba\" data-id=\"44eab5ba\" data-element_type=\"column\">\n\t\t\t<div class=\"elementor-column-wrap--44eab5ba elementor-widget-wrap\">\n\t\t\t\t\t\t\t\t\t<\/div>\n\t\t<\/div>\n\t\t\t\t\t\t\t<\/div>\n\t\t<\/section>\n\t\t\t\t<section class=\"elementor-section elementor-top-section elementor-element elementor-element-743d18c elementor-section-boxed elementor-section-gap-default elementor-section-height-default elementor-section-height-default\" data-id=\"743d18c\" data-element_type=\"section\">\n\t\t\t\t\t\t<div class=\"elementor-container elementor-column-gap-default\">\n\t\t\t\t\t<div class=\"elementor-column elementor-col-16 elementor-top-column elementor-element elementor-element-71fdd102\" data-id=\"71fdd102\" data-element_type=\"column\">\n\t\t\t<div class=\"elementor-column-wrap--71fdd102 elementor-widget-wrap\">\n\t\t\t\t\t\t\t\t\t<\/div>\n\t\t<\/div>\n\t\t\t\t<div class=\"elementor-column elementor-col-66 elementor-top-column elementor-element elementor-element-37c12f7d\" data-id=\"37c12f7d\" data-element_type=\"column\">\n\t\t\t<div class=\"elementor-column-wrap--37c12f7d elementor-widget-wrap elementor-element-populated\">\n\t\t\t\t\t\t\t\t<div class=\"elementor-element elementor-element-465d893e elementor-widget elementor-widget-reycore-grid\" data-id=\"465d893e\" data-element_type=\"widget\" data-widget_type=\"reycore-grid.default\">\n\t\t\t\t<div class=\"elementor-widget-container\">\n\t\t\t<div class=\"rey-gridEl --images --type-normal --type-md-normal --type-sm-normal\" style=\"--total:2\">\n\t\t<div class=\"__items \">\n\t\t\t<div class=\"__item\"><div class=\"rey-card --brooklyn\"><a href=\"https:\/\/termopane.md\/wp-content\/uploads\/2022\/04\/Slide-Synego-2-1.jpg\" class=\"\" data-elementor-open-lightbox=\"yes\"><img decoding=\"async\" width=\"1024\" height=\"725\" src=\"https:\/\/termopane.md\/wp-content\/uploads\/2022\/04\/Slide-Synego-2-1-1024x725.jpg\" class=\"__media\" alt=\"\" srcset=\"https:\/\/termopane.md\/wp-content\/uploads\/2022\/04\/Slide-Synego-2-1-1024x725.jpg 1024w, https:\/\/termopane.md\/wp-content\/uploads\/2022\/04\/Slide-Synego-2-1-300x213.jpg 300w, https:\/\/termopane.md\/wp-content\/uploads\/2022\/04\/Slide-Synego-2-1-768x544.jpg 768w, https:\/\/termopane.md\/wp-content\/uploads\/2022\/04\/Slide-Synego-2-1.jpg 1200w\" sizes=\"(max-width: 1024px) 100vw, 1024px\" \/><\/a><div class=\"__overlay\"><\/div><\/div><\/div><div class=\"__item\"><div class=\"rey-card --brooklyn\"><a href=\"https:\/\/termopane.md\/wp-content\/uploads\/2022\/04\/Slide-Synego-3.jpg\" class=\"\" data-elementor-open-lightbox=\"yes\"><img decoding=\"async\" width=\"1024\" height=\"968\" src=\"https:\/\/termopane.md\/wp-content\/uploads\/2022\/04\/Slide-Synego-3-1024x968.jpg\" class=\"__media\" alt=\"\" srcset=\"https:\/\/termopane.md\/wp-content\/uploads\/2022\/04\/Slide-Synego-3-1024x968.jpg 1024w, https:\/\/termopane.md\/wp-content\/uploads\/2022\/04\/Slide-Synego-3-300x284.jpg 300w, https:\/\/termopane.md\/wp-content\/uploads\/2022\/04\/Slide-Synego-3-768x726.jpg 768w, https:\/\/termopane.md\/wp-content\/uploads\/2022\/04\/Slide-Synego-3.jpg 1200w\" sizes=\"(max-width: 1024px) 100vw, 1024px\" \/><\/a><div class=\"__overlay\"><\/div><\/div><\/div>\t\t<\/div>\n\t\t<\/div>\t\t<\/div>\n\t\t\t\t<\/div>\n\t\t\t\t\t<\/div>\n\t\t<\/div>\n\t\t\t\t<div class=\"elementor-column elementor-col-16 elementor-top-column elementor-element elementor-element-1a1ee58\" data-id=\"1a1ee58\" data-element_type=\"column\">\n\t\t\t<div class=\"elementor-column-wrap--1a1ee58 elementor-widget-wrap\">\n\t\t\t\t\t\t\t\t\t<\/div>\n\t\t<\/div>\n\t\t\t\t\t\t\t<\/div>\n\t\t<\/section>\n\t\t\t\t<section class=\"elementor-section elementor-top-section elementor-element elementor-element-2bd7922c elementor-section-boxed elementor-section-gap-default elementor-section-height-default elementor-section-height-default\" data-id=\"2bd7922c\" data-element_type=\"section\">\n\t\t\t\t\t\t<div class=\"elementor-container elementor-column-gap-default\">\n\t\t\t\t\t<div class=\"elementor-column elementor-col-25 elementor-top-column elementor-element elementor-element-dffe3d3\" data-id=\"dffe3d3\" data-element_type=\"column\">\n\t\t\t<div class=\"elementor-column-wrap--dffe3d3 elementor-widget-wrap\">\n\t\t\t\t\t\t\t\t\t<\/div>\n\t\t<\/div>\n\t\t\t\t<div class=\"elementor-column elementor-col-25 elementor-top-column elementor-element elementor-element-2ec330ac\" data-id=\"2ec330ac\" data-element_type=\"column\">\n\t\t\t<div class=\"elementor-column-wrap--2ec330ac elementor-widget-wrap elementor-element-populated\">\n\t\t\t\t\t\t\t\t<div class=\"elementor-element elementor-element-391f5538 elementor-widget elementor-widget-heading\" data-id=\"391f5538\" data-element_type=\"widget\" data-widget_type=\"heading.default\">\n\t\t\t\t<div class=\"elementor-widget-container\">\n\t\t\t<h2 class=\"elementor-heading-title elementor-size-default\">Descriere<\/h2>\t\t<\/div>\n\t\t\t\t<\/div>\n\t\t\t\t<div class=\"elementor-element elementor-element-21c2bb5f u-links-anim-ul elementor-widget elementor-widget-text-editor\" data-id=\"21c2bb5f\" data-element_type=\"widget\" data-widget_type=\"text-editor.default\">\n\t\t\t\t<div class=\"elementor-widget-container\">\n\t\t\t\t\t\t\t<p>Sistemul Synego Slide asigur\u0103 etan\u0219eitatea maxim\u0103 &#8211; izolare termic\u0103 \u0219i fonic\u0103. De-a lungul perimetrului \u00eentregii structuri exist\u0103 etan\u0219\u0103ri care nu permit p\u0103trunderea frigului \u0219i a umezelii \u00een cas\u0103. V\u00e2nturile puternice, ploile abundente \u0219i schimb\u0103rile bru\u0219te de temperatur\u0103 nu v\u0103 pot aduce disconfort. Chiar dac\u0103 deschide\u021bi sau \u00eenchide\u021bi des u\u0219ile, garniturile nu vor fi deteriorate \u00een niciun fel. cercevea sunt fixate \u00een siguran\u021b\u0103 \u00een concordan\u021b\u0103 cu elementele speciale \u0219i v\u0103 vor proteja casa nu numai de capriciile vremii, ci \u0219i de spargeri. Dup\u0103 cum pute\u021bi vedea, totul este g\u00e2ndit p\u00e2n\u0103 la cel mai mic detaliu.<\/p><p><span style=\"color: var( --e-global-color-text ); font-family: var( --e-global-typography-text-font-family ), Sans-serif; font-weight: var( --e-global-typography-text-font-weight ); background-color: var(--body-bg-color); font-size: var(--body-font-size);\">Sistemul de glisare este folosit pentru balcoane, logii si terase. Caracteristicile formatului \u00eei permit s\u0103 fie utilizat pentru structurile de u\u0219i \u0219i ferestre. Sistemul nu necesit\u0103 nicio \u00eengrijire special\u0103: totul poate fi sp\u0103lat foarte u\u0219or, \u0219ters de praf \u0219i cur\u0103\u021bat de murd\u0103rie.<\/span><\/p>\t\t\t\t\t\t<\/div>\n\t\t\t\t<\/div>\n\t\t\t\t\t<\/div>\n\t\t<\/div>\n\t\t\t\t<div class=\"elementor-column elementor-col-25 elementor-top-column elementor-element elementor-element-81c2ab8\" data-id=\"81c2ab8\" data-element_type=\"column\">\n\t\t\t<div class=\"elementor-column-wrap--81c2ab8 elementor-widget-wrap elementor-element-populated\">\n\t\t\t\t\t\t\t\t<div class=\"elementor-element elementor-element-6c073b8e elementor-widget elementor-widget-heading\" data-id=\"6c073b8e\" data-element_type=\"widget\" data-widget_type=\"heading.default\">\n\t\t\t\t<div class=\"elementor-widget-container\">\n\t\t\t<h2 class=\"elementor-heading-title elementor-size-default\">Specifica\u021bii<\/h2>\t\t<\/div>\n\t\t\t\t<\/div>\n\t\t\t\t<div class=\"elementor-element elementor-element-9336481 u-links-anim-ul elementor-widget elementor-widget-text-editor\" data-id=\"9336481\" data-element_type=\"widget\" data-widget_type=\"text-editor.default\">\n\t\t\t\t<div class=\"elementor-widget-container\">\n\t\t\t\t\t\t\t<ul>\n<li>Dimensiunea maxim\u0103 a frunzei (\u00een\u0103l\u021bime x l\u0103\u021bime) 2500 x 2000 mm<\/li><li>L\u0103\u021bimea tocului \/ cercevelei: 65 mm \/ 101 mm<\/li><li>Ad\u00e2ncimea de construc\u021bie a tocului \/ cercevelei: 156 mm \/ 80 mm<\/li><li>Izola\u021bie termic\u0103 UV (EN 12412-2): p\u00e2n\u0103 la 1,3 W \/ (m\u00b2K)<\/li><li>Izolare fonic\u0103 Rw (ISO 10140-2): p\u00e2n\u0103 la 43 dB<\/li><li>Protec\u021bie \u00eempotriva efrac\u021biei (EN 1627): p\u00e2n\u0103 la clasa 2<\/li><li>Rezistenta la vant (EN 12210): pana la clasa B3<\/li><li>Protec\u021bie \u00eempotriva ploaielor puternice (EN 12208): p\u00e2n\u0103 la clasa 8A<\/li><li>Permeabilitatea aerului (EN 12207): p\u00e2n\u0103 la clasa 4<\/li>\n<\/ul>\t\t\t\t\t\t<\/div>\n\t\t\t\t<\/div>\n\t\t\t\t\t<\/div>\n\t\t<\/div>\n\t\t\t\t<div class=\"elementor-column elementor-col-25 elementor-top-column elementor-element elementor-element-45b657b\" data-id=\"45b657b\" data-element_type=\"column\">\n\t\t\t<div class=\"elementor-column-wrap--45b657b elementor-widget-wrap\">\n\t\t\t\t\t\t\t\t\t<\/div>\n\t\t<\/div>\n\t\t\t\t\t\t\t<\/div>\n\t\t<\/section>\n\t\t\t\t\t\t\t<\/div>\n\t\t","protected":false},"excerpt":{"rendered":"<p>Slide Synego U\u0219ile \u0219i ferestrele greu de deschis sau \u00eenchis vor strica impresia de cea mai frumoas\u0103 \u0219i confortabil\u0103 cas\u0103. Sistemul de glisare Rehau Synego Slide te va scuti de astfel de inconvenien\u021be. Avantajul acesteia este c\u0103 \u0441\u0442\u0432\u043e\u0440\u043a\u0438 se deplaseaz\u0103 paralel cu rama. Pentru a deschide o u\u0219\u0103 sau o fereastr\u0103, trebuie doar s\u0103 roti\u021bi [&hellip;]<\/p>\n","protected":false},"author":1,"featured_media":0,"parent":3105,"menu_order":0,"comment_status":"closed","ping_status":"closed","template":"","meta":{"_seopress_robots_primary_cat":"","_seopress_titles_title":"","_seopress_titles_desc":"","_seopress_robots_index":"","footnotes":""},"acf":[],"_links":{"self":[{"href":"https:\/\/termopane.md\/ro\/wp-json\/wp\/v2\/pages\/3132"}],"collection":[{"href":"https:\/\/termopane.md\/ro\/wp-json\/wp\/v2\/pages"}],"about":[{"href":"https:\/\/termopane.md\/ro\/wp-json\/wp\/v2\/types\/page"}],"author":[{"embeddable":true,"href":"https:\/\/termopane.md\/ro\/wp-json\/wp\/v2\/users\/1"}],"replies":[{"embeddable":true,"href":"https:\/\/termopane.md\/ro\/wp-json\/wp\/v2\/comments?post=3132"}],"version-history":[{"count":0,"href":"https:\/\/termopane.md\/ro\/wp-json\/wp\/v2\/pages\/3132\/revisions"}],"up":[{"embeddable":true,"href":"https:\/\/termopane.md\/ro\/wp-json\/wp\/v2\/pages\/3105"}],"wp:attachment":[{"href":"https:\/\/termopane.md\/ro\/wp-json\/wp\/v2\/media?parent=3132"}],"curies":[{"name":"wp","href":"https:\/\/api.w.org\/{rel}","templated":true}]}}