{"id":3137,"date":"2022-05-21T23:41:17","date_gmt":"2022-05-21T20:41:17","guid":{"rendered":"https:\/\/termopane.md\/?page_id=3137"},"modified":"2022-05-27T15:04:05","modified_gmt":"2022-05-27T12:04:05","slug":"usa-armonice","status":"publish","type":"page","link":"https:\/\/termopane.md\/ro\/produse\/sistemele-glisante\/usa-armonice\/","title":{"rendered":"U\u0219\u0103 &#8211; Armonice"},"content":{"rendered":"\t\t<div data-elementor-type=\"wp-post\" data-elementor-id=\"3137\" class=\"elementor elementor-3137 elementor-2439\">\n\t\t\t\t\t\t\t\t\t<section class=\"elementor-section elementor-top-section elementor-element elementor-element-3f6ec899 elementor-section-boxed elementor-section-gap-default elementor-section-height-default elementor-section-height-default\" data-id=\"3f6ec899\" data-element_type=\"section\">\n\t\t\t\t\t\t<div class=\"elementor-container elementor-column-gap-default\">\n\t\t\t\t\t<div class=\"elementor-column elementor-col-16 elementor-top-column elementor-element elementor-element-4d8dc1d8\" data-id=\"4d8dc1d8\" data-element_type=\"column\">\n\t\t\t<div class=\"elementor-column-wrap--4d8dc1d8 elementor-widget-wrap\">\n\t\t\t\t\t\t\t\t\t<\/div>\n\t\t<\/div>\n\t\t\t\t<div class=\"elementor-column elementor-col-66 elementor-top-column elementor-element elementor-element-34630010\" data-id=\"34630010\" data-element_type=\"column\">\n\t\t\t<div class=\"elementor-column-wrap--34630010 elementor-widget-wrap elementor-element-populated\">\n\t\t\t\t\t\t\t\t<div class=\"elementor-element elementor-element-145173bb elementor-widget elementor-widget-heading\" data-id=\"145173bb\" data-element_type=\"widget\" data-widget_type=\"heading.default\">\n\t\t\t\t<div class=\"elementor-widget-container\">\n\t\t\t<style>\/*! elementor - v3.7.7 - 20-09-2022 *\/\n.elementor-heading-title{padding:0;margin:0;line-height:1}.elementor-widget-heading .elementor-heading-title[class*=elementor-size-]>a{color:inherit;font-size:inherit;line-height:inherit}.elementor-widget-heading .elementor-heading-title.elementor-size-small{font-size:15px}.elementor-widget-heading .elementor-heading-title.elementor-size-medium{font-size:19px}.elementor-widget-heading .elementor-heading-title.elementor-size-large{font-size:29px}.elementor-widget-heading .elementor-heading-title.elementor-size-xl{font-size:39px}.elementor-widget-heading .elementor-heading-title.elementor-size-xxl{font-size:59px}<\/style><h1 class=\"elementor-heading-title elementor-size-default\">U\u0219\u0103 - Armonice<\/h1>\t\t<\/div>\n\t\t\t\t<\/div>\n\t\t\t\t<div class=\"elementor-element elementor-element-41685b70 u-links-anim-ul elementor-widget elementor-widget-text-editor\" data-id=\"41685b70\" data-element_type=\"widget\" data-widget_type=\"text-editor.default\">\n\t\t\t\t<div class=\"elementor-widget-container\">\n\t\t\t<style>\/*! elementor - v3.7.7 - 20-09-2022 *\/\n.elementor-widget-text-editor.elementor-drop-cap-view-stacked .elementor-drop-cap{background-color:#818a91;color:#fff}.elementor-widget-text-editor.elementor-drop-cap-view-framed .elementor-drop-cap{color:#818a91;border:3px solid;background-color:transparent}.elementor-widget-text-editor:not(.elementor-drop-cap-view-default) .elementor-drop-cap{margin-top:8px}.elementor-widget-text-editor:not(.elementor-drop-cap-view-default) .elementor-drop-cap-letter{width:1em;height:1em}.elementor-widget-text-editor .elementor-drop-cap{float:left;text-align:center;line-height:1;font-size:50px}.elementor-widget-text-editor .elementor-drop-cap-letter{display:inline-block}<\/style>\t\t\t\tU\u0219ile de acest tip au devenit o tendin\u021b\u0103 \u00een lumea modern\u0103: ele sunt instalate \u00een restaurante \u0219i cafenele, \u00een birouri \u0219i vile. Cererea pentru ele este doar \u00een cre\u0219tere. De ce sunt aceste u\u0219i pliante at\u00e2t de populare \u0219i ce le face speciale?\n\t\t\t\t\t\t<\/div>\n\t\t\t\t<\/div>\n\t\t\t\t\t<\/div>\n\t\t<\/div>\n\t\t\t\t<div class=\"elementor-column elementor-col-16 elementor-top-column elementor-element elementor-element-32f2edf1\" data-id=\"32f2edf1\" data-element_type=\"column\">\n\t\t\t<div class=\"elementor-column-wrap--32f2edf1 elementor-widget-wrap\">\n\t\t\t\t\t\t\t\t\t<\/div>\n\t\t<\/div>\n\t\t\t\t\t\t\t<\/div>\n\t\t<\/section>\n\t\t\t\t<section class=\"elementor-section elementor-top-section elementor-element elementor-element-4d088d98 elementor-section-boxed elementor-section-gap-default elementor-section-height-default elementor-section-height-default\" data-id=\"4d088d98\" data-element_type=\"section\">\n\t\t\t\t\t\t<div class=\"elementor-container elementor-column-gap-default\">\n\t\t\t\t\t<div class=\"elementor-column elementor-col-16 elementor-top-column elementor-element elementor-element-651163ee\" data-id=\"651163ee\" data-element_type=\"column\">\n\t\t\t<div class=\"elementor-column-wrap--651163ee elementor-widget-wrap\">\n\t\t\t\t\t\t\t\t\t<\/div>\n\t\t<\/div>\n\t\t\t\t<div class=\"elementor-column elementor-col-66 elementor-top-column elementor-element elementor-element-3558221\" data-id=\"3558221\" data-element_type=\"column\">\n\t\t\t<div class=\"elementor-column-wrap--3558221 elementor-widget-wrap elementor-element-populated\">\n\t\t\t\t\t\t\t\t<div class=\"elementor-element elementor-element-4ca29855 elementor-widget elementor-widget-reycore-grid\" data-id=\"4ca29855\" data-element_type=\"widget\" data-widget_type=\"reycore-grid.default\">\n\t\t\t\t<div class=\"elementor-widget-container\">\n\t\t\t<div class=\"rey-gridEl --images --type-normal --type-md-normal --type-sm-normal\" style=\"--total:2\">\n\t\t<div class=\"__items \">\n\t\t\t<div class=\"__item\"><div class=\"rey-card --brooklyn\"><a href=\"https:\/\/termopane.md\/wp-content\/uploads\/2022\/04\/garnoshka2.jpg\" class=\"\" data-elementor-open-lightbox=\"yes\"><img decoding=\"async\" width=\"1024\" height=\"767\" src=\"https:\/\/termopane.md\/wp-content\/uploads\/2022\/04\/garnoshka2-1024x767.jpg\" class=\"__media\" alt=\"\" srcset=\"https:\/\/termopane.md\/wp-content\/uploads\/2022\/04\/garnoshka2-1024x767.jpg 1024w, https:\/\/termopane.md\/wp-content\/uploads\/2022\/04\/garnoshka2-300x225.jpg 300w, https:\/\/termopane.md\/wp-content\/uploads\/2022\/04\/garnoshka2-768x575.jpg 768w, https:\/\/termopane.md\/wp-content\/uploads\/2022\/04\/garnoshka2.jpg 1200w\" sizes=\"(max-width: 1024px) 100vw, 1024px\" \/><\/a><div class=\"__overlay\"><\/div><\/div><\/div><div class=\"__item\"><div class=\"rey-card --brooklyn\"><a href=\"https:\/\/termopane.md\/wp-content\/uploads\/2022\/04\/garnoshka1.jpg\" class=\"\" data-elementor-open-lightbox=\"yes\"><img decoding=\"async\" width=\"1024\" height=\"681\" src=\"https:\/\/termopane.md\/wp-content\/uploads\/2022\/04\/garnoshka1-1024x681.jpg\" class=\"__media\" alt=\"\" srcset=\"https:\/\/termopane.md\/wp-content\/uploads\/2022\/04\/garnoshka1-1024x681.jpg 1024w, https:\/\/termopane.md\/wp-content\/uploads\/2022\/04\/garnoshka1-300x200.jpg 300w, https:\/\/termopane.md\/wp-content\/uploads\/2022\/04\/garnoshka1-768x511.jpg 768w, https:\/\/termopane.md\/wp-content\/uploads\/2022\/04\/garnoshka1.jpg 1200w\" sizes=\"(max-width: 1024px) 100vw, 1024px\" \/><\/a><div class=\"__overlay\"><\/div><\/div><\/div>\t\t<\/div>\n\t\t<\/div>\t\t<\/div>\n\t\t\t\t<\/div>\n\t\t\t\t\t<\/div>\n\t\t<\/div>\n\t\t\t\t<div class=\"elementor-column elementor-col-16 elementor-top-column elementor-element elementor-element-36e06f38\" data-id=\"36e06f38\" data-element_type=\"column\">\n\t\t\t<div class=\"elementor-column-wrap--36e06f38 elementor-widget-wrap\">\n\t\t\t\t\t\t\t\t\t<\/div>\n\t\t<\/div>\n\t\t\t\t\t\t\t<\/div>\n\t\t<\/section>\n\t\t\t\t<section class=\"elementor-section elementor-top-section elementor-element elementor-element-71ccdad elementor-section-boxed elementor-section-gap-default elementor-section-height-default elementor-section-height-default\" data-id=\"71ccdad\" data-element_type=\"section\">\n\t\t\t\t\t\t<div class=\"elementor-container elementor-column-gap-default\">\n\t\t\t\t\t<div class=\"elementor-column elementor-col-25 elementor-top-column elementor-element elementor-element-595371ec\" data-id=\"595371ec\" data-element_type=\"column\">\n\t\t\t<div class=\"elementor-column-wrap--595371ec elementor-widget-wrap\">\n\t\t\t\t\t\t\t\t\t<\/div>\n\t\t<\/div>\n\t\t\t\t<div class=\"elementor-column elementor-col-25 elementor-top-column elementor-element elementor-element-1c4328c7\" data-id=\"1c4328c7\" data-element_type=\"column\">\n\t\t\t<div class=\"elementor-column-wrap--1c4328c7 elementor-widget-wrap elementor-element-populated\">\n\t\t\t\t\t\t\t\t<div class=\"elementor-element elementor-element-69eb4de5 elementor-widget elementor-widget-heading\" data-id=\"69eb4de5\" data-element_type=\"widget\" data-widget_type=\"heading.default\">\n\t\t\t\t<div class=\"elementor-widget-container\">\n\t\t\t<h2 class=\"elementor-heading-title elementor-size-default\">Descriere<\/h2>\t\t<\/div>\n\t\t\t\t<\/div>\n\t\t\t\t<div class=\"elementor-element elementor-element-5bf4e480 u-links-anim-ul elementor-widget elementor-widget-text-editor\" data-id=\"5bf4e480\" data-element_type=\"widget\" data-widget_type=\"text-editor.default\">\n\t\t\t\t<div class=\"elementor-widget-container\">\n\t\t\t\t\t\t\t<p>U\u0219ile Armonice nu ocup\u0103 mult spa\u021biu \u0219i ajut\u0103 la folosirea economic\u0103 a spa\u021biului. De exemplu, ele combin\u0103 o camer\u0103 de zi \u0219i o teras\u0103 de var\u0103 \u00eentr-o cas\u0103 privat\u0103, o buc\u0103t\u0103rie \u0219i un foi\u0219or, un dormitor \u0219i un balcon sau alte camere. U\u0219a este format\u0103 din c\u00e2teva \u0441\u0442\u0432\u043e\u0440\u043a\u0438, care sunt pliate \u0219i \u00eendep\u0103rtate folosind un mecanism special. Dintr-o parte seam\u0103n\u0103 cu un acordeon mare. Fiecare \u0441\u0442\u0432\u043e\u0440\u043a\u0430 este bine fixat\u0103. Astfel de u\u0219i nu sunt doar frumoase \u0219i arat\u0103 neobi\u0219nuit din exterior, dar \u0219i sunt foarte fiabile. Acest tip de u\u0219\u0103 v\u0103 vor proteja casa sau biroul de zgomot \u0219i vreme rea.<\/p><p><span style=\"color: var( --e-global-color-text ); font-family: var( --e-global-typography-text-font-family ), Sans-serif; font-weight: var( --e-global-typography-text-font-weight ); background-color: var(--body-bg-color); font-size: var(--body-font-size);\">Crede\u021bi c\u0103 u\u0219ile originale sunt incomod de deschis \u0219i \u00eenchis? Dimpotriv\u0103, totul este at\u00e2t de simplu \u00eenc\u00e2t oricine \u00ee\u0219i poate da seama. Plusul \u201eacordeoanelor\u201d este c\u0103 nu este necesar s\u0103 deschide\u021bi toate \u0441\u0442\u0432\u043e\u0440\u043a\u0438 simultan, este suficient s\u0103 folosi\u021bi una sau dou\u0103. (Pute\u021bi deschide un pic u\u0219a \u0219i s\u0103 ventila\u021bi cu u\u0219urin\u021b\u0103 camera). Designul se str\u00e2nge foarte compact ocup\u00e2nd o suprafa\u021b\u0103 mic\u0103.<\/span><\/p><p><span style=\"color: var( --e-global-color-text ); font-family: var( --e-global-typography-text-font-family ), Sans-serif; font-weight: var( --e-global-typography-text-font-weight ); background-color: var(--body-bg-color); font-size: var(--body-font-size);\">U\u0219ile armonice (ca \u0219i restul produselor companiei noastre) sunt sigure, \u00eendeplinesc toate cerin\u021bele \u0219i standardele de calitate. Instalarea u\u0219ilor pliante nu este foarte dificil\u0103, dar este mai bine s\u0103 nu o face\u021bi singur. \u00cencredin\u021ba\u021bi instala\u021bia unor speciali\u0219ti.<\/span><\/p><p><span style=\"color: var( --e-global-color-text ); font-family: var( --e-global-typography-text-font-family ), Sans-serif; font-weight: var( --e-global-typography-text-font-weight ); background-color: var(--body-bg-color); font-size: var(--body-font-size);\">Rehau ofer\u0103 mai multe op\u021biuni pentru tipul de u\u0219i \u201e Armonice\u201d \u00een diferite culori, cu diferite modele de deschidere \u0219i num\u0103r de u\u0219i. Alege\u021bi ceea ce vi se potrive\u0219te cel mai mult.<\/span><\/p>\t\t\t\t\t\t<\/div>\n\t\t\t\t<\/div>\n\t\t\t\t\t<\/div>\n\t\t<\/div>\n\t\t\t\t<div class=\"elementor-column elementor-col-25 elementor-top-column elementor-element elementor-element-4984452c\" data-id=\"4984452c\" data-element_type=\"column\">\n\t\t\t<div class=\"elementor-column-wrap--4984452c elementor-widget-wrap elementor-element-populated\">\n\t\t\t\t\t\t\t\t<div class=\"elementor-element elementor-element-393c6774 elementor-widget elementor-widget-heading\" data-id=\"393c6774\" data-element_type=\"widget\" data-widget_type=\"heading.default\">\n\t\t\t\t<div class=\"elementor-widget-container\">\n\t\t\t<h2 class=\"elementor-heading-title elementor-size-default\">Specifica\u021bii<\/h2>\t\t<\/div>\n\t\t\t\t<\/div>\n\t\t\t\t<div class=\"elementor-element elementor-element-839c3a1 u-links-anim-ul elementor-widget elementor-widget-text-editor\" data-id=\"839c3a1\" data-element_type=\"widget\" data-widget_type=\"text-editor.default\">\n\t\t\t\t<div class=\"elementor-widget-container\">\n\t\t\t\t\t\t\t<p>Varietate de op\u021biuni de deschidere.<br><span style=\"color: var( --e-global-color-text ); font-family: var( --e-global-typography-text-font-family ), Sans-serif; font-weight: var( --e-global-typography-text-font-weight ); background-color: var(--body-bg-color); font-size: var(--body-font-size);\">Num\u0103r variabil de caneluri.<br><\/span><span style=\"color: var( --e-global-color-text ); font-family: var( --e-global-typography-text-font-family ), Sans-serif; font-weight: var( --e-global-typography-text-font-weight ); background-color: var(--body-bg-color); font-size: var(--body-font-size);\">Pute\u021bi folosi doar o singur\u0103 cercevel\u0103 \u00een \u201eacordeon\u201d ca principal\u0103, oferindu-i o func\u021bie de \u00eenclinare \u0219i \u00eentoarcere sau un set de ap\u0103sare pe 2 fe\u021be cu o cheie.<br><\/span><span style=\"color: var( --e-global-color-text ); font-family: var( --e-global-typography-text-font-family ), Sans-serif; font-weight: var( --e-global-typography-text-font-weight ); background-color: var(--body-bg-color); font-size: var(--body-font-size);\">Acest desen prezint\u0103 varietatea posibilelor modele de deschidere pentru u\u0219ile acordeonului, precum \u0219i dimensiunile maxime ale acestora.<br><\/span><span style=\"color: var( --e-global-color-text ); font-family: var( --e-global-typography-text-font-family ), Sans-serif; font-weight: var( --e-global-typography-text-font-weight ); background-color: var(--body-bg-color); font-size: var(--body-font-size);\">Este important aici ca num\u0103rul maxim de aripi din design s\u0103 fie de 7, iar dimensiunea maxim\u0103 a frunzei s\u0103 fie de p\u00e2n\u0103 la 2400 x 900 mm, \u00een timp ce greutatea frunzei nu trebuie s\u0103 dep\u0103\u0219easc\u0103 80 kg.<\/span><\/p>\t\t\t\t\t\t<\/div>\n\t\t\t\t<\/div>\n\t\t\t\t\t<\/div>\n\t\t<\/div>\n\t\t\t\t<div class=\"elementor-column elementor-col-25 elementor-top-column elementor-element elementor-element-3e4468e6\" data-id=\"3e4468e6\" data-element_type=\"column\">\n\t\t\t<div class=\"elementor-column-wrap--3e4468e6 elementor-widget-wrap\">\n\t\t\t\t\t\t\t\t\t<\/div>\n\t\t<\/div>\n\t\t\t\t\t\t\t<\/div>\n\t\t<\/section>\n\t\t\t\t\t\t\t<\/div>\n\t\t","protected":false},"excerpt":{"rendered":"<p>U\u0219\u0103 &#8211; Armonice U\u0219ile de acest tip au devenit o tendin\u021b\u0103 \u00een lumea modern\u0103: ele sunt instalate \u00een restaurante \u0219i cafenele, \u00een birouri \u0219i vile. Cererea pentru ele este doar \u00een cre\u0219tere. De ce sunt aceste u\u0219i pliante at\u00e2t de populare \u0219i ce le face speciale? Descriere U\u0219ile Armonice nu ocup\u0103 mult spa\u021biu \u0219i ajut\u0103 [&hellip;]<\/p>\n","protected":false},"author":1,"featured_media":0,"parent":3105,"menu_order":0,"comment_status":"closed","ping_status":"closed","template":"","meta":{"_seopress_robots_primary_cat":"","_seopress_titles_title":"","_seopress_titles_desc":"","_seopress_robots_index":"","footnotes":""},"acf":[],"_links":{"self":[{"href":"https:\/\/termopane.md\/ro\/wp-json\/wp\/v2\/pages\/3137"}],"collection":[{"href":"https:\/\/termopane.md\/ro\/wp-json\/wp\/v2\/pages"}],"about":[{"href":"https:\/\/termopane.md\/ro\/wp-json\/wp\/v2\/types\/page"}],"author":[{"embeddable":true,"href":"https:\/\/termopane.md\/ro\/wp-json\/wp\/v2\/users\/1"}],"replies":[{"embeddable":true,"href":"https:\/\/termopane.md\/ro\/wp-json\/wp\/v2\/comments?post=3137"}],"version-history":[{"count":0,"href":"https:\/\/termopane.md\/ro\/wp-json\/wp\/v2\/pages\/3137\/revisions"}],"up":[{"embeddable":true,"href":"https:\/\/termopane.md\/ro\/wp-json\/wp\/v2\/pages\/3105"}],"wp:attachment":[{"href":"https:\/\/termopane.md\/ro\/wp-json\/wp\/v2\/media?parent=3137"}],"curies":[{"name":"wp","href":"https:\/\/api.w.org\/{rel}","templated":true}]}}