{"id":3163,"date":"2022-05-21T23:52:46","date_gmt":"2022-05-21T20:52:46","guid":{"rendered":"https:\/\/termopane.md\/?page_id=3163"},"modified":"2022-05-27T15:06:39","modified_gmt":"2022-05-27T12:06:39","slug":"sisteme-de-usi-70-mm","status":"publish","type":"page","link":"https:\/\/termopane.md\/ro\/produse\/usi-de-intrare\/sisteme-de-usi-70-mm\/","title":{"rendered":"Sisteme de u\u0219i 70 mm"},"content":{"rendered":"\t\t<div data-elementor-type=\"wp-post\" data-elementor-id=\"3163\" class=\"elementor elementor-3163 elementor-2449\">\n\t\t\t\t\t\t\t\t\t<section class=\"elementor-section elementor-top-section elementor-element elementor-element-31fa9de4 elementor-section-boxed elementor-section-gap-default elementor-section-height-default elementor-section-height-default\" data-id=\"31fa9de4\" data-element_type=\"section\">\n\t\t\t\t\t\t<div class=\"elementor-container elementor-column-gap-default\">\n\t\t\t\t\t<div class=\"elementor-column elementor-col-16 elementor-top-column elementor-element elementor-element-64fc300d\" data-id=\"64fc300d\" data-element_type=\"column\">\n\t\t\t<div class=\"elementor-column-wrap--64fc300d elementor-widget-wrap\">\n\t\t\t\t\t\t\t\t\t<\/div>\n\t\t<\/div>\n\t\t\t\t<div class=\"elementor-column elementor-col-66 elementor-top-column elementor-element elementor-element-61f3cfcf\" data-id=\"61f3cfcf\" data-element_type=\"column\">\n\t\t\t<div class=\"elementor-column-wrap--61f3cfcf elementor-widget-wrap elementor-element-populated\">\n\t\t\t\t\t\t\t\t<div class=\"elementor-element elementor-element-7961e8d4 elementor-widget elementor-widget-heading\" data-id=\"7961e8d4\" data-element_type=\"widget\" data-widget_type=\"heading.default\">\n\t\t\t\t<div class=\"elementor-widget-container\">\n\t\t\t<style>\/*! elementor - v3.7.7 - 20-09-2022 *\/\n.elementor-heading-title{padding:0;margin:0;line-height:1}.elementor-widget-heading .elementor-heading-title[class*=elementor-size-]>a{color:inherit;font-size:inherit;line-height:inherit}.elementor-widget-heading .elementor-heading-title.elementor-size-small{font-size:15px}.elementor-widget-heading .elementor-heading-title.elementor-size-medium{font-size:19px}.elementor-widget-heading .elementor-heading-title.elementor-size-large{font-size:29px}.elementor-widget-heading .elementor-heading-title.elementor-size-xl{font-size:39px}.elementor-widget-heading .elementor-heading-title.elementor-size-xxl{font-size:59px}<\/style><h1 class=\"elementor-heading-title elementor-size-default\">Sisteme de u\u0219i Rehau 70 mm<\/h1>\t\t<\/div>\n\t\t\t\t<\/div>\n\t\t\t\t<div class=\"elementor-element elementor-element-49ac352a u-links-anim-ul elementor-widget elementor-widget-text-editor\" data-id=\"49ac352a\" data-element_type=\"widget\" data-widget_type=\"text-editor.default\">\n\t\t\t\t<div class=\"elementor-widget-container\">\n\t\t\t<style>\/*! elementor - v3.7.7 - 20-09-2022 *\/\n.elementor-widget-text-editor.elementor-drop-cap-view-stacked .elementor-drop-cap{background-color:#818a91;color:#fff}.elementor-widget-text-editor.elementor-drop-cap-view-framed .elementor-drop-cap{color:#818a91;border:3px solid;background-color:transparent}.elementor-widget-text-editor:not(.elementor-drop-cap-view-default) .elementor-drop-cap{margin-top:8px}.elementor-widget-text-editor:not(.elementor-drop-cap-view-default) .elementor-drop-cap-letter{width:1em;height:1em}.elementor-widget-text-editor .elementor-drop-cap{float:left;text-align:center;line-height:1;font-size:50px}.elementor-widget-text-editor .elementor-drop-cap-letter{display:inline-block}<\/style>\t\t\t\tAtunci c\u00e2nd alege\u021bi o u\u0219\u0103 de intrare asigura\u021bi-v\u0103 c\u0103 afla\u021bi cine e produc\u0103torul, dac\u0103 a trecut de certificare \u0219i ce clas\u0103 de securitate \u00eempotriva efrac\u021biei i-a fost atribuit\u0103. At\u00e2t p\u0103strarea propriet\u0103\u021bii tale, c\u00e2t \u0219i via\u021ba ta depinde de asta.\t\t\t\t\t\t<\/div>\n\t\t\t\t<\/div>\n\t\t\t\t\t<\/div>\n\t\t<\/div>\n\t\t\t\t<div class=\"elementor-column elementor-col-16 elementor-top-column elementor-element elementor-element-3580ad10\" data-id=\"3580ad10\" data-element_type=\"column\">\n\t\t\t<div class=\"elementor-column-wrap--3580ad10 elementor-widget-wrap\">\n\t\t\t\t\t\t\t\t\t<\/div>\n\t\t<\/div>\n\t\t\t\t\t\t\t<\/div>\n\t\t<\/section>\n\t\t\t\t<section class=\"elementor-section elementor-top-section elementor-element elementor-element-2182dc25 elementor-section-boxed elementor-section-gap-default elementor-section-height-default elementor-section-height-default\" data-id=\"2182dc25\" data-element_type=\"section\">\n\t\t\t\t\t\t<div class=\"elementor-container elementor-column-gap-default\">\n\t\t\t\t\t<div class=\"elementor-column elementor-col-16 elementor-top-column elementor-element elementor-element-3a145446\" data-id=\"3a145446\" data-element_type=\"column\">\n\t\t\t<div class=\"elementor-column-wrap--3a145446 elementor-widget-wrap\">\n\t\t\t\t\t\t\t\t\t<\/div>\n\t\t<\/div>\n\t\t\t\t<div class=\"elementor-column elementor-col-66 elementor-top-column elementor-element elementor-element-456ffba1\" data-id=\"456ffba1\" data-element_type=\"column\">\n\t\t\t<div class=\"elementor-column-wrap--456ffba1 elementor-widget-wrap elementor-element-populated\">\n\t\t\t\t\t\t\t\t<div class=\"elementor-element elementor-element-215c82b elementor-widget elementor-widget-reycore-grid\" data-id=\"215c82b\" data-element_type=\"widget\" data-widget_type=\"reycore-grid.default\">\n\t\t\t\t<div class=\"elementor-widget-container\">\n\t\t\t<div class=\"rey-gridEl --images --type-normal --type-md-normal --type-sm-normal\" style=\"--total:1\">\n\t\t<div class=\"__items \">\n\t\t\t<div class=\"__item\"><div class=\"rey-card --brooklyn\"><a href=\"https:\/\/termopane.md\/wp-content\/uploads\/2022\/04\/Synego-80.jpg\" class=\"\" data-elementor-open-lightbox=\"yes\"><img decoding=\"async\" width=\"1024\" height=\"768\" src=\"https:\/\/termopane.md\/wp-content\/uploads\/2022\/04\/Synego-80-1024x768.jpg\" class=\"__media\" alt=\"\u043e\u043a\u043d\u0430 Rehau\" srcset=\"https:\/\/termopane.md\/wp-content\/uploads\/2022\/04\/Synego-80-1024x768.jpg 1024w, https:\/\/termopane.md\/wp-content\/uploads\/2022\/04\/Synego-80-300x225.jpg 300w, https:\/\/termopane.md\/wp-content\/uploads\/2022\/04\/Synego-80-768x576.jpg 768w, https:\/\/termopane.md\/wp-content\/uploads\/2022\/04\/Synego-80.jpg 1500w\" sizes=\"(max-width: 1024px) 100vw, 1024px\" \/><\/a><div class=\"__overlay\"><\/div><\/div><\/div>\t\t<\/div>\n\t\t<\/div>\t\t<\/div>\n\t\t\t\t<\/div>\n\t\t\t\t\t<\/div>\n\t\t<\/div>\n\t\t\t\t<div class=\"elementor-column elementor-col-16 elementor-top-column elementor-element elementor-element-5679800a\" data-id=\"5679800a\" data-element_type=\"column\">\n\t\t\t<div class=\"elementor-column-wrap--5679800a elementor-widget-wrap\">\n\t\t\t\t\t\t\t\t\t<\/div>\n\t\t<\/div>\n\t\t\t\t\t\t\t<\/div>\n\t\t<\/section>\n\t\t\t\t<section class=\"elementor-section elementor-top-section elementor-element elementor-element-7cc8c0aa elementor-section-boxed elementor-section-gap-default elementor-section-height-default elementor-section-height-default\" data-id=\"7cc8c0aa\" data-element_type=\"section\">\n\t\t\t\t\t\t<div class=\"elementor-container elementor-column-gap-default\">\n\t\t\t\t\t<div class=\"elementor-column elementor-col-25 elementor-top-column elementor-element elementor-element-5514e856\" data-id=\"5514e856\" data-element_type=\"column\">\n\t\t\t<div class=\"elementor-column-wrap--5514e856 elementor-widget-wrap\">\n\t\t\t\t\t\t\t\t\t<\/div>\n\t\t<\/div>\n\t\t\t\t<div class=\"elementor-column elementor-col-25 elementor-top-column elementor-element elementor-element-6e1f89b5\" data-id=\"6e1f89b5\" data-element_type=\"column\">\n\t\t\t<div class=\"elementor-column-wrap--6e1f89b5 elementor-widget-wrap elementor-element-populated\">\n\t\t\t\t\t\t\t\t<div class=\"elementor-element elementor-element-4fd2f33 elementor-widget elementor-widget-heading\" data-id=\"4fd2f33\" data-element_type=\"widget\" data-widget_type=\"heading.default\">\n\t\t\t\t<div class=\"elementor-widget-container\">\n\t\t\t<h2 class=\"elementor-heading-title elementor-size-default\">Descriere<\/h2>\t\t<\/div>\n\t\t\t\t<\/div>\n\t\t\t\t<div class=\"elementor-element elementor-element-23f9fca0 u-links-anim-ul elementor-widget elementor-widget-text-editor\" data-id=\"23f9fca0\" data-element_type=\"widget\" data-widget_type=\"text-editor.default\">\n\t\t\t\t<div class=\"elementor-widget-container\">\n\t\t\t\t\t\t\t<p>Sistemele de u\u0219i de intrare Rehau au trecut testele relevante \u00een Germania \u0219i au primit clasa RC3 (cea mai \u00eenalt\u0103 posibil). U\u0219ile masive cu arm\u0103turi din o\u021bel se \u00eenchid etan\u0219 \u0219i te protejeaz\u0103 nu numai de oaspe\u021bii nepofti\u021bi, dar te protejeaz\u0103 \u0219i de \u00eenghe\u021b, praf, zgomot \u0219i economise\u0219te c\u0103ldur\u0103. Profilele Rehau 70 asigur\u0103 o izolare termic\u0103 \u0219i fonic\u0103 excelent\u0103. Sunt dotate cu 4 camere de aer \u0219i 2 circuite de etan\u0219are, care v\u0103 vor permite s\u0103 men\u021bine\u021bi un microclimat optim \u00een \u00eenc\u0103peri, magazine, saloane \u0219i birouri pe tot parcursul anului.<\/p><p><span style=\"color: var( --e-global-color-text ); font-family: var( --e-global-typography-text-font-family ), Sans-serif; font-weight: var( --e-global-typography-text-font-weight ); background-color: var(--body-bg-color); font-size: var(--body-font-size);\">U\u0219ile Rehau 70 se \u00eembin\u0103 perfect cu ferestrele \u0219i fa\u021bada cl\u0103dirii. \u00cen ultimul timp, oamenii dau din ce \u00een ce mai mult preferin\u021b\u0103 u\u0219ilor de intrare cu inser\u021bii de sticl\u0103. Este at\u00e2t frumos c\u00e2t \u0219i permite luminii soarelui s\u0103 p\u0103trund\u0103 \u00een camer\u0103 economisind energie electric\u0103. Nu v\u0103 \u00eendoi\u021bi de fiabilitatea unei astfel de construc\u021bii! Pentru decor se alege sticl\u0103 groas\u0103 (transparent\u0103 sau colorat\u0103), rezistent\u0103 la impact, v\u00e2nturi puternice. Pute\u021bi alege designul \u0219i culoarea u\u0219ii potrivite.<\/span><\/p><p><span style=\"color: var( --e-global-color-text ); font-family: var( --e-global-typography-text-font-family ), Sans-serif; font-weight: var( --e-global-typography-text-font-weight ); background-color: var(--body-bg-color); font-size: var(--body-font-size);\">Materialele naturale sunt deosebit de populare \u00een r\u00e2ndul designerilor de exterior. Rehau a dezvoltat colec\u021bia WOODEC (Wood&amp;Decor) care imit\u0103 textura lemnului. Cump\u0103r\u0103torii au posibilitatea de a comanda u\u0219i de intrare sub mesteac\u0103n, stejar, nuc, nuan\u021be deschise sau \u00eenchise. L\u0103sa\u021bi-v\u0103 casa sau biroul s\u0103 fie frumos, modern \u0219i elegant.<\/span><\/p>\t\t\t\t\t\t<\/div>\n\t\t\t\t<\/div>\n\t\t\t\t\t<\/div>\n\t\t<\/div>\n\t\t\t\t<div class=\"elementor-column elementor-col-25 elementor-top-column elementor-element elementor-element-749ab12a\" data-id=\"749ab12a\" data-element_type=\"column\">\n\t\t\t<div class=\"elementor-column-wrap--749ab12a elementor-widget-wrap elementor-element-populated\">\n\t\t\t\t\t\t\t\t<div class=\"elementor-element elementor-element-80976fc elementor-widget elementor-widget-heading\" data-id=\"80976fc\" data-element_type=\"widget\" data-widget_type=\"heading.default\">\n\t\t\t\t<div class=\"elementor-widget-container\">\n\t\t\t<h2 class=\"elementor-heading-title elementor-size-default\">Specifica\u021bii<\/h2>\t\t<\/div>\n\t\t\t\t<\/div>\n\t\t\t\t<div class=\"elementor-element elementor-element-cf58d33 u-links-anim-ul elementor-widget elementor-widget-text-editor\" data-id=\"cf58d33\" data-element_type=\"widget\" data-widget_type=\"text-editor.default\">\n\t\t\t\t<div class=\"elementor-widget-container\">\n\t\t\t\t\t\t\t<ul>\n<li>Ad\u00e2ncimea sistemului: 70 mm.<\/li><li>Numar de camere: 4\/5<\/li><li>Rezisten\u021b\u0103 redus\u0103 la transferul de c\u0103ldur\u0103 Ropr 0,70 m\u00b2\u00b0\u0421\/W cu arm\u0103tur\u0103 din o\u021bel<\/li><li>Material: RAU-PVC, folosind stabilizatori calciu-zinc<\/li><li>Inginerie termic\u0103 \u00eembun\u0103t\u0103\u021bit\u0103 datorit\u0103 structurii cu 4 camere a profilului<\/li><li>Pre\u021b competitiv datorit\u0103 geometriei actualizate \u0219i localiz\u0103rii produc\u021biei<\/li><li>Compatibilitate cu casetele de ad\u00e2ncime ale sistemului de 70 mm \u0219i arm\u0103turi standard<\/li>\n<\/ul>\t\t\t\t\t\t<\/div>\n\t\t\t\t<\/div>\n\t\t\t\t\t<\/div>\n\t\t<\/div>\n\t\t\t\t<div class=\"elementor-column elementor-col-25 elementor-top-column elementor-element elementor-element-50132c28\" data-id=\"50132c28\" data-element_type=\"column\">\n\t\t\t<div class=\"elementor-column-wrap--50132c28 elementor-widget-wrap\">\n\t\t\t\t\t\t\t\t\t<\/div>\n\t\t<\/div>\n\t\t\t\t\t\t\t<\/div>\n\t\t<\/section>\n\t\t\t\t\t\t\t<\/div>\n\t\t","protected":false},"excerpt":{"rendered":"<p>Sisteme de u\u0219i Rehau 70 mm Atunci c\u00e2nd alege\u021bi o u\u0219\u0103 de intrare asigura\u021bi-v\u0103 c\u0103 afla\u021bi cine e produc\u0103torul, dac\u0103 a trecut de certificare \u0219i ce clas\u0103 de securitate \u00eempotriva efrac\u021biei i-a fost atribuit\u0103. At\u00e2t p\u0103strarea propriet\u0103\u021bii tale, c\u00e2t \u0219i via\u021ba ta depinde de asta. Descriere Sistemele de u\u0219i de intrare Rehau au trecut testele [&hellip;]<\/p>\n","protected":false},"author":1,"featured_media":0,"parent":3062,"menu_order":0,"comment_status":"closed","ping_status":"closed","template":"","meta":{"_seopress_robots_primary_cat":"","_seopress_titles_title":"","_seopress_titles_desc":"","_seopress_robots_index":"","footnotes":""},"acf":[],"_links":{"self":[{"href":"https:\/\/termopane.md\/ro\/wp-json\/wp\/v2\/pages\/3163"}],"collection":[{"href":"https:\/\/termopane.md\/ro\/wp-json\/wp\/v2\/pages"}],"about":[{"href":"https:\/\/termopane.md\/ro\/wp-json\/wp\/v2\/types\/page"}],"author":[{"embeddable":true,"href":"https:\/\/termopane.md\/ro\/wp-json\/wp\/v2\/users\/1"}],"replies":[{"embeddable":true,"href":"https:\/\/termopane.md\/ro\/wp-json\/wp\/v2\/comments?post=3163"}],"version-history":[{"count":0,"href":"https:\/\/termopane.md\/ro\/wp-json\/wp\/v2\/pages\/3163\/revisions"}],"up":[{"embeddable":true,"href":"https:\/\/termopane.md\/ro\/wp-json\/wp\/v2\/pages\/3062"}],"wp:attachment":[{"href":"https:\/\/termopane.md\/ro\/wp-json\/wp\/v2\/media?parent=3163"}],"curies":[{"name":"wp","href":"https:\/\/api.w.org\/{rel}","templated":true}]}}