{"id":3171,"date":"2022-05-21T23:55:38","date_gmt":"2022-05-21T20:55:38","guid":{"rendered":"https:\/\/termopane.md\/?page_id=3171"},"modified":"2022-05-27T15:08:11","modified_gmt":"2022-05-27T12:08:11","slug":"sisteme-de-usi-80-mm","status":"publish","type":"page","link":"https:\/\/termopane.md\/ro\/produse\/usi-de-intrare\/sisteme-de-usi-80-mm\/","title":{"rendered":"Sisteme de u\u0219i 80 mm"},"content":{"rendered":"\t\t<div data-elementor-type=\"wp-post\" data-elementor-id=\"3171\" class=\"elementor elementor-3171 elementor-2454\">\n\t\t\t\t\t\t\t\t\t<section class=\"elementor-section elementor-top-section elementor-element elementor-element-6065d051 elementor-section-boxed elementor-section-gap-default elementor-section-height-default elementor-section-height-default\" data-id=\"6065d051\" data-element_type=\"section\">\n\t\t\t\t\t\t<div class=\"elementor-container elementor-column-gap-default\">\n\t\t\t\t\t<div class=\"elementor-column elementor-col-16 elementor-top-column elementor-element elementor-element-369e7a45\" data-id=\"369e7a45\" data-element_type=\"column\">\n\t\t\t<div class=\"elementor-column-wrap--369e7a45 elementor-widget-wrap\">\n\t\t\t\t\t\t\t\t\t<\/div>\n\t\t<\/div>\n\t\t\t\t<div class=\"elementor-column elementor-col-66 elementor-top-column elementor-element elementor-element-2658fa64\" data-id=\"2658fa64\" data-element_type=\"column\">\n\t\t\t<div class=\"elementor-column-wrap--2658fa64 elementor-widget-wrap elementor-element-populated\">\n\t\t\t\t\t\t\t\t<div class=\"elementor-element elementor-element-1ef634c6 elementor-widget elementor-widget-heading\" data-id=\"1ef634c6\" data-element_type=\"widget\" data-widget_type=\"heading.default\">\n\t\t\t\t<div class=\"elementor-widget-container\">\n\t\t\t<style>\/*! elementor - v3.7.7 - 20-09-2022 *\/\n.elementor-heading-title{padding:0;margin:0;line-height:1}.elementor-widget-heading .elementor-heading-title[class*=elementor-size-]>a{color:inherit;font-size:inherit;line-height:inherit}.elementor-widget-heading .elementor-heading-title.elementor-size-small{font-size:15px}.elementor-widget-heading .elementor-heading-title.elementor-size-medium{font-size:19px}.elementor-widget-heading .elementor-heading-title.elementor-size-large{font-size:29px}.elementor-widget-heading .elementor-heading-title.elementor-size-xl{font-size:39px}.elementor-widget-heading .elementor-heading-title.elementor-size-xxl{font-size:59px}<\/style><h1 class=\"elementor-heading-title elementor-size-default\">Sisteme de u\u0219i Rehau 80 mm<\/h1>\t\t<\/div>\n\t\t\t\t<\/div>\n\t\t\t\t<div class=\"elementor-element elementor-element-26779dff u-links-anim-ul elementor-widget elementor-widget-text-editor\" data-id=\"26779dff\" data-element_type=\"widget\" data-widget_type=\"text-editor.default\">\n\t\t\t\t<div class=\"elementor-widget-container\">\n\t\t\t<style>\/*! elementor - v3.7.7 - 20-09-2022 *\/\n.elementor-widget-text-editor.elementor-drop-cap-view-stacked .elementor-drop-cap{background-color:#818a91;color:#fff}.elementor-widget-text-editor.elementor-drop-cap-view-framed .elementor-drop-cap{color:#818a91;border:3px solid;background-color:transparent}.elementor-widget-text-editor:not(.elementor-drop-cap-view-default) .elementor-drop-cap{margin-top:8px}.elementor-widget-text-editor:not(.elementor-drop-cap-view-default) .elementor-drop-cap-letter{width:1em;height:1em}.elementor-widget-text-editor .elementor-drop-cap{float:left;text-align:center;line-height:1;font-size:50px}.elementor-widget-text-editor .elementor-drop-cap-letter{display:inline-block}<\/style>\t\t\t\tUnul dintre criteriile importante atunci c\u00e2nd alege\u021bi o u\u0219\u0103 de intrare este izolarea termic\u0103. \u00cen caz contrar, u\u0219a va \u00eencepe s\u0103 \u00eenghe\u021be \u0219i va trebui s\u0103 cheltui\u021bi bani \u0219i timp suplimentar pentru \u00eenc\u0103lzirea camerei. Asigura\u021bi-v\u0103 c\u0103 acorda\u021bi aten\u021bie profilului, num\u0103rului de camere, etan\u0219\u0103rii.\n\t\t\t\t\t\t<\/div>\n\t\t\t\t<\/div>\n\t\t\t\t\t<\/div>\n\t\t<\/div>\n\t\t\t\t<div class=\"elementor-column elementor-col-16 elementor-top-column elementor-element elementor-element-50e6e55\" data-id=\"50e6e55\" data-element_type=\"column\">\n\t\t\t<div class=\"elementor-column-wrap--50e6e55 elementor-widget-wrap\">\n\t\t\t\t\t\t\t\t\t<\/div>\n\t\t<\/div>\n\t\t\t\t\t\t\t<\/div>\n\t\t<\/section>\n\t\t\t\t<section class=\"elementor-section elementor-top-section elementor-element elementor-element-5d4ae7fe elementor-section-boxed elementor-section-gap-default elementor-section-height-default elementor-section-height-default\" data-id=\"5d4ae7fe\" data-element_type=\"section\">\n\t\t\t\t\t\t<div class=\"elementor-container elementor-column-gap-default\">\n\t\t\t\t\t<div class=\"elementor-column elementor-col-16 elementor-top-column elementor-element elementor-element-5ae10ba0\" data-id=\"5ae10ba0\" data-element_type=\"column\">\n\t\t\t<div class=\"elementor-column-wrap--5ae10ba0 elementor-widget-wrap\">\n\t\t\t\t\t\t\t\t\t<\/div>\n\t\t<\/div>\n\t\t\t\t<div class=\"elementor-column elementor-col-66 elementor-top-column elementor-element elementor-element-7d7c0933\" data-id=\"7d7c0933\" data-element_type=\"column\">\n\t\t\t<div class=\"elementor-column-wrap--7d7c0933 elementor-widget-wrap elementor-element-populated\">\n\t\t\t\t\t\t\t\t<div class=\"elementor-element elementor-element-4550541b elementor-widget elementor-widget-reycore-grid\" data-id=\"4550541b\" data-element_type=\"widget\" data-widget_type=\"reycore-grid.default\">\n\t\t\t\t<div class=\"elementor-widget-container\">\n\t\t\t<div class=\"rey-gridEl --images --type-normal --type-md-normal --type-sm-normal\" style=\"--total:1\">\n\t\t<div class=\"__items \">\n\t\t\t<div class=\"__item\"><div class=\"rey-card --brooklyn\"><a href=\"https:\/\/termopane.md\/wp-content\/uploads\/2022\/04\/Synego-80.jpg\" class=\"\" data-elementor-open-lightbox=\"yes\"><img decoding=\"async\" width=\"1024\" height=\"768\" src=\"https:\/\/termopane.md\/wp-content\/uploads\/2022\/04\/Synego-80-1024x768.jpg\" class=\"__media\" alt=\"\u043e\u043a\u043d\u0430 Rehau\" srcset=\"https:\/\/termopane.md\/wp-content\/uploads\/2022\/04\/Synego-80-1024x768.jpg 1024w, https:\/\/termopane.md\/wp-content\/uploads\/2022\/04\/Synego-80-300x225.jpg 300w, https:\/\/termopane.md\/wp-content\/uploads\/2022\/04\/Synego-80-768x576.jpg 768w, https:\/\/termopane.md\/wp-content\/uploads\/2022\/04\/Synego-80.jpg 1500w\" sizes=\"(max-width: 1024px) 100vw, 1024px\" \/><\/a><div class=\"__overlay\"><\/div><\/div><\/div>\t\t<\/div>\n\t\t<\/div>\t\t<\/div>\n\t\t\t\t<\/div>\n\t\t\t\t\t<\/div>\n\t\t<\/div>\n\t\t\t\t<div class=\"elementor-column elementor-col-16 elementor-top-column elementor-element elementor-element-5f3ff378\" data-id=\"5f3ff378\" data-element_type=\"column\">\n\t\t\t<div class=\"elementor-column-wrap--5f3ff378 elementor-widget-wrap\">\n\t\t\t\t\t\t\t\t\t<\/div>\n\t\t<\/div>\n\t\t\t\t\t\t\t<\/div>\n\t\t<\/section>\n\t\t\t\t<section class=\"elementor-section elementor-top-section elementor-element elementor-element-63e1576b elementor-section-boxed elementor-section-gap-default elementor-section-height-default elementor-section-height-default\" data-id=\"63e1576b\" data-element_type=\"section\">\n\t\t\t\t\t\t<div class=\"elementor-container elementor-column-gap-default\">\n\t\t\t\t\t<div class=\"elementor-column elementor-col-25 elementor-top-column elementor-element elementor-element-2f3ee06a\" data-id=\"2f3ee06a\" data-element_type=\"column\">\n\t\t\t<div class=\"elementor-column-wrap--2f3ee06a elementor-widget-wrap\">\n\t\t\t\t\t\t\t\t\t<\/div>\n\t\t<\/div>\n\t\t\t\t<div class=\"elementor-column elementor-col-25 elementor-top-column elementor-element elementor-element-67b0ea6\" data-id=\"67b0ea6\" data-element_type=\"column\">\n\t\t\t<div class=\"elementor-column-wrap--67b0ea6 elementor-widget-wrap elementor-element-populated\">\n\t\t\t\t\t\t\t\t<div class=\"elementor-element elementor-element-49047db4 elementor-widget elementor-widget-heading\" data-id=\"49047db4\" data-element_type=\"widget\" data-widget_type=\"heading.default\">\n\t\t\t\t<div class=\"elementor-widget-container\">\n\t\t\t<h2 class=\"elementor-heading-title elementor-size-default\">Descriere<\/h2>\t\t<\/div>\n\t\t\t\t<\/div>\n\t\t\t\t<div class=\"elementor-element elementor-element-481a231 u-links-anim-ul elementor-widget elementor-widget-text-editor\" data-id=\"481a231\" data-element_type=\"widget\" data-widget_type=\"text-editor.default\">\n\t\t\t\t<div class=\"elementor-widget-container\">\n\t\t\t\t\t\t\t<p>U\u0219ile de intrare Rehau cu ad\u00e2ncimea profilului de 80 mm, prezen\u021ba a 5-6 camere va p\u0103stra \u00een mod fiabil c\u0103ldura \u00een camere. Garnitura este realizat\u0103 din cauciuc sintetic (6-8 mm \u00een interior \u0219i exterior). O astfel de u\u0219\u0103 nu numai c\u0103 va oferi c\u0103ldur\u0103, hidroizolare \u0219i izolare fonic\u0103 excelent\u0103, dar v\u0103 va permite \u0219i s\u0103 introduce\u021bi toat\u0103 tehnica necesar\u0103 pentru o cas\u0103 inteligent\u0103.<\/p><p><span style=\"color: var( --e-global-color-text ); font-family: var( --e-global-typography-text-font-family ), Sans-serif; font-weight: var( --e-global-typography-text-font-weight ); background-color: var(--body-bg-color); font-size: var(--body-font-size);\">Sistemele de u\u0219i Rehau 80 sunt at\u00e2t de rezistente \u00eenc\u00e2t nu se tem de v\u00e2nturi puternice, de grindine, de z\u0103pad\u0103 sau de spargeri. Balamalele puternice sunt capabile s\u0103 reziste greut\u0103\u021bii mari a u\u0219ii, iar \u00eencuietorile puternice din o\u021bel de \u00eenalt\u0103 calitate nu sunt u\u0219or de spart. Pute\u021bi consolida \u0219i mai mult mecanismele de protec\u021bie \u0219i s\u0103 utiliza\u021bi ca decor sticl\u0103 rezistent\u0103 la lovituri puternice sau blindat\u0103.<\/span><\/p><p><span style=\"color: var( --e-global-color-text ); font-family: var( --e-global-typography-text-font-family ), Sans-serif; font-weight: var( --e-global-typography-text-font-weight ); background-color: var(--body-bg-color); font-size: var(--body-font-size);\">Achizi\u021bion\u00e2nd profile Rehau 80 economisi\u021bi automat la \u00eenc\u0103lzire. Nu trebuie s\u0103 porni\u021bi \u00eenc\u0103lzitoarele electrice sau aparatele de aer condi\u021bionat pentru a ob\u021bine o temperatur\u0103 confortabil\u0103 a camerei. U\u0219ile se deschid pl\u0103cutl (\u00eencuietoarea nu se \u201eblocheaz\u0103\u201d, cheia se rote\u0219te liber), sunt foarte u\u0219or de cur\u0103\u021bat de murd\u0103rie cu detergen\u021bi obi\u0219nui\u021bi \u0219i v\u0103 vor servi mult timp r\u0103m\u00e2n\u00e2nd frumoase \u0219i decor\u00e2ndu-v\u0103 fa\u021bada cl\u0103dirii.<\/span><\/p><p><span style=\"color: var( --e-global-color-text ); font-family: var( --e-global-typography-text-font-family ), Sans-serif; font-weight: var( --e-global-typography-text-font-weight ); background-color: var(--body-bg-color); font-size: var(--body-font-size);\">Alege\u021bi-v\u0103 u\u0219i de orice culoare (de o culoare sau care imit\u0103 materiale naturale) \u0219i cu orice elemente decorative.<\/span><\/p>\t\t\t\t\t\t<\/div>\n\t\t\t\t<\/div>\n\t\t\t\t\t<\/div>\n\t\t<\/div>\n\t\t\t\t<div class=\"elementor-column elementor-col-25 elementor-top-column elementor-element elementor-element-78e565cf\" data-id=\"78e565cf\" data-element_type=\"column\">\n\t\t\t<div class=\"elementor-column-wrap--78e565cf elementor-widget-wrap elementor-element-populated\">\n\t\t\t\t\t\t\t\t<div class=\"elementor-element elementor-element-2000e6d6 elementor-widget elementor-widget-heading\" data-id=\"2000e6d6\" data-element_type=\"widget\" data-widget_type=\"heading.default\">\n\t\t\t\t<div class=\"elementor-widget-container\">\n\t\t\t<h2 class=\"elementor-heading-title elementor-size-default\">Specifica\u021bii<\/h2>\t\t<\/div>\n\t\t\t\t<\/div>\n\t\t\t\t<div class=\"elementor-element elementor-element-35be1df3 u-links-anim-ul elementor-widget elementor-widget-text-editor\" data-id=\"35be1df3\" data-element_type=\"widget\" data-widget_type=\"text-editor.default\">\n\t\t\t\t<div class=\"elementor-widget-container\">\n\t\t\t\t\t\t\t<ul>\n<li>Ad\u00e2ncimea sistemului: 80 mm.<\/li><li>Numar de camere: 6\/5<\/li><li>Rezisten\u021b\u0103 redus\u0103 la transferul de c\u0103ldur\u0103 Ropr 0,89 m\u00b2 \u00b0C\/W<\/li><li>Cu armare din o\u021bel<\/li><li>Material: RAU-PVC, folosind stabilizatori calciu-zinc<\/li>\n<\/ul>\t\t\t\t\t\t<\/div>\n\t\t\t\t<\/div>\n\t\t\t\t\t<\/div>\n\t\t<\/div>\n\t\t\t\t<div class=\"elementor-column elementor-col-25 elementor-top-column elementor-element elementor-element-44bc20f2\" data-id=\"44bc20f2\" data-element_type=\"column\">\n\t\t\t<div class=\"elementor-column-wrap--44bc20f2 elementor-widget-wrap\">\n\t\t\t\t\t\t\t\t\t<\/div>\n\t\t<\/div>\n\t\t\t\t\t\t\t<\/div>\n\t\t<\/section>\n\t\t\t\t\t\t\t<\/div>\n\t\t","protected":false},"excerpt":{"rendered":"<p>Sisteme de u\u0219i Rehau 80 mm Unul dintre criteriile importante atunci c\u00e2nd alege\u021bi o u\u0219\u0103 de intrare este izolarea termic\u0103. \u00cen caz contrar, u\u0219a va \u00eencepe s\u0103 \u00eenghe\u021be \u0219i va trebui s\u0103 cheltui\u021bi bani \u0219i timp suplimentar pentru \u00eenc\u0103lzirea camerei. Asigura\u021bi-v\u0103 c\u0103 acorda\u021bi aten\u021bie profilului, num\u0103rului de camere, etan\u0219\u0103rii. Descriere U\u0219ile de intrare Rehau cu [&hellip;]<\/p>\n","protected":false},"author":1,"featured_media":0,"parent":3062,"menu_order":0,"comment_status":"closed","ping_status":"closed","template":"","meta":{"_seopress_robots_primary_cat":"","_seopress_titles_title":"","_seopress_titles_desc":"","_seopress_robots_index":"","footnotes":""},"acf":[],"_links":{"self":[{"href":"https:\/\/termopane.md\/ro\/wp-json\/wp\/v2\/pages\/3171"}],"collection":[{"href":"https:\/\/termopane.md\/ro\/wp-json\/wp\/v2\/pages"}],"about":[{"href":"https:\/\/termopane.md\/ro\/wp-json\/wp\/v2\/types\/page"}],"author":[{"embeddable":true,"href":"https:\/\/termopane.md\/ro\/wp-json\/wp\/v2\/users\/1"}],"replies":[{"embeddable":true,"href":"https:\/\/termopane.md\/ro\/wp-json\/wp\/v2\/comments?post=3171"}],"version-history":[{"count":0,"href":"https:\/\/termopane.md\/ro\/wp-json\/wp\/v2\/pages\/3171\/revisions"}],"up":[{"embeddable":true,"href":"https:\/\/termopane.md\/ro\/wp-json\/wp\/v2\/pages\/3062"}],"wp:attachment":[{"href":"https:\/\/termopane.md\/ro\/wp-json\/wp\/v2\/media?parent=3171"}],"curies":[{"name":"wp","href":"https:\/\/api.w.org\/{rel}","templated":true}]}}