{"id":3180,"date":"2022-05-22T00:00:47","date_gmt":"2022-05-21T21:00:47","guid":{"rendered":"https:\/\/termopane.md\/?page_id=3180"},"modified":"2022-05-22T00:08:42","modified_gmt":"2022-05-21T21:08:42","slug":"pervazuri","status":"publish","type":"page","link":"https:\/\/termopane.md\/ro\/produse\/pervazuri\/","title":{"rendered":"Pervazuri"},"content":{"rendered":"<p>Pervazul este un element important al furniturei care nu numai c\u0103 are func\u021bii estetice, ci \u0219i protejeaz\u0103 camera de frig \u0219i curen\u021bi de aer. Mul\u021bi sunt obi\u0219nui\u021bi s\u0103 pun\u0103 ghivece cu flori pe pervazuri, iar unii chiar stau la o cea\u0219c\u0103 de cafea de diminea\u021b\u0103. Pervazurile Rehau sunt foarte durabile, rezistente la umezeal\u0103 \u0219i razele soarelui, capabile s\u0103 reziste la temperaturi ridicate (p\u00e2n\u0103 la 75 de grade). Acest produs se combin\u0103 cu orice profil de fereastr\u0103. Toate produsele sunt fabricate din materiale ecologice care sunt sigure pentru s\u0103n\u0103tate. Pute\u021bi comanda un pervaz cu finisaj mat sau lucios \u0219i s\u0103 alege\u021bi culoarea potrivit\u0103.<\/p>\n<style>\/*! elementor - v3.6.5 - 27-04-2022 *\/<br \/>.elementor-widget-image-box .elementor-image-box-content{width:100%}@media (min-width:768px){.elementor-widget-image-box.elementor-position-left .elementor-image-box-wrapper,.elementor-widget-image-box.elementor-position-right .elementor-image-box-wrapper{display:-webkit-box;display:-ms-flexbox;display:flex}.elementor-widget-image-box.elementor-position-right .elementor-image-box-wrapper{text-align:right;-webkit-box-orient:horizontal;-webkit-box-direction:reverse;-ms-flex-direction:row-reverse;flex-direction:row-reverse}.elementor-widget-image-box.elementor-position-left .elementor-image-box-wrapper{text-align:left;-webkit-box-orient:horizontal;-webkit-box-direction:normal;-ms-flex-direction:row;flex-direction:row}.elementor-widget-image-box.elementor-position-top .elementor-image-box-img{margin:auto}.elementor-widget-image-box.elementor-vertical-align-top .elementor-image-box-wrapper{-webkit-box-align:start;-ms-flex-align:start;align-items:flex-start}.elementor-widget-image-box.elementor-vertical-align-middle .elementor-image-box-wrapper{-webkit-box-align:center;-ms-flex-align:center;align-items:center}.elementor-widget-image-box.elementor-vertical-align-bottom .elementor-image-box-wrapper{-webkit-box-align:end;-ms-flex-align:end;align-items:flex-end}}@media (max-width:767px){.elementor-widget-image-box .elementor-image-box-img{margin-left:auto!important;margin-right:auto!important;margin-bottom:15px}}.elementor-widget-image-box .elementor-image-box-img{display:inline-block}.elementor-widget-image-box .elementor-image-box-title a{color:inherit}.elementor-widget-image-box .elementor-image-box-wrapper{text-align:center}.elementor-widget-image-box .elementor-image-box-description{margin:0}<\/style>\n<figure><a href=\"https:\/\/termopane.md\/katalog\/podokonniki\/crystallit\/\"><img decoding=\"async\" src=\"https:\/\/termopane.md\/wp-content\/uploads\/2022\/04\/podokonnik-srystallit.jpg\" alt=\"\" width=\"738\" height=\"566\" \/><\/a><\/figure>\n<h1><a href=\"https:\/\/termopane.md\/katalog\/podokonniki\/crystallit\/\">Crystallit<\/a><\/h1>\n<p>Pervazurile Crystallit sunt realizate dintr-un profil PVC rigid, rezistent \u0219i capabil s\u0103 reziste la solicit\u0103ri mecanice. Pe un astfel de construc\u021bie pute\u021bi pune \u00een siguran\u021b\u0103 ghivece cu plante, lucruri m\u0103runte, s\u0103 l\u0103sa\u021bi animalele s\u0103 doarm\u0103 pe un pervaz de acest tip. Dac\u0103 pisica ta ador\u0103 s\u0103 doarm\u0103 pe pervaz nu-\u021bi face griji \u00een privin\u021ba aspectului furniturii. Suprafa\u021ba este rezistent\u0103 la zg\u00e2rieturi, frig, abur, umezeala. Totul va r\u0103m\u00e2ne perfect neted \u0219i se va p\u0103stra culoarea pentru o lung\u0103 perioad\u0103 de timp. Pervazurile sunt rezistente la foc \u0219i substan\u021be chimice, nu crap\u0103 sau putrezesc. Pute\u021bi alege un pervaz simplu (alb sau colorat) sau \u00eentr-un design asem\u0103n\u0103tor cu lemnul stejarului, nucului, marmur\u0103, mahon.<\/p>\n<figure><a href=\"https:\/\/termopane.md\/katalog\/podokonniki\/danke\/\"><img decoding=\"async\" src=\"https:\/\/termopane.md\/wp-content\/uploads\/2022\/04\/podokonnik-danke.jpg\" alt=\"\" width=\"738\" height=\"566\" \/><\/a><\/figure>\n<h1><a href=\"https:\/\/termopane.md\/katalog\/podokonniki\/danke\/\">Danke<\/a><\/h1>\n<p>V\u0103 place s\u0103 v\u0103 uita\u021bi pe fereastr\u0103, sprijinindu-v\u0103 pe pervaz, dar v\u0103 este fric\u0103 pentru fiabilitatea designului? Rehau a dezvoltat furnituri puternice \u0219i durabile. Pervazurile Danke sunt realizate folosind o tehnologie special\u0103 care le permite s\u0103 reziste la diferite sarcini, inclusiv greutatea unei persoane. Pervazurile sunt rezistente la temperaturi ridicate, ultraviolete, \u00eenghe\u021b, umiditate. Construc\u021biile din lemn sau DSP \u00eencep treptat s\u0103 crape, s\u0103 se umfle, iar produsele din PVC vor r\u0103m\u00e2ne neschimbate timp de mul\u021bi ani. Chiar dac\u0103 v\u0103rsa\u021bi accidental cafea fierbinte sau ceai pe pervaz, acesta nu se va deteriora.<\/p>\n<p>Pervazurile sunt acoperite cu laminat ELESCO, care nu are analogii \u00een alte \u021b\u0103ri. Acoperirea acrilic\u0103 nu con\u021bine formaldehid\u0103 \u0219i alte substan\u021be d\u0103un\u0103toare pentru oameni. Pervazurile Danke pot fi instalate \u00een holuri, camere pentru copii, birouri, restaurante.<\/p>\n","protected":false},"excerpt":{"rendered":"<p>Pervazul este un element important al furniturei care nu numai c\u0103 are func\u021bii estetice, ci \u0219i protejeaz\u0103 camera de frig \u0219i curen\u021bi de aer. Mul\u021bi sunt obi\u0219nui\u021bi s\u0103 pun\u0103 ghivece cu flori pe pervazuri, iar unii chiar stau la o cea\u0219c\u0103 de cafea de diminea\u021b\u0103. Pervazurile Rehau sunt foarte durabile, rezistente la umezeal\u0103 \u0219i razele [&hellip;]<\/p>\n","protected":false},"author":1,"featured_media":0,"parent":3053,"menu_order":0,"comment_status":"closed","ping_status":"closed","template":"","meta":{"_seopress_robots_primary_cat":"","_seopress_titles_title":"","_seopress_titles_desc":"","_seopress_robots_index":"","footnotes":""},"acf":[],"_links":{"self":[{"href":"https:\/\/termopane.md\/ro\/wp-json\/wp\/v2\/pages\/3180"}],"collection":[{"href":"https:\/\/termopane.md\/ro\/wp-json\/wp\/v2\/pages"}],"about":[{"href":"https:\/\/termopane.md\/ro\/wp-json\/wp\/v2\/types\/page"}],"author":[{"embeddable":true,"href":"https:\/\/termopane.md\/ro\/wp-json\/wp\/v2\/users\/1"}],"replies":[{"embeddable":true,"href":"https:\/\/termopane.md\/ro\/wp-json\/wp\/v2\/comments?post=3180"}],"version-history":[{"count":0,"href":"https:\/\/termopane.md\/ro\/wp-json\/wp\/v2\/pages\/3180\/revisions"}],"up":[{"embeddable":true,"href":"https:\/\/termopane.md\/ro\/wp-json\/wp\/v2\/pages\/3053"}],"wp:attachment":[{"href":"https:\/\/termopane.md\/ro\/wp-json\/wp\/v2\/media?parent=3180"}],"curies":[{"name":"wp","href":"https:\/\/api.w.org\/{rel}","templated":true}]}}