{"id":3185,"date":"2022-05-22T00:02:14","date_gmt":"2022-05-21T21:02:14","guid":{"rendered":"https:\/\/termopane.md\/?page_id=3185"},"modified":"2022-05-27T15:29:37","modified_gmt":"2022-05-27T12:29:37","slug":"crystallit","status":"publish","type":"page","link":"https:\/\/termopane.md\/ro\/produse\/pervazuri\/crystallit\/","title":{"rendered":"Crystallit"},"content":{"rendered":"\t\t<div data-elementor-type=\"wp-post\" data-elementor-id=\"3185\" class=\"elementor elementor-3185 elementor-2467\">\n\t\t\t\t\t\t\t\t\t<section class=\"elementor-section elementor-top-section elementor-element elementor-element-32d9165 elementor-section-boxed elementor-section-gap-default elementor-section-height-default elementor-section-height-default\" data-id=\"32d9165\" data-element_type=\"section\">\n\t\t\t\t\t\t<div class=\"elementor-container elementor-column-gap-default\">\n\t\t\t\t\t<div class=\"elementor-column elementor-col-16 elementor-top-column elementor-element elementor-element-9febfe5\" data-id=\"9febfe5\" data-element_type=\"column\">\n\t\t\t<div class=\"elementor-column-wrap--9febfe5 elementor-widget-wrap\">\n\t\t\t\t\t\t\t\t\t<\/div>\n\t\t<\/div>\n\t\t\t\t<div class=\"elementor-column elementor-col-66 elementor-top-column elementor-element elementor-element-99789a6\" data-id=\"99789a6\" data-element_type=\"column\">\n\t\t\t<div class=\"elementor-column-wrap--99789a6 elementor-widget-wrap elementor-element-populated\">\n\t\t\t\t\t\t\t\t<div class=\"elementor-element elementor-element-f37521f u-links-anim-ul elementor-widget elementor-widget-text-editor\" data-id=\"f37521f\" data-element_type=\"widget\" data-widget_type=\"text-editor.default\">\n\t\t\t\t<div class=\"elementor-widget-container\">\n\t\t\t<style>\/*! elementor - v3.7.7 - 20-09-2022 *\/\n.elementor-widget-text-editor.elementor-drop-cap-view-stacked .elementor-drop-cap{background-color:#818a91;color:#fff}.elementor-widget-text-editor.elementor-drop-cap-view-framed .elementor-drop-cap{color:#818a91;border:3px solid;background-color:transparent}.elementor-widget-text-editor:not(.elementor-drop-cap-view-default) .elementor-drop-cap{margin-top:8px}.elementor-widget-text-editor:not(.elementor-drop-cap-view-default) .elementor-drop-cap-letter{width:1em;height:1em}.elementor-widget-text-editor .elementor-drop-cap{float:left;text-align:center;line-height:1;font-size:50px}.elementor-widget-text-editor .elementor-drop-cap-letter{display:inline-block}<\/style>\t\t\t\t<div class=\"mkdf-row-grid-section-wrapper \">\n<div class=\"mkdf-row-grid-section\">\n<div class=\"vc_row wpb_row vc_row-fluid vc_custom_1643892659621 mkdf-row-light-btt-skin\">\n<div class=\"wpb_column vc_column_container vc_col-sm-12 vc_col-lg-offset-0 vc_col-md-offset-0 vc_col-sm-offset-0\">\n<div class=\"vc_column-inner\">\n<div class=\"wpb_wrapper\">\n<div class=\"wpb_text_column wpb_content_element \">\n<div class=\"wpb_wrapper\">\n\nCrystallit este ceva inovativ pe pia\u021ba pervazurilor din plastic. Produse \u00eentr-o fabric\u0103 modern\u0103 dotat\u0103 cu echipamente de prim\u0103 clas\u0103 \u0219i corespunz\u00e2nd standartelor europene pervazurile din plastic Crystallit au o serie de caracteristici de calitate prin intermediul c\u0103rora se plaseaz\u0103 pe locul \u00eent\u00e2i. Parteneriatul cu companiile din Europea de top \u0219i controlul constant al calit\u0103\u021bii la fiecare etap\u0103 a produc\u021biei ofer\u0103 popularitatea pervazurilor din plastic Crystallit s\u0103 creasc\u0103 constant c\u00e2t \u00een Rusia at\u00e2t \u0219i \u00een str\u0103in\u0103tate. Cu toate acestea, principalele avantaje ale pervazurilor lucioase \u0219i mate Crystallit sunt frumuse\u021bea \u0219i durabilitatea lor. Suprafa\u021b\u0103 perfect dreapt\u0103, luciul str\u0103lucitor sau noble\u021bea finisajului mat, execu\u021bia \u00eentr-o palet\u0103 larg\u0103 de decoruri care imit\u0103 structura lemnului sau a pietrei lustruite, pervazurile din plastic Crystallit sunt o adev\u0103rat\u0103 descoperire care se poate potrivi oric\u0103rui stil de apartament de la clasic la hi-tech \u0219i la eclectism absolut. Aleg\u00e2nd pervazurile din plastic Crystallit lucioase sau mat pentru ferestrele tale ave\u021bi grij\u0103 de s\u0103n\u0103tatea s\u0103n\u0103tatea dumneavoastr\u0103 baz\u00e2ndu-v\u0103 pe protec\u021bia mediului, rezisten\u021b\u0103 \u0219i frumuse\u021be!\n\n\n<\/div>\n<\/div>\n<\/div>\n<\/div>\n<\/div>\n<\/div>\n<\/div>\n<\/div>\n<div class=\"mkdf-row-grid-section-wrapper \">\n<div class=\"mkdf-row-grid-section\">\n<div class=\"vc_row wpb_row vc_row-fluid vc_custom_1643893284613 mkdf-row-light-btt-skin\">\n<div class=\"wpb_column vc_column_container vc_col-sm-4\">\n<div class=\"vc_column-inner\">\n<div class=\"wpb_wrapper\">\n<div class=\"mkdf-image-with-text-holder mkdf-image-behavior-lightbox mkdf-type-standard\">\n<div class=\"mkdf-iwt-image\"><\/div>\n<\/div>\n<\/div>\n<\/div>\n<\/div>\n<\/div>\n<\/div>\n<\/div>\t\t\t\t\t\t<\/div>\n\t\t\t\t<\/div>\n\t\t\t\t\t<\/div>\n\t\t<\/div>\n\t\t\t\t<div class=\"elementor-column elementor-col-16 elementor-top-column elementor-element elementor-element-8e066d1\" data-id=\"8e066d1\" data-element_type=\"column\">\n\t\t\t<div class=\"elementor-column-wrap--8e066d1 elementor-widget-wrap\">\n\t\t\t\t\t\t\t\t\t<\/div>\n\t\t<\/div>\n\t\t\t\t\t\t\t<\/div>\n\t\t<\/section>\n\t\t\t\t<section class=\"elementor-section elementor-top-section elementor-element elementor-element-8260d2e elementor-section-boxed elementor-section-gap-default elementor-section-height-default elementor-section-height-default\" data-id=\"8260d2e\" data-element_type=\"section\">\n\t\t\t\t\t\t<div class=\"elementor-container elementor-column-gap-default\">\n\t\t\t\t\t<div class=\"elementor-column elementor-col-100 elementor-top-column elementor-element elementor-element-4e0c5a9\" data-id=\"4e0c5a9\" data-element_type=\"column\">\n\t\t\t<div class=\"elementor-column-wrap--4e0c5a9 elementor-widget-wrap elementor-element-populated\">\n\t\t\t\t\t\t\t\t<div class=\"elementor-element elementor-element-17dccdf elementor-widget elementor-widget-reycore-grid\" data-id=\"17dccdf\" data-element_type=\"widget\" data-widget_type=\"reycore-grid.default\">\n\t\t\t\t<div class=\"elementor-widget-container\">\n\t\t\t<div class=\"rey-gridEl --images --type-normal --type-md-normal --type-sm-normal\" style=\"--total:19\">\n\t\t<div class=\"__items \">\n\t\t\t<div class=\"__item\"><div class=\"rey-card --basic\"><a href=\"https:\/\/termopane.md\/wp-content\/uploads\/2022\/05\/Podokonnik-Crystallit-belyj-glyancevyj.-1.jpg\" class=\"\" data-elementor-open-lightbox=\"yes\"><img decoding=\"async\" width=\"800\" height=\"533\" src=\"https:\/\/termopane.md\/wp-content\/uploads\/2022\/05\/Podokonnik-Crystallit-belyj-glyancevyj.-1.jpg\" class=\"__media\" alt=\"\" srcset=\"https:\/\/termopane.md\/wp-content\/uploads\/2022\/05\/Podokonnik-Crystallit-belyj-glyancevyj.-1.jpg 800w, https:\/\/termopane.md\/wp-content\/uploads\/2022\/05\/Podokonnik-Crystallit-belyj-glyancevyj.-1-300x200.jpg 300w, https:\/\/termopane.md\/wp-content\/uploads\/2022\/05\/Podokonnik-Crystallit-belyj-glyancevyj.-1-768x512.jpg 768w\" sizes=\"(max-width: 800px) 100vw, 800px\" \/><\/a><div class=\"__caption\"><h2 class=\"__captionEl __captionTitle \">\u041f\u043e\u0434\u043e\u043a\u043e\u043d\u043d\u0438\u043a Crystallit, \u0431\u0435\u043b\u044b\u0439 \u0433\u043b\u044f\u043d\u0446\u0435\u0432\u044b\u0439.<\/h2><\/div><\/div><\/div><div class=\"__item\"><div class=\"rey-card --basic\"><a href=\"https:\/\/termopane.md\/wp-content\/uploads\/2022\/05\/Podokonnik-Crystallit-belyj-matovyj.-1.jpg\" class=\"\" data-elementor-open-lightbox=\"yes\"><img decoding=\"async\" width=\"800\" height=\"533\" src=\"https:\/\/termopane.md\/wp-content\/uploads\/2022\/05\/Podokonnik-Crystallit-belyj-matovyj.-1.jpg\" class=\"__media\" alt=\"\" srcset=\"https:\/\/termopane.md\/wp-content\/uploads\/2022\/05\/Podokonnik-Crystallit-belyj-matovyj.-1.jpg 800w, https:\/\/termopane.md\/wp-content\/uploads\/2022\/05\/Podokonnik-Crystallit-belyj-matovyj.-1-300x200.jpg 300w, https:\/\/termopane.md\/wp-content\/uploads\/2022\/05\/Podokonnik-Crystallit-belyj-matovyj.-1-768x512.jpg 768w\" sizes=\"(max-width: 800px) 100vw, 800px\" \/><\/a><div class=\"__caption\"><h2 class=\"__captionEl __captionTitle \">\u041f\u043e\u0434\u043e\u043a\u043e\u043d\u043d\u0438\u043a Crystallit, \u0431\u0435\u043b\u044b\u0439 \u043c\u0430\u0442\u043e\u0432\u044b\u0439.<\/h2><\/div><\/div><\/div><div class=\"__item\"><div class=\"rey-card --basic\"><a href=\"https:\/\/termopane.md\/wp-content\/uploads\/2022\/05\/Podokonnik-Crystallit-belyj-dub-glyancevyj.-1.jpg\" class=\"\" data-elementor-open-lightbox=\"yes\"><img decoding=\"async\" width=\"440\" height=\"293\" src=\"https:\/\/termopane.md\/wp-content\/uploads\/2022\/05\/Podokonnik-Crystallit-belyj-dub-glyancevyj.-1.jpg\" class=\"__media\" alt=\"\" srcset=\"https:\/\/termopane.md\/wp-content\/uploads\/2022\/05\/Podokonnik-Crystallit-belyj-dub-glyancevyj.-1.jpg 440w, https:\/\/termopane.md\/wp-content\/uploads\/2022\/05\/Podokonnik-Crystallit-belyj-dub-glyancevyj.-1-300x200.jpg 300w\" sizes=\"(max-width: 440px) 100vw, 440px\" \/><\/a><div class=\"__caption\"><h2 class=\"__captionEl __captionTitle \">\u041f\u043e\u0434\u043e\u043a\u043e\u043d\u043d\u0438\u043a Crystallit \u0431\u0435\u043b\u044b\u0439 \u0434\u0443\u0431, \u0433\u043b\u044f\u043d\u0446\u0435\u0432\u044b\u0439.<\/h2><\/div><\/div><\/div><div class=\"__item\"><div class=\"rey-card --basic\"><a href=\"https:\/\/termopane.md\/wp-content\/uploads\/2022\/05\/Podokonnik-Crystallit-belyj-dub.-1.jpg\" class=\"\" data-elementor-open-lightbox=\"yes\"><img decoding=\"async\" width=\"440\" height=\"293\" src=\"https:\/\/termopane.md\/wp-content\/uploads\/2022\/05\/Podokonnik-Crystallit-belyj-dub.-1.jpg\" class=\"__media\" alt=\"\" srcset=\"https:\/\/termopane.md\/wp-content\/uploads\/2022\/05\/Podokonnik-Crystallit-belyj-dub.-1.jpg 440w, https:\/\/termopane.md\/wp-content\/uploads\/2022\/05\/Podokonnik-Crystallit-belyj-dub.-1-300x200.jpg 300w\" sizes=\"(max-width: 440px) 100vw, 440px\" \/><\/a><div class=\"__caption\"><h2 class=\"__captionEl __captionTitle \">\u041f\u043e\u0434\u043e\u043a\u043e\u043d\u043d\u0438\u043a Crystallit \u0431\u0435\u043b\u044b\u0439 \u0434\u0443\u0431.<\/h2><\/div><\/div><\/div><div class=\"__item\"><div class=\"rey-card --basic\"><a href=\"https:\/\/termopane.md\/wp-content\/uploads\/2022\/05\/Podokonnik-Crystallit-bristol-glyancevyj.-1.jpg\" class=\"\" data-elementor-open-lightbox=\"yes\"><img decoding=\"async\" width=\"440\" height=\"293\" src=\"https:\/\/termopane.md\/wp-content\/uploads\/2022\/05\/Podokonnik-Crystallit-bristol-glyancevyj.-1.jpg\" class=\"__media\" alt=\"\" srcset=\"https:\/\/termopane.md\/wp-content\/uploads\/2022\/05\/Podokonnik-Crystallit-bristol-glyancevyj.-1.jpg 440w, https:\/\/termopane.md\/wp-content\/uploads\/2022\/05\/Podokonnik-Crystallit-bristol-glyancevyj.-1-300x200.jpg 300w\" sizes=\"(max-width: 440px) 100vw, 440px\" \/><\/a><div class=\"__caption\"><h2 class=\"__captionEl __captionTitle \">\u041f\u043e\u0434\u043e\u043a\u043e\u043d\u043d\u0438\u043a Crystallit \u0431\u0440\u0438\u0441\u0442\u043e\u043b, \u0433\u043b\u044f\u043d\u0446\u0435\u0432\u044b\u0439.<\/h2><\/div><\/div><\/div><div class=\"__item\"><div class=\"rey-card --basic\"><a href=\"https:\/\/termopane.md\/wp-content\/uploads\/2022\/05\/Podokonnik-Crystallit-bristol-matovyj.-1.jpg\" class=\"\" data-elementor-open-lightbox=\"yes\"><img decoding=\"async\" width=\"440\" height=\"293\" src=\"https:\/\/termopane.md\/wp-content\/uploads\/2022\/05\/Podokonnik-Crystallit-bristol-matovyj.-1.jpg\" class=\"__media\" alt=\"\" srcset=\"https:\/\/termopane.md\/wp-content\/uploads\/2022\/05\/Podokonnik-Crystallit-bristol-matovyj.-1.jpg 440w, https:\/\/termopane.md\/wp-content\/uploads\/2022\/05\/Podokonnik-Crystallit-bristol-matovyj.-1-300x200.jpg 300w\" sizes=\"(max-width: 440px) 100vw, 440px\" \/><\/a><div class=\"__caption\"><h2 class=\"__captionEl __captionTitle \">\u041f\u043e\u0434\u043e\u043a\u043e\u043d\u043d\u0438\u043a Crystallit \u0431\u0440\u0438\u0441\u0442\u043e\u043b, \u043c\u0430\u0442\u043e\u0432\u044b\u0439.<\/h2><\/div><\/div><\/div><div class=\"__item\"><div class=\"rey-card --basic\"><a href=\"https:\/\/termopane.md\/wp-content\/uploads\/2022\/05\/Podokonnik-Crystallit-venge.-1.jpg\" class=\"\" data-elementor-open-lightbox=\"yes\"><img decoding=\"async\" width=\"440\" height=\"306\" src=\"https:\/\/termopane.md\/wp-content\/uploads\/2022\/05\/Podokonnik-Crystallit-venge.-1.jpg\" class=\"__media\" alt=\"\" srcset=\"https:\/\/termopane.md\/wp-content\/uploads\/2022\/05\/Podokonnik-Crystallit-venge.-1.jpg 440w, https:\/\/termopane.md\/wp-content\/uploads\/2022\/05\/Podokonnik-Crystallit-venge.-1-300x209.jpg 300w\" sizes=\"(max-width: 440px) 100vw, 440px\" \/><\/a><div class=\"__caption\"><h2 class=\"__captionEl __captionTitle \">\u041f\u043e\u0434\u043e\u043a\u043e\u043d\u043d\u0438\u043a Crystallit \u0432\u0435\u043d\u0433\u0435.<\/h2><\/div><\/div><\/div><div class=\"__item\"><div class=\"rey-card --basic\"><a href=\"https:\/\/termopane.md\/wp-content\/uploads\/2022\/05\/Podokonnik-Crystallit-dub-naturalnyj.-1.jpg\" class=\"\" data-elementor-open-lightbox=\"yes\"><img decoding=\"async\" width=\"440\" height=\"306\" src=\"https:\/\/termopane.md\/wp-content\/uploads\/2022\/05\/Podokonnik-Crystallit-dub-naturalnyj.-1.jpg\" class=\"__media\" alt=\"\" srcset=\"https:\/\/termopane.md\/wp-content\/uploads\/2022\/05\/Podokonnik-Crystallit-dub-naturalnyj.-1.jpg 440w, https:\/\/termopane.md\/wp-content\/uploads\/2022\/05\/Podokonnik-Crystallit-dub-naturalnyj.-1-300x209.jpg 300w\" sizes=\"(max-width: 440px) 100vw, 440px\" \/><\/a><div class=\"__caption\"><h2 class=\"__captionEl __captionTitle \">\u041f\u043e\u0434\u043e\u043a\u043e\u043d\u043d\u0438\u043a Crystallit \u0434\u0443\u0431 \u043d\u0430\u0442\u0443\u0440\u0430\u043b\u044c\u043d\u044b\u0439.<\/h2><\/div><\/div><\/div><div class=\"__item\"><div class=\"rey-card --basic\"><a href=\"https:\/\/termopane.md\/wp-content\/uploads\/2022\/05\/Podokonnik-Crystallit-dub-svetlyj.-1.jpg\" class=\"\" data-elementor-open-lightbox=\"yes\"><img decoding=\"async\" width=\"440\" height=\"306\" src=\"https:\/\/termopane.md\/wp-content\/uploads\/2022\/05\/Podokonnik-Crystallit-dub-svetlyj.-1.jpg\" class=\"__media\" alt=\"\" srcset=\"https:\/\/termopane.md\/wp-content\/uploads\/2022\/05\/Podokonnik-Crystallit-dub-svetlyj.-1.jpg 440w, https:\/\/termopane.md\/wp-content\/uploads\/2022\/05\/Podokonnik-Crystallit-dub-svetlyj.-1-300x209.jpg 300w\" sizes=\"(max-width: 440px) 100vw, 440px\" \/><\/a><div class=\"__caption\"><h2 class=\"__captionEl __captionTitle \">\u041f\u043e\u0434\u043e\u043a\u043e\u043d\u043d\u0438\u043a Crystallit \u0434\u0443\u0431 \u0441\u0432\u0435\u0442\u043b\u044b\u0439.<\/h2><\/div><\/div><\/div><div class=\"__item\"><div class=\"rey-card --basic\"><a href=\"https:\/\/termopane.md\/wp-content\/uploads\/2022\/05\/Podokonnik-Crystallit-dub-yantarnyj.-1.jpg\" class=\"\" data-elementor-open-lightbox=\"yes\"><img decoding=\"async\" width=\"440\" height=\"306\" src=\"https:\/\/termopane.md\/wp-content\/uploads\/2022\/05\/Podokonnik-Crystallit-dub-yantarnyj.-1.jpg\" class=\"__media\" alt=\"\" srcset=\"https:\/\/termopane.md\/wp-content\/uploads\/2022\/05\/Podokonnik-Crystallit-dub-yantarnyj.-1.jpg 440w, https:\/\/termopane.md\/wp-content\/uploads\/2022\/05\/Podokonnik-Crystallit-dub-yantarnyj.-1-300x209.jpg 300w\" sizes=\"(max-width: 440px) 100vw, 440px\" \/><\/a><div class=\"__caption\"><h2 class=\"__captionEl __captionTitle \">\u041f\u043e\u0434\u043e\u043a\u043e\u043d\u043d\u0438\u043a Crystallit \u0434\u0443\u0431 \u044f\u043d\u0442\u0430\u0440\u043d\u044b\u0439.<\/h2><\/div><\/div><\/div><div class=\"__item\"><div class=\"rey-card --basic\"><a href=\"https:\/\/termopane.md\/wp-content\/uploads\/2022\/05\/Podokonnik-Crystallit-zolotoj-dub-glyancevyj.-1.jpg\" class=\"\" data-elementor-open-lightbox=\"yes\"><img decoding=\"async\" width=\"440\" height=\"306\" src=\"https:\/\/termopane.md\/wp-content\/uploads\/2022\/05\/Podokonnik-Crystallit-zolotoj-dub-glyancevyj.-1.jpg\" class=\"__media\" alt=\"\" srcset=\"https:\/\/termopane.md\/wp-content\/uploads\/2022\/05\/Podokonnik-Crystallit-zolotoj-dub-glyancevyj.-1.jpg 440w, https:\/\/termopane.md\/wp-content\/uploads\/2022\/05\/Podokonnik-Crystallit-zolotoj-dub-glyancevyj.-1-300x209.jpg 300w\" sizes=\"(max-width: 440px) 100vw, 440px\" \/><\/a><div class=\"__caption\"><h2 class=\"__captionEl __captionTitle \">\u041f\u043e\u0434\u043e\u043a\u043e\u043d\u043d\u0438\u043a Crystallit \u0437\u043e\u043b\u043e\u0442\u043e\u0439 \u0434\u0443\u0431, \u0433\u043b\u044f\u043d\u0446\u0435\u0432\u044b\u0439.<\/h2><\/div><\/div><\/div><div class=\"__item\"><div class=\"rey-card --basic\"><a href=\"https:\/\/termopane.md\/wp-content\/uploads\/2022\/05\/Podokonnik-Crystallit-zolotoj-dub-matovyj.-1.jpg\" class=\"\" data-elementor-open-lightbox=\"yes\"><img decoding=\"async\" width=\"440\" height=\"306\" src=\"https:\/\/termopane.md\/wp-content\/uploads\/2022\/05\/Podokonnik-Crystallit-zolotoj-dub-matovyj.-1.jpg\" class=\"__media\" alt=\"\" srcset=\"https:\/\/termopane.md\/wp-content\/uploads\/2022\/05\/Podokonnik-Crystallit-zolotoj-dub-matovyj.-1.jpg 440w, https:\/\/termopane.md\/wp-content\/uploads\/2022\/05\/Podokonnik-Crystallit-zolotoj-dub-matovyj.-1-300x209.jpg 300w\" sizes=\"(max-width: 440px) 100vw, 440px\" \/><\/a><div class=\"__caption\"><h2 class=\"__captionEl __captionTitle \">\u041f\u043e\u0434\u043e\u043a\u043e\u043d\u043d\u0438\u043a Crystallit \u0437\u043e\u043b\u043e\u0442\u043e\u0439 \u0434\u0443\u0431, \u043c\u0430\u0442\u043e\u0432\u044b\u0439.<\/h2><\/div><\/div><\/div><div class=\"__item\"><div class=\"rey-card --basic\"><a href=\"https:\/\/termopane.md\/wp-content\/uploads\/2022\/05\/Podokonnik-Crystallit-mahagon-glyancevyj.-1.jpg\" class=\"\" data-elementor-open-lightbox=\"yes\"><img decoding=\"async\" width=\"440\" height=\"306\" src=\"https:\/\/termopane.md\/wp-content\/uploads\/2022\/05\/Podokonnik-Crystallit-mahagon-glyancevyj.-1.jpg\" class=\"__media\" alt=\"\" srcset=\"https:\/\/termopane.md\/wp-content\/uploads\/2022\/05\/Podokonnik-Crystallit-mahagon-glyancevyj.-1.jpg 440w, https:\/\/termopane.md\/wp-content\/uploads\/2022\/05\/Podokonnik-Crystallit-mahagon-glyancevyj.-1-300x209.jpg 300w\" sizes=\"(max-width: 440px) 100vw, 440px\" \/><\/a><div class=\"__caption\"><h2 class=\"__captionEl __captionTitle \">\u041f\u043e\u0434\u043e\u043a\u043e\u043d\u043d\u0438\u043a Crystallit \u043c\u0430\u0445\u0430\u0433\u043e\u043d, \u0433\u043b\u044f\u043d\u0446\u0435\u0432\u044b\u0439.<\/h2><\/div><\/div><\/div><div class=\"__item\"><div class=\"rey-card --basic\"><a href=\"https:\/\/termopane.md\/wp-content\/uploads\/2022\/05\/Podokonnik-Crystallit-mahagon-matovyj.-1.jpg\" class=\"\" data-elementor-open-lightbox=\"yes\"><img decoding=\"async\" width=\"440\" height=\"306\" src=\"https:\/\/termopane.md\/wp-content\/uploads\/2022\/05\/Podokonnik-Crystallit-mahagon-matovyj.-1.jpg\" class=\"__media\" alt=\"\" srcset=\"https:\/\/termopane.md\/wp-content\/uploads\/2022\/05\/Podokonnik-Crystallit-mahagon-matovyj.-1.jpg 440w, https:\/\/termopane.md\/wp-content\/uploads\/2022\/05\/Podokonnik-Crystallit-mahagon-matovyj.-1-300x209.jpg 300w\" sizes=\"(max-width: 440px) 100vw, 440px\" \/><\/a><div class=\"__caption\"><h2 class=\"__captionEl __captionTitle \">\u041f\u043e\u0434\u043e\u043a\u043e\u043d\u043d\u0438\u043a Crystallit \u043c\u0430\u0445\u0430\u0433\u043e\u043d, \u043c\u0430\u0442\u043e\u0432\u044b\u0439.<\/h2><\/div><\/div><\/div><div class=\"__item\"><div class=\"rey-card --basic\"><a href=\"https:\/\/termopane.md\/wp-content\/uploads\/2022\/05\/Podokonnik-Crystallit-mramor-glyancevyj.-1.jpg\" class=\"\" data-elementor-open-lightbox=\"yes\"><img decoding=\"async\" width=\"440\" height=\"293\" src=\"https:\/\/termopane.md\/wp-content\/uploads\/2022\/05\/Podokonnik-Crystallit-mramor-glyancevyj.-1.jpg\" class=\"__media\" alt=\"\" srcset=\"https:\/\/termopane.md\/wp-content\/uploads\/2022\/05\/Podokonnik-Crystallit-mramor-glyancevyj.-1.jpg 440w, https:\/\/termopane.md\/wp-content\/uploads\/2022\/05\/Podokonnik-Crystallit-mramor-glyancevyj.-1-300x200.jpg 300w\" sizes=\"(max-width: 440px) 100vw, 440px\" \/><\/a><div class=\"__caption\"><h2 class=\"__captionEl __captionTitle \">\u041f\u043e\u0434\u043e\u043a\u043e\u043d\u043d\u0438\u043a Crystallit \u043c\u0440\u0430\u043c\u043e\u0440, \u0433\u043b\u044f\u043d\u0446\u0435\u0432\u044b\u0439.<\/h2><\/div><\/div><\/div><div class=\"__item\"><div class=\"rey-card --basic\"><a href=\"https:\/\/termopane.md\/wp-content\/uploads\/2022\/05\/Podokonnik-Crystallit-mramor-matovyj.-1.jpg\" class=\"\" data-elementor-open-lightbox=\"yes\"><img decoding=\"async\" width=\"440\" height=\"293\" src=\"https:\/\/termopane.md\/wp-content\/uploads\/2022\/05\/Podokonnik-Crystallit-mramor-matovyj.-1.jpg\" class=\"__media\" alt=\"\" srcset=\"https:\/\/termopane.md\/wp-content\/uploads\/2022\/05\/Podokonnik-Crystallit-mramor-matovyj.-1.jpg 440w, https:\/\/termopane.md\/wp-content\/uploads\/2022\/05\/Podokonnik-Crystallit-mramor-matovyj.-1-300x200.jpg 300w\" sizes=\"(max-width: 440px) 100vw, 440px\" \/><\/a><div class=\"__caption\"><h2 class=\"__captionEl __captionTitle \">\u041f\u043e\u0434\u043e\u043a\u043e\u043d\u043d\u0438\u043a Crystallit \u043c\u0440\u0430\u043c\u043e\u0440, \u043c\u0430\u0442\u043e\u0432\u044b\u0439.<\/h2><\/div><\/div><\/div><div class=\"__item\"><div class=\"rey-card --basic\"><a href=\"https:\/\/termopane.md\/wp-content\/uploads\/2022\/05\/Podokonnik-Crystallit-oreh-glyancevyj.-1.jpg\" class=\"\" data-elementor-open-lightbox=\"yes\"><img decoding=\"async\" width=\"440\" height=\"293\" src=\"https:\/\/termopane.md\/wp-content\/uploads\/2022\/05\/Podokonnik-Crystallit-oreh-glyancevyj.-1.jpg\" class=\"__media\" alt=\"\" srcset=\"https:\/\/termopane.md\/wp-content\/uploads\/2022\/05\/Podokonnik-Crystallit-oreh-glyancevyj.-1.jpg 440w, https:\/\/termopane.md\/wp-content\/uploads\/2022\/05\/Podokonnik-Crystallit-oreh-glyancevyj.-1-300x200.jpg 300w\" sizes=\"(max-width: 440px) 100vw, 440px\" \/><\/a><div class=\"__caption\"><h2 class=\"__captionEl __captionTitle \">\u041f\u043e\u0434\u043e\u043a\u043e\u043d\u043d\u0438\u043a Crystallit \u043e\u0440\u0435\u0445, \u0433\u043b\u044f\u043d\u0446\u0435\u0432\u044b\u0439.<\/h2><\/div><\/div><\/div><div class=\"__item\"><div class=\"rey-card --basic\"><a href=\"https:\/\/termopane.md\/wp-content\/uploads\/2022\/05\/Podokonnik-Crystallit-palermo-glyancevyj-1.jpg\" class=\"\" data-elementor-open-lightbox=\"yes\"><img decoding=\"async\" width=\"440\" height=\"293\" src=\"https:\/\/termopane.md\/wp-content\/uploads\/2022\/05\/Podokonnik-Crystallit-palermo-glyancevyj-1.jpg\" class=\"__media\" alt=\"\" srcset=\"https:\/\/termopane.md\/wp-content\/uploads\/2022\/05\/Podokonnik-Crystallit-palermo-glyancevyj-1.jpg 440w, https:\/\/termopane.md\/wp-content\/uploads\/2022\/05\/Podokonnik-Crystallit-palermo-glyancevyj-1-300x200.jpg 300w\" sizes=\"(max-width: 440px) 100vw, 440px\" \/><\/a><div class=\"__caption\"><h2 class=\"__captionEl __captionTitle \">\u041f\u043e\u0434\u043e\u043a\u043e\u043d\u043d\u0438\u043a Crystallit \u043f\u0430\u043b\u0435\u0440\u043c\u043e, \u0433\u043b\u044f\u043d\u0446\u0435\u0432\u044b\u0439<\/h2><\/div><\/div><\/div><div class=\"__item\"><div class=\"rey-card --basic\"><a href=\"https:\/\/termopane.md\/wp-content\/uploads\/2022\/05\/Podokonnik-Crystallit-palermo-matovyj-1.jpg\" class=\"\" data-elementor-open-lightbox=\"yes\"><img decoding=\"async\" width=\"440\" height=\"293\" src=\"https:\/\/termopane.md\/wp-content\/uploads\/2022\/05\/Podokonnik-Crystallit-palermo-matovyj-1.jpg\" class=\"__media\" alt=\"\" srcset=\"https:\/\/termopane.md\/wp-content\/uploads\/2022\/05\/Podokonnik-Crystallit-palermo-matovyj-1.jpg 440w, https:\/\/termopane.md\/wp-content\/uploads\/2022\/05\/Podokonnik-Crystallit-palermo-matovyj-1-300x200.jpg 300w\" sizes=\"(max-width: 440px) 100vw, 440px\" \/><\/a><div class=\"__caption\"><h2 class=\"__captionEl __captionTitle \">\u041f\u043e\u0434\u043e\u043a\u043e\u043d\u043d\u0438\u043a Crystallit \u043f\u0430\u043b\u0435\u0440\u043c\u043e, \u043c\u0430\u0442\u043e\u0432\u044b\u0439<\/h2><\/div><\/div><\/div>\t\t<\/div>\n\t\t<\/div>\t\t<\/div>\n\t\t\t\t<\/div>\n\t\t\t\t\t<\/div>\n\t\t<\/div>\n\t\t\t\t\t\t\t<\/div>\n\t\t<\/section>\n\t\t\t\t\t\t\t<\/div>\n\t\t","protected":false},"excerpt":{"rendered":"<p>Crystallit este ceva inovativ pe pia\u021ba pervazurilor din plastic. Produse \u00eentr-o fabric\u0103 modern\u0103 dotat\u0103 cu echipamente de prim\u0103 clas\u0103 \u0219i corespunz\u00e2nd standartelor europene pervazurile din plastic Crystallit au o serie de caracteristici de calitate prin intermediul c\u0103rora se plaseaz\u0103 pe locul \u00eent\u00e2i. Parteneriatul cu companiile din Europea de top \u0219i controlul constant al calit\u0103\u021bii la [&hellip;]<\/p>\n","protected":false},"author":1,"featured_media":0,"parent":3180,"menu_order":0,"comment_status":"closed","ping_status":"closed","template":"","meta":{"_seopress_robots_primary_cat":"","_seopress_titles_title":"","_seopress_titles_desc":"","_seopress_robots_index":"","footnotes":""},"acf":[],"_links":{"self":[{"href":"https:\/\/termopane.md\/ro\/wp-json\/wp\/v2\/pages\/3185"}],"collection":[{"href":"https:\/\/termopane.md\/ro\/wp-json\/wp\/v2\/pages"}],"about":[{"href":"https:\/\/termopane.md\/ro\/wp-json\/wp\/v2\/types\/page"}],"author":[{"embeddable":true,"href":"https:\/\/termopane.md\/ro\/wp-json\/wp\/v2\/users\/1"}],"replies":[{"embeddable":true,"href":"https:\/\/termopane.md\/ro\/wp-json\/wp\/v2\/comments?post=3185"}],"version-history":[{"count":0,"href":"https:\/\/termopane.md\/ro\/wp-json\/wp\/v2\/pages\/3185\/revisions"}],"up":[{"embeddable":true,"href":"https:\/\/termopane.md\/ro\/wp-json\/wp\/v2\/pages\/3180"}],"wp:attachment":[{"href":"https:\/\/termopane.md\/ro\/wp-json\/wp\/v2\/media?parent=3185"}],"curies":[{"name":"wp","href":"https:\/\/api.w.org\/{rel}","templated":true}]}}