{"id":3190,"date":"2022-05-22T00:04:13","date_gmt":"2022-05-21T21:04:13","guid":{"rendered":"https:\/\/termopane.md\/?page_id=3190"},"modified":"2022-05-27T15:27:15","modified_gmt":"2022-05-27T12:27:15","slug":"danke","status":"publish","type":"page","link":"https:\/\/termopane.md\/ro\/produse\/pervazuri\/danke\/","title":{"rendered":"Danke"},"content":{"rendered":"\t\t<div data-elementor-type=\"wp-post\" data-elementor-id=\"3190\" class=\"elementor elementor-3190 elementor-2475\">\n\t\t\t\t\t\t\t\t\t<section class=\"elementor-section elementor-top-section elementor-element elementor-element-582ed22c elementor-section-boxed elementor-section-gap-default elementor-section-height-default elementor-section-height-default\" data-id=\"582ed22c\" data-element_type=\"section\">\n\t\t\t\t\t\t<div class=\"elementor-container elementor-column-gap-default\">\n\t\t\t\t\t<div class=\"elementor-column elementor-col-16 elementor-top-column elementor-element elementor-element-41ebc155\" data-id=\"41ebc155\" data-element_type=\"column\">\n\t\t\t<div class=\"elementor-column-wrap--41ebc155 elementor-widget-wrap\">\n\t\t\t\t\t\t\t\t\t<\/div>\n\t\t<\/div>\n\t\t\t\t<div class=\"elementor-column elementor-col-66 elementor-top-column elementor-element elementor-element-58039ba3\" data-id=\"58039ba3\" data-element_type=\"column\">\n\t\t\t<div class=\"elementor-column-wrap--58039ba3 elementor-widget-wrap elementor-element-populated\">\n\t\t\t\t\t\t\t\t<div class=\"elementor-element elementor-element-44544f36 elementor-widget elementor-widget-heading\" data-id=\"44544f36\" data-element_type=\"widget\" data-widget_type=\"heading.default\">\n\t\t\t\t<div class=\"elementor-widget-container\">\n\t\t\t<style>\/*! elementor - v3.7.7 - 20-09-2022 *\/\n.elementor-heading-title{padding:0;margin:0;line-height:1}.elementor-widget-heading .elementor-heading-title[class*=elementor-size-]>a{color:inherit;font-size:inherit;line-height:inherit}.elementor-widget-heading .elementor-heading-title.elementor-size-small{font-size:15px}.elementor-widget-heading .elementor-heading-title.elementor-size-medium{font-size:19px}.elementor-widget-heading .elementor-heading-title.elementor-size-large{font-size:29px}.elementor-widget-heading .elementor-heading-title.elementor-size-xl{font-size:39px}.elementor-widget-heading .elementor-heading-title.elementor-size-xxl{font-size:59px}<\/style><h1 class=\"elementor-heading-title elementor-size-default\">Danke<\/h1>\t\t<\/div>\n\t\t\t\t<\/div>\n\t\t\t\t<div class=\"elementor-element elementor-element-47f97363 u-links-anim-ul elementor-widget elementor-widget-text-editor\" data-id=\"47f97363\" data-element_type=\"widget\" data-widget_type=\"text-editor.default\">\n\t\t\t\t<div class=\"elementor-widget-container\">\n\t\t\t<style>\/*! elementor - v3.7.7 - 20-09-2022 *\/\n.elementor-widget-text-editor.elementor-drop-cap-view-stacked .elementor-drop-cap{background-color:#818a91;color:#fff}.elementor-widget-text-editor.elementor-drop-cap-view-framed .elementor-drop-cap{color:#818a91;border:3px solid;background-color:transparent}.elementor-widget-text-editor:not(.elementor-drop-cap-view-default) .elementor-drop-cap{margin-top:8px}.elementor-widget-text-editor:not(.elementor-drop-cap-view-default) .elementor-drop-cap-letter{width:1em;height:1em}.elementor-widget-text-editor .elementor-drop-cap{float:left;text-align:center;line-height:1;font-size:50px}.elementor-widget-text-editor .elementor-drop-cap-letter{display:inline-block}<\/style>\t\t\t\tStructura special conceput\u0103 a construc\u021biei interne de rigidizare ofer\u0103 pervazului Danke rezisten\u021ba necesar\u0103 \u00een timpul func\u021bion\u0103rii \u0219i suport\u0103 sarcini grele, inclusiv greutatea unui adult.\t\t\t\t\t\t<\/div>\n\t\t\t\t<\/div>\n\t\t\t\t\t<\/div>\n\t\t<\/div>\n\t\t\t\t<div class=\"elementor-column elementor-col-16 elementor-top-column elementor-element elementor-element-e2e727c\" data-id=\"e2e727c\" data-element_type=\"column\">\n\t\t\t<div class=\"elementor-column-wrap--e2e727c elementor-widget-wrap\">\n\t\t\t\t\t\t\t\t\t<\/div>\n\t\t<\/div>\n\t\t\t\t\t\t\t<\/div>\n\t\t<\/section>\n\t\t\t\t<section class=\"elementor-section elementor-top-section elementor-element elementor-element-a44a098 elementor-section-boxed elementor-section-gap-default elementor-section-height-default elementor-section-height-default\" data-id=\"a44a098\" data-element_type=\"section\">\n\t\t\t\t\t\t<div class=\"elementor-container elementor-column-gap-default\">\n\t\t\t\t\t<div class=\"elementor-column elementor-col-100 elementor-top-column elementor-element elementor-element-b941259\" data-id=\"b941259\" data-element_type=\"column\">\n\t\t\t<div class=\"elementor-column-wrap--b941259 elementor-widget-wrap elementor-element-populated\">\n\t\t\t\t\t\t\t\t<div class=\"elementor-element elementor-element-5f58668 elementor-widget elementor-widget-reycore-grid\" data-id=\"5f58668\" data-element_type=\"widget\" data-widget_type=\"reycore-grid.default\">\n\t\t\t\t<div class=\"elementor-widget-container\">\n\t\t\t<div class=\"rey-gridEl --images --type-normal --type-md-normal --type-sm-normal\" style=\"--total:10\">\n\t\t<div class=\"__items \">\n\t\t\t<div class=\"__item\"><div class=\"rey-card --basic\"><a href=\"https:\/\/termopane.md\/wp-content\/uploads\/2022\/04\/danke1.jpg\" class=\"\" data-elementor-open-lightbox=\"yes\"><img decoding=\"async\" width=\"600\" height=\"336\" src=\"https:\/\/termopane.md\/wp-content\/uploads\/2022\/04\/danke1.jpg\" class=\"__media\" alt=\"\" srcset=\"https:\/\/termopane.md\/wp-content\/uploads\/2022\/04\/danke1.jpg 600w, https:\/\/termopane.md\/wp-content\/uploads\/2022\/04\/danke1-300x168.jpg 300w\" sizes=\"(max-width: 600px) 100vw, 600px\" \/><\/a><div class=\"__caption\"><h2 class=\"__captionEl __captionTitle \">\u041d\u0430\u0437\u0432\u0430\u043d\u0438\u0435 \u0446\u0432\u0435\u0442\u0430<\/h2><\/div><\/div><\/div><div class=\"__item\"><div class=\"rey-card --basic\"><a href=\"https:\/\/termopane.md\/wp-content\/uploads\/2022\/04\/danke10.jpg\" class=\"\" data-elementor-open-lightbox=\"yes\"><img decoding=\"async\" width=\"600\" height=\"363\" src=\"https:\/\/termopane.md\/wp-content\/uploads\/2022\/04\/danke10.jpg\" class=\"__media\" alt=\"\" srcset=\"https:\/\/termopane.md\/wp-content\/uploads\/2022\/04\/danke10.jpg 600w, https:\/\/termopane.md\/wp-content\/uploads\/2022\/04\/danke10-300x182.jpg 300w\" sizes=\"(max-width: 600px) 100vw, 600px\" \/><\/a><div class=\"__caption\"><h2 class=\"__captionEl __captionTitle \">\u041d\u0430\u0437\u0432\u0430\u043d\u0438\u0435 \u0446\u0432\u0435\u0442\u0430<\/h2><\/div><\/div><\/div><div class=\"__item\"><div class=\"rey-card --basic\"><a href=\"https:\/\/termopane.md\/wp-content\/uploads\/2022\/04\/danke9.jpg\" class=\"\" data-elementor-open-lightbox=\"yes\"><img decoding=\"async\" width=\"600\" height=\"353\" src=\"https:\/\/termopane.md\/wp-content\/uploads\/2022\/04\/danke9.jpg\" class=\"__media\" alt=\"\" srcset=\"https:\/\/termopane.md\/wp-content\/uploads\/2022\/04\/danke9.jpg 600w, https:\/\/termopane.md\/wp-content\/uploads\/2022\/04\/danke9-300x177.jpg 300w\" sizes=\"(max-width: 600px) 100vw, 600px\" \/><\/a><div class=\"__caption\"><h2 class=\"__captionEl __captionTitle \">\u041d\u0430\u0437\u0432\u0430\u043d\u0438\u0435 \u0446\u0432\u0435\u0442\u0430<\/h2><\/div><\/div><\/div><div class=\"__item\"><div class=\"rey-card --basic\"><a href=\"https:\/\/termopane.md\/wp-content\/uploads\/2022\/04\/danke8.jpg\" class=\"\" data-elementor-open-lightbox=\"yes\"><img decoding=\"async\" width=\"600\" height=\"345\" src=\"https:\/\/termopane.md\/wp-content\/uploads\/2022\/04\/danke8.jpg\" class=\"__media\" alt=\"\" srcset=\"https:\/\/termopane.md\/wp-content\/uploads\/2022\/04\/danke8.jpg 600w, https:\/\/termopane.md\/wp-content\/uploads\/2022\/04\/danke8-300x173.jpg 300w\" sizes=\"(max-width: 600px) 100vw, 600px\" \/><\/a><div class=\"__caption\"><h2 class=\"__captionEl __captionTitle \">\u041d\u0430\u0437\u0432\u0430\u043d\u0438\u0435 \u0446\u0432\u0435\u0442\u0430<\/h2><\/div><\/div><\/div><div class=\"__item\"><div class=\"rey-card --basic\"><a href=\"https:\/\/termopane.md\/wp-content\/uploads\/2022\/04\/danke7.jpg\" class=\"\" data-elementor-open-lightbox=\"yes\"><img decoding=\"async\" width=\"600\" height=\"344\" src=\"https:\/\/termopane.md\/wp-content\/uploads\/2022\/04\/danke7.jpg\" class=\"__media\" alt=\"\" srcset=\"https:\/\/termopane.md\/wp-content\/uploads\/2022\/04\/danke7.jpg 600w, https:\/\/termopane.md\/wp-content\/uploads\/2022\/04\/danke7-300x172.jpg 300w\" sizes=\"(max-width: 600px) 100vw, 600px\" \/><\/a><div class=\"__caption\"><h2 class=\"__captionEl __captionTitle \">\u041d\u0430\u0437\u0432\u0430\u043d\u0438\u0435 \u0446\u0432\u0435\u0442\u0430<\/h2><\/div><\/div><\/div><div class=\"__item\"><div class=\"rey-card --basic\"><a href=\"https:\/\/termopane.md\/wp-content\/uploads\/2022\/04\/danke6.jpg\" class=\"\" data-elementor-open-lightbox=\"yes\"><img decoding=\"async\" width=\"600\" height=\"341\" src=\"https:\/\/termopane.md\/wp-content\/uploads\/2022\/04\/danke6.jpg\" class=\"__media\" alt=\"\" srcset=\"https:\/\/termopane.md\/wp-content\/uploads\/2022\/04\/danke6.jpg 600w, https:\/\/termopane.md\/wp-content\/uploads\/2022\/04\/danke6-300x171.jpg 300w\" sizes=\"(max-width: 600px) 100vw, 600px\" \/><\/a><div class=\"__caption\"><h2 class=\"__captionEl __captionTitle \">\u041d\u0430\u0437\u0432\u0430\u043d\u0438\u0435 \u0446\u0432\u0435\u0442\u0430<\/h2><\/div><\/div><\/div><div class=\"__item\"><div class=\"rey-card --basic\"><a href=\"https:\/\/termopane.md\/wp-content\/uploads\/2022\/04\/danke5.jpg\" class=\"\" data-elementor-open-lightbox=\"yes\"><img decoding=\"async\" width=\"600\" height=\"338\" src=\"https:\/\/termopane.md\/wp-content\/uploads\/2022\/04\/danke5.jpg\" class=\"__media\" alt=\"\" srcset=\"https:\/\/termopane.md\/wp-content\/uploads\/2022\/04\/danke5.jpg 600w, https:\/\/termopane.md\/wp-content\/uploads\/2022\/04\/danke5-300x169.jpg 300w\" sizes=\"(max-width: 600px) 100vw, 600px\" \/><\/a><div class=\"__caption\"><h2 class=\"__captionEl __captionTitle \">\u041d\u0430\u0437\u0432\u0430\u043d\u0438\u0435 \u0446\u0432\u0435\u0442\u0430<\/h2><\/div><\/div><\/div><div class=\"__item\"><div class=\"rey-card --basic\"><a href=\"https:\/\/termopane.md\/wp-content\/uploads\/2022\/04\/danke4.jpg\" class=\"\" data-elementor-open-lightbox=\"yes\"><img decoding=\"async\" width=\"600\" height=\"337\" src=\"https:\/\/termopane.md\/wp-content\/uploads\/2022\/04\/danke4.jpg\" class=\"__media\" alt=\"\" srcset=\"https:\/\/termopane.md\/wp-content\/uploads\/2022\/04\/danke4.jpg 600w, https:\/\/termopane.md\/wp-content\/uploads\/2022\/04\/danke4-300x169.jpg 300w\" sizes=\"(max-width: 600px) 100vw, 600px\" \/><\/a><div class=\"__caption\"><h2 class=\"__captionEl __captionTitle \">\u041d\u0430\u0437\u0432\u0430\u043d\u0438\u0435 \u0446\u0432\u0435\u0442\u0430<\/h2><\/div><\/div><\/div><div class=\"__item\"><div class=\"rey-card --basic\"><a href=\"https:\/\/termopane.md\/wp-content\/uploads\/2022\/04\/danke3.jpg\" class=\"\" data-elementor-open-lightbox=\"yes\"><img decoding=\"async\" width=\"600\" height=\"338\" src=\"https:\/\/termopane.md\/wp-content\/uploads\/2022\/04\/danke3.jpg\" class=\"__media\" alt=\"\" srcset=\"https:\/\/termopane.md\/wp-content\/uploads\/2022\/04\/danke3.jpg 600w, https:\/\/termopane.md\/wp-content\/uploads\/2022\/04\/danke3-300x169.jpg 300w\" sizes=\"(max-width: 600px) 100vw, 600px\" \/><\/a><div class=\"__caption\"><h2 class=\"__captionEl __captionTitle \">\u041d\u0430\u0437\u0432\u0430\u043d\u0438\u0435 \u0446\u0432\u0435\u0442\u0430<\/h2><\/div><\/div><\/div><div class=\"__item\"><div class=\"rey-card --basic\"><a href=\"https:\/\/termopane.md\/wp-content\/uploads\/2022\/04\/danke2.jpg\" class=\"\" data-elementor-open-lightbox=\"yes\"><img decoding=\"async\" width=\"600\" height=\"322\" src=\"https:\/\/termopane.md\/wp-content\/uploads\/2022\/04\/danke2.jpg\" class=\"__media\" alt=\"\" srcset=\"https:\/\/termopane.md\/wp-content\/uploads\/2022\/04\/danke2.jpg 600w, https:\/\/termopane.md\/wp-content\/uploads\/2022\/04\/danke2-300x161.jpg 300w\" sizes=\"(max-width: 600px) 100vw, 600px\" \/><\/a><div class=\"__caption\"><h2 class=\"__captionEl __captionTitle \">\u041d\u0430\u0437\u0432\u0430\u043d\u0438\u0435 \u0446\u0432\u0435\u0442\u0430<\/h2><\/div><\/div><\/div>\t\t<\/div>\n\t\t<\/div>\t\t<\/div>\n\t\t\t\t<\/div>\n\t\t\t\t\t<\/div>\n\t\t<\/div>\n\t\t\t\t\t\t\t<\/div>\n\t\t<\/section>\n\t\t\t\t<section class=\"elementor-section elementor-top-section elementor-element elementor-element-3fedb08e elementor-section-boxed elementor-section-gap-default elementor-section-height-default elementor-section-height-default\" data-id=\"3fedb08e\" data-element_type=\"section\">\n\t\t\t\t\t\t<div class=\"elementor-container elementor-column-gap-default\">\n\t\t\t\t\t<div class=\"elementor-column elementor-col-25 elementor-top-column elementor-element elementor-element-5715e4ba\" data-id=\"5715e4ba\" data-element_type=\"column\">\n\t\t\t<div class=\"elementor-column-wrap--5715e4ba elementor-widget-wrap\">\n\t\t\t\t\t\t\t\t\t<\/div>\n\t\t<\/div>\n\t\t\t\t<div class=\"elementor-column elementor-col-25 elementor-top-column elementor-element elementor-element-6054d7f2\" data-id=\"6054d7f2\" data-element_type=\"column\">\n\t\t\t<div class=\"elementor-column-wrap--6054d7f2 elementor-widget-wrap elementor-element-populated\">\n\t\t\t\t\t\t\t\t<div class=\"elementor-element elementor-element-4f925e76 elementor-widget elementor-widget-heading\" data-id=\"4f925e76\" data-element_type=\"widget\" data-widget_type=\"heading.default\">\n\t\t\t\t<div class=\"elementor-widget-container\">\n\t\t\t<h2 class=\"elementor-heading-title elementor-size-default\">\u041e\u043f\u0438\u0441\u0430\u043d\u0438\u0435<\/h2>\t\t<\/div>\n\t\t\t\t<\/div>\n\t\t\t\t<div class=\"elementor-element elementor-element-1d0ba238 u-links-anim-ul elementor-widget elementor-widget-text-editor\" data-id=\"1d0ba238\" data-element_type=\"widget\" data-widget_type=\"text-editor.default\">\n\t\t\t\t<div class=\"elementor-widget-container\">\n\t\t\t\t\t\t\tNu este amenin\u021bat de momentele nepl\u0103cute precum umflarea sau delaminarea care sunt des \u00eent\u00e2lnite la pervazurile din lemn sau DSP. De asemenea pervazurile TM DANKE au o rezisten\u021b\u0103 ridicat\u0103 la temperaturi \u00eenalte sau sc\u0103zute. Ele pot rezista la contact pe termen lung cu obiecte fierbinte (o cea\u0219c\u0103 de cafea sau ceai, cenu\u0219\u0103 sc\u0103pat\u0103 accidental \u0219i chiar o \u021bigar\u0103 mocnitoare). Stratul acrilic unic ELESGO (Germania) nu are analogi \u00een lume. Decorurile repet\u0103 exact structura natural\u0103 a lemnului \u0219i a pietrei. O caracteristic\u0103 special\u0103 a laminatului ELESGO este rezisten\u021ba ridicat\u0103 la uzur\u0103 \u0219i zg\u00e2rieturi. Pute\u021bi pune \u0219i muta \u00een siguran\u021b\u0103 ghivece cu flori \u0219i alte elemente interioare pe pervazul Danke.\t\t\t\t\t\t<\/div>\n\t\t\t\t<\/div>\n\t\t\t\t\t<\/div>\n\t\t<\/div>\n\t\t\t\t<div class=\"elementor-column elementor-col-25 elementor-top-column elementor-element elementor-element-7701874e\" data-id=\"7701874e\" data-element_type=\"column\">\n\t\t\t<div class=\"elementor-column-wrap--7701874e elementor-widget-wrap elementor-element-populated\">\n\t\t\t\t\t\t\t\t<div class=\"elementor-element elementor-element-625cb86d elementor-widget elementor-widget-heading\" data-id=\"625cb86d\" data-element_type=\"widget\" data-widget_type=\"heading.default\">\n\t\t\t\t<div class=\"elementor-widget-container\">\n\t\t\t<h2 class=\"elementor-heading-title elementor-size-default\">\u0422\u0435\u0445\u043d\u0438\u0447\u0435\u0441\u043a\u0438\u0435 \u0445\u0430\u0440\u0430\u043a\u0442\u0435\u0440\u0438\u0441\u0442\u0438\u043a\u0438<\/h2>\t\t<\/div>\n\t\t\t\t<\/div>\n\t\t\t\t<div class=\"elementor-element elementor-element-29d88732 u-links-anim-ul elementor-widget elementor-widget-text-editor\" data-id=\"29d88732\" data-element_type=\"widget\" data-widget_type=\"text-editor.default\">\n\t\t\t\t<div class=\"elementor-widget-container\">\n\t\t\t\t\t\t\t<ol><li>Creme de Turque \u2013 \u0441\u0432\u0435\u0442\u043b\u043e-\u0431\u0435\u0436\u0435\u0432\u044b\u0439 \u043c\u0440\u0430\u043c\u043e\u0440<\/li><li>Lalbero Bianco \u2014 \u0431\u0435\u043b\u043e\u0435 \u0434\u0435\u0440\u0435\u0432\u043e<\/li><li>Lalbero Bruno \u2013 \u043a\u043e\u0440\u0438\u0447\u043d\u0435\u0432\u044b\u0439 \u0434\u0443\u0431<\/li><li>Lalbero Classico \u2013 \u0441\u0432\u0435\u0442\u043b\u044b\u0439 \u0434\u0443\u0431<\/li><li>Marmor Classico \u2013 \u0441\u0435\u0440\u044b\u0439 \u043c\u0440\u0430\u043c\u043e\u0440<\/li><li>Lalbero dell\u2019oro \u2013 \u0437\u043e\u043b\u043e\u0442\u043e\u0439 \u0434\u0443\u0431<\/li><li>Lucido Bianco \u2013 \u0431\u0435\u043b\u044b\u0439 \u0433\u043b\u044f\u043d\u0435\u0446<\/li><li>Mahagony \u2014 \u043a\u0440\u0430\u0441\u043d\u043e\u0435 \u0434\u0435\u0440\u0435\u0432\u043e<\/li><li>Onyx \u2013 \u0440\u043e\u0437\u043e\u0432\u044b\u0439 \u043e\u043d\u0438\u043a\u0441<\/li><li>Wenge \u2013 \u0432\u0435\u043d\u0433\u0435<\/li><\/ol>\t\t\t\t\t\t<\/div>\n\t\t\t\t<\/div>\n\t\t\t\t\t<\/div>\n\t\t<\/div>\n\t\t\t\t<div class=\"elementor-column elementor-col-25 elementor-top-column elementor-element elementor-element-5f0e0007\" data-id=\"5f0e0007\" data-element_type=\"column\">\n\t\t\t<div class=\"elementor-column-wrap--5f0e0007 elementor-widget-wrap\">\n\t\t\t\t\t\t\t\t\t<\/div>\n\t\t<\/div>\n\t\t\t\t\t\t\t<\/div>\n\t\t<\/section>\n\t\t\t\t\t\t\t<\/div>\n\t\t","protected":false},"excerpt":{"rendered":"<p>Danke Structura special conceput\u0103 a construc\u021biei interne de rigidizare ofer\u0103 pervazului Danke rezisten\u021ba necesar\u0103 \u00een timpul func\u021bion\u0103rii \u0219i suport\u0103 sarcini grele, inclusiv greutatea unui adult. \u041d\u0430\u0437\u0432\u0430\u043d\u0438\u0435 \u0446\u0432\u0435\u0442\u0430 \u041d\u0430\u0437\u0432\u0430\u043d\u0438\u0435 \u0446\u0432\u0435\u0442\u0430 \u041d\u0430\u0437\u0432\u0430\u043d\u0438\u0435 \u0446\u0432\u0435\u0442\u0430 \u041d\u0430\u0437\u0432\u0430\u043d\u0438\u0435 \u0446\u0432\u0435\u0442\u0430 \u041d\u0430\u0437\u0432\u0430\u043d\u0438\u0435 \u0446\u0432\u0435\u0442\u0430 \u041d\u0430\u0437\u0432\u0430\u043d\u0438\u0435 \u0446\u0432\u0435\u0442\u0430 \u041d\u0430\u0437\u0432\u0430\u043d\u0438\u0435 \u0446\u0432\u0435\u0442\u0430 \u041d\u0430\u0437\u0432\u0430\u043d\u0438\u0435 \u0446\u0432\u0435\u0442\u0430 \u041d\u0430\u0437\u0432\u0430\u043d\u0438\u0435 \u0446\u0432\u0435\u0442\u0430 \u041d\u0430\u0437\u0432\u0430\u043d\u0438\u0435 \u0446\u0432\u0435\u0442\u0430 \u041e\u043f\u0438\u0441\u0430\u043d\u0438\u0435 Nu este amenin\u021bat de momentele nepl\u0103cute precum umflarea sau [&hellip;]<\/p>\n","protected":false},"author":1,"featured_media":0,"parent":3180,"menu_order":0,"comment_status":"closed","ping_status":"closed","template":"","meta":{"_seopress_robots_primary_cat":"","_seopress_titles_title":"","_seopress_titles_desc":"","_seopress_robots_index":"","footnotes":""},"acf":[],"_links":{"self":[{"href":"https:\/\/termopane.md\/ro\/wp-json\/wp\/v2\/pages\/3190"}],"collection":[{"href":"https:\/\/termopane.md\/ro\/wp-json\/wp\/v2\/pages"}],"about":[{"href":"https:\/\/termopane.md\/ro\/wp-json\/wp\/v2\/types\/page"}],"author":[{"embeddable":true,"href":"https:\/\/termopane.md\/ro\/wp-json\/wp\/v2\/users\/1"}],"replies":[{"embeddable":true,"href":"https:\/\/termopane.md\/ro\/wp-json\/wp\/v2\/comments?post=3190"}],"version-history":[{"count":0,"href":"https:\/\/termopane.md\/ro\/wp-json\/wp\/v2\/pages\/3190\/revisions"}],"up":[{"embeddable":true,"href":"https:\/\/termopane.md\/ro\/wp-json\/wp\/v2\/pages\/3180"}],"wp:attachment":[{"href":"https:\/\/termopane.md\/ro\/wp-json\/wp\/v2\/media?parent=3190"}],"curies":[{"name":"wp","href":"https:\/\/api.w.org\/{rel}","templated":true}]}}