{"id":3201,"date":"2022-05-22T00:10:47","date_gmt":"2022-05-21T21:10:47","guid":{"rendered":"https:\/\/termopane.md\/?page_id=3201"},"modified":"2022-05-22T00:16:35","modified_gmt":"2022-05-21T21:16:35","slug":"plase-de-tantari","status":"publish","type":"page","link":"https:\/\/termopane.md\/ro\/produse\/plase-de-tantari\/","title":{"rendered":"Plase de \u021b\u00e2n\u021bari"},"content":{"rendered":"\t\t<div data-elementor-type=\"wp-post\" data-elementor-id=\"3201\" class=\"elementor elementor-3201 elementor-1676\">\n\t\t\t\t\t\t\t\t\t<section class=\"elementor-section elementor-top-section elementor-element elementor-element-32d9165 elementor-section-boxed elementor-section-gap-default elementor-section-height-default elementor-section-height-default\" data-id=\"32d9165\" data-element_type=\"section\">\n\t\t\t\t\t\t<div class=\"elementor-container elementor-column-gap-default\">\n\t\t\t\t\t<div class=\"elementor-column elementor-col-16 elementor-top-column elementor-element elementor-element-9febfe5\" data-id=\"9febfe5\" data-element_type=\"column\">\n\t\t\t<div class=\"elementor-column-wrap--9febfe5 elementor-widget-wrap\">\n\t\t\t\t\t\t\t\t\t<\/div>\n\t\t<\/div>\n\t\t\t\t<div class=\"elementor-column elementor-col-66 elementor-top-column elementor-element elementor-element-99789a6\" data-id=\"99789a6\" data-element_type=\"column\">\n\t\t\t<div class=\"elementor-column-wrap--99789a6 elementor-widget-wrap elementor-element-populated\">\n\t\t\t\t\t\t\t\t<div class=\"elementor-element elementor-element-f37521f u-links-anim-ul elementor-widget elementor-widget-text-editor\" data-id=\"f37521f\" data-element_type=\"widget\" data-widget_type=\"text-editor.default\">\n\t\t\t\t<div class=\"elementor-widget-container\">\n\t\t\t<style>\/*! elementor - v3.7.7 - 20-09-2022 *\/\n.elementor-widget-text-editor.elementor-drop-cap-view-stacked .elementor-drop-cap{background-color:#818a91;color:#fff}.elementor-widget-text-editor.elementor-drop-cap-view-framed .elementor-drop-cap{color:#818a91;border:3px solid;background-color:transparent}.elementor-widget-text-editor:not(.elementor-drop-cap-view-default) .elementor-drop-cap{margin-top:8px}.elementor-widget-text-editor:not(.elementor-drop-cap-view-default) .elementor-drop-cap-letter{width:1em;height:1em}.elementor-widget-text-editor .elementor-drop-cap{float:left;text-align:center;line-height:1;font-size:50px}.elementor-widget-text-editor .elementor-drop-cap-letter{display:inline-block}<\/style>\t\t\t\t<p>Plasa contra \u021b\u00e2n\u021barilor \u00cen momentul achizi\u021bion\u0103rii unor ferestre noi nu uita\u021bi s\u0103 comanda\u021bi \u0219i o plas\u0103 de \u021b\u00e2n\u021bari. Aceasta va proteja camerele de praf, murd\u0103rie, insecte, iar proprietarii apartamentelor de la primul etaj \u0219i al caselor particulare de pisicile f\u0103r\u0103 cas\u0103. Plasele v\u0103 permit s\u0103 ventila\u021bi cu u\u0219urin\u021b\u0103 spa\u021biile \u0219i nu strica aspectul exterior al ferestrelor. Cele mai populare dintre toate tipurile de plase de \u021b\u00e2n\u021bari sunt considerate cele cu rame care se potrivesc cu majoritatea ferestrelor.<\/p>\t\t\t\t\t\t<\/div>\n\t\t\t\t<\/div>\n\t\t\t\t\t<\/div>\n\t\t<\/div>\n\t\t\t\t<div class=\"elementor-column elementor-col-16 elementor-top-column elementor-element elementor-element-8e066d1\" data-id=\"8e066d1\" data-element_type=\"column\">\n\t\t\t<div class=\"elementor-column-wrap--8e066d1 elementor-widget-wrap\">\n\t\t\t\t\t\t\t\t\t<\/div>\n\t\t<\/div>\n\t\t\t\t\t\t\t<\/div>\n\t\t<\/section>\n\t\t\t\t<section class=\"elementor-section elementor-top-section elementor-element elementor-element-34c5f9c elementor-section-boxed elementor-section-gap-default elementor-section-height-default elementor-section-height-default\" data-id=\"34c5f9c\" data-element_type=\"section\">\n\t\t\t\t\t\t<div class=\"elementor-container elementor-column-gap-default\">\n\t\t\t\t\t<div class=\"elementor-column elementor-col-33 elementor-top-column elementor-element elementor-element-8fe6f79\" data-id=\"8fe6f79\" data-element_type=\"column\">\n\t\t\t<div class=\"elementor-column-wrap--8fe6f79 elementor-widget-wrap elementor-element-populated\">\n\t\t\t\t\t\t\t\t<div class=\"elementor-element elementor-element-969b5e0 elementor-position-top elementor-vertical-align-top elementor-widget elementor-widget-image-box\" data-id=\"969b5e0\" data-element_type=\"widget\" data-widget_type=\"image-box.default\">\n\t\t\t\t<div class=\"elementor-widget-container\">\n\t\t\t<style>\/*! elementor - v3.7.7 - 20-09-2022 *\/\n.elementor-widget-image-box .elementor-image-box-content{width:100%}@media (min-width:768px){.elementor-widget-image-box.elementor-position-left .elementor-image-box-wrapper,.elementor-widget-image-box.elementor-position-right .elementor-image-box-wrapper{display:-webkit-box;display:-ms-flexbox;display:flex}.elementor-widget-image-box.elementor-position-right .elementor-image-box-wrapper{text-align:right;-webkit-box-orient:horizontal;-webkit-box-direction:reverse;-ms-flex-direction:row-reverse;flex-direction:row-reverse}.elementor-widget-image-box.elementor-position-left .elementor-image-box-wrapper{text-align:left;-webkit-box-orient:horizontal;-webkit-box-direction:normal;-ms-flex-direction:row;flex-direction:row}.elementor-widget-image-box.elementor-position-top .elementor-image-box-img{margin:auto}.elementor-widget-image-box.elementor-vertical-align-top .elementor-image-box-wrapper{-webkit-box-align:start;-ms-flex-align:start;align-items:flex-start}.elementor-widget-image-box.elementor-vertical-align-middle .elementor-image-box-wrapper{-webkit-box-align:center;-ms-flex-align:center;align-items:center}.elementor-widget-image-box.elementor-vertical-align-bottom .elementor-image-box-wrapper{-webkit-box-align:end;-ms-flex-align:end;align-items:flex-end}}@media (max-width:767px){.elementor-widget-image-box .elementor-image-box-img{margin-left:auto!important;margin-right:auto!important;margin-bottom:15px}}.elementor-widget-image-box .elementor-image-box-img{display:inline-block}.elementor-widget-image-box .elementor-image-box-title a{color:inherit}.elementor-widget-image-box .elementor-image-box-wrapper{text-align:center}.elementor-widget-image-box .elementor-image-box-description{margin:0}<\/style><div class=\"elementor-image-box-wrapper\"><figure class=\"elementor-image-box-img\"><img decoding=\"async\" width=\"738\" height=\"566\" src=\"https:\/\/termopane.md\/wp-content\/uploads\/2022\/04\/moskitnaya-setka.jpg\" class=\"elementor-animation-shrink attachment-full size-full\" alt=\"\" \/><\/figure><div class=\"elementor-image-box-content\"><h1 class=\"elementor-image-box-title\">Plasa contra \u021b\u00e2n\u021barilor cu ram\u0103<\/h1><p class=\"elementor-image-box-description\">Cele mai populare dintre toate tipurile de plase de \u021b\u00e2n\u021bari sunt cele cu rame care se potrivesc cu majoritatea ferestrelor. Acest tip de plas\u0103 fiind cea mai popular\u0103 reprezint\u0103 o \u021bes\u0103tur\u0103 (plas\u0103) anti-\u021b\u00e2n\u021bari \u00eentins\u0103 peste o baz\u0103 - carcasa de aluminiu. Aceast\u0103 plas\u0103 este u\u0219or de utilizat \u0219i nu e scump\u0103. Se instaleaz\u0103 din exterior. L\u0103\u021bimea profilului pentru astfel de plase este de numai 2,5 cm. \u00cengrijirea a unei astfel de plase este foarte simpl\u0103 \u2013 periodic trebuie scoas\u0103 rama \u0219i sp\u0103lat\u0103 cu ap\u0103 cald\u0103.\n<\/p><\/div><\/div>\t\t<\/div>\n\t\t\t\t<\/div>\n\t\t\t\t\t<\/div>\n\t\t<\/div>\n\t\t\t\t<div class=\"elementor-column elementor-col-33 elementor-top-column elementor-element elementor-element-882da66\" data-id=\"882da66\" data-element_type=\"column\">\n\t\t\t<div class=\"elementor-column-wrap--882da66 elementor-widget-wrap elementor-element-populated\">\n\t\t\t\t\t\t\t\t<div class=\"elementor-element elementor-element-edff08b elementor-position-top elementor-vertical-align-top elementor-widget elementor-widget-image-box\" data-id=\"edff08b\" data-element_type=\"widget\" data-widget_type=\"image-box.default\">\n\t\t\t\t<div class=\"elementor-widget-container\">\n\t\t\t<div class=\"elementor-image-box-wrapper\"><figure class=\"elementor-image-box-img\"><img decoding=\"async\" width=\"738\" height=\"566\" src=\"https:\/\/termopane.md\/wp-content\/uploads\/2022\/04\/rulonnaya-setka.jpg\" class=\"elementor-animation-shrink attachment-full size-full\" alt=\"\" \/><\/figure><div class=\"elementor-image-box-content\"><h1 class=\"elementor-image-box-title\">Ram\u0103 cu plas\u0103 <br>de \u021b\u00e2n\u021bari<\/h1><p class=\"elementor-image-box-description\">Plasele de \u021b\u00e2n\u021bari rulate (sau role) sunt convenabile, deoarece nu trebuie scoase periodic de pe geam. Dac\u0103 dori\u021bi s\u0103 \u00eendep\u0103rta\u021bi plasa pur \u0219i simplu muta\u021bi m\u00e2nerul \u00een pozi\u021bia special\u0103 \u0219i structura se ruleaz\u0103. Pentru a deschide plasa, trage\u021bi \u0219nurul sau m\u00e2nerul din profil. Mecanismul func\u021bioneaz\u0103 u\u0219or \u0219i silen\u021bios. Construc\u021bia \u00een sine nu ocup\u0103 mult spa\u021biu. Totul este foarte convenabil \u0219i compact. Rolele cu plas\u0103 sunt instalate at\u00e2t \u00een camere, c\u00e2t \u0219i pe terase, verande, foi\u0219oare. Acest tip de plase de \u021b\u00e2n\u021bari iube\u0219te foarte mult locuitorii vilelor \u0219i proprietarii de case din afara ora\u0219ului.<\/p><\/div><\/div>\t\t<\/div>\n\t\t\t\t<\/div>\n\t\t\t\t\t<\/div>\n\t\t<\/div>\n\t\t\t\t<div class=\"elementor-column elementor-col-33 elementor-top-column elementor-element elementor-element-896d1f1\" data-id=\"896d1f1\" data-element_type=\"column\">\n\t\t\t<div class=\"elementor-column-wrap--896d1f1 elementor-widget-wrap elementor-element-populated\">\n\t\t\t\t\t\t\t\t<div class=\"elementor-element elementor-element-faf5a9b elementor-position-top elementor-vertical-align-top elementor-widget elementor-widget-image-box\" data-id=\"faf5a9b\" data-element_type=\"widget\" data-widget_type=\"image-box.default\">\n\t\t\t\t<div class=\"elementor-widget-container\">\n\t\t\t<div class=\"elementor-image-box-wrapper\"><figure class=\"elementor-image-box-img\"><img decoding=\"async\" width=\"738\" height=\"566\" src=\"https:\/\/termopane.md\/wp-content\/uploads\/2022\/04\/setka-plisse.jpg\" class=\"elementor-animation-shrink attachment-full size-full\" alt=\"\" \/><\/figure><div class=\"elementor-image-box-content\"><h1 class=\"elementor-image-box-title\">Plasa <br>Plisse<\/h1><p class=\"elementor-image-box-description\">Plasa de \u021b\u00e2n\u021bari pliat\u0103 a cucerit pia\u021ba \u0219i a devenit solicitat\u0103. Acest tip de plas\u0103 se comand\u0103 la apartamente \u0219i case particulare, birouri, saloane \u0219i magazine. Plasa este format\u0103 din multe pliuri \u0219i seam\u0103n\u0103 cu un acordeon. Este fabricat\u0103 din poliamid\u0103, ceea ce face construc\u021bia foarte durabil\u0103. \u201eAccordeonul\u201d este rezistent la umiditate \u0219i ultraviolete, protejeaz\u0103 spa\u021biile de praf, puf de plop, \u021b\u00e2n\u021bari, mu\u0219te \u0219i alte insecte. Aceste plase de \u021b\u00e2n\u021bari sunt u\u0219or de instalat, nu trebuie \u00eendep\u0103rtate pentru iarn\u0103 \u0219i sunt convenabile de sp\u0103lat. Dac\u0103 este necesar, plasa plisat\u0103 poate fi \u00eendep\u0103rtat\u0103 \u00eentr-o caset\u0103 situat\u0103 pe ambele p\u0103r\u021bi ale ferestrei.<\/p><\/div><\/div>\t\t<\/div>\n\t\t\t\t<\/div>\n\t\t\t\t\t<\/div>\n\t\t<\/div>\n\t\t\t\t\t\t\t<\/div>\n\t\t<\/section>\n\t\t\t\t\t\t\t<\/div>\n\t\t","protected":false},"excerpt":{"rendered":"<p>Plasa contra \u021b\u00e2n\u021barilor \u00cen momentul achizi\u021bion\u0103rii unor ferestre noi nu uita\u021bi s\u0103 comanda\u021bi \u0219i o plas\u0103 de \u021b\u00e2n\u021bari. Aceasta va proteja camerele de praf, murd\u0103rie, insecte, iar proprietarii apartamentelor de la primul etaj \u0219i al caselor particulare de pisicile f\u0103r\u0103 cas\u0103. Plasele v\u0103 permit s\u0103 ventila\u021bi cu u\u0219urin\u021b\u0103 spa\u021biile \u0219i nu strica aspectul exterior al [&hellip;]<\/p>\n","protected":false},"author":1,"featured_media":0,"parent":3053,"menu_order":0,"comment_status":"closed","ping_status":"closed","template":"","meta":{"_seopress_robots_primary_cat":"","_seopress_titles_title":"","_seopress_titles_desc":"","_seopress_robots_index":"","footnotes":""},"acf":[],"_links":{"self":[{"href":"https:\/\/termopane.md\/ro\/wp-json\/wp\/v2\/pages\/3201"}],"collection":[{"href":"https:\/\/termopane.md\/ro\/wp-json\/wp\/v2\/pages"}],"about":[{"href":"https:\/\/termopane.md\/ro\/wp-json\/wp\/v2\/types\/page"}],"author":[{"embeddable":true,"href":"https:\/\/termopane.md\/ro\/wp-json\/wp\/v2\/users\/1"}],"replies":[{"embeddable":true,"href":"https:\/\/termopane.md\/ro\/wp-json\/wp\/v2\/comments?post=3201"}],"version-history":[{"count":0,"href":"https:\/\/termopane.md\/ro\/wp-json\/wp\/v2\/pages\/3201\/revisions"}],"up":[{"embeddable":true,"href":"https:\/\/termopane.md\/ro\/wp-json\/wp\/v2\/pages\/3053"}],"wp:attachment":[{"href":"https:\/\/termopane.md\/ro\/wp-json\/wp\/v2\/media?parent=3201"}],"curies":[{"name":"wp","href":"https:\/\/api.w.org\/{rel}","templated":true}]}}