{"id":3209,"date":"2022-05-22T00:18:32","date_gmt":"2022-05-21T21:18:32","guid":{"rendered":"https:\/\/termopane.md\/?page_id=3209"},"modified":"2022-05-22T00:23:28","modified_gmt":"2022-05-21T21:23:28","slug":"furnitura","status":"publish","type":"page","link":"https:\/\/termopane.md\/ro\/produse\/furnitura\/","title":{"rendered":"Furnitura"},"content":{"rendered":"\t\t<div data-elementor-type=\"wp-post\" data-elementor-id=\"3209\" class=\"elementor elementor-3209 elementor-1681\">\n\t\t\t\t\t\t\t\t\t<section class=\"elementor-section elementor-top-section elementor-element elementor-element-32d9165 elementor-section-boxed elementor-section-gap-default elementor-section-height-default elementor-section-height-default\" data-id=\"32d9165\" data-element_type=\"section\">\n\t\t\t\t\t\t<div class=\"elementor-container elementor-column-gap-default\">\n\t\t\t\t\t<div class=\"elementor-column elementor-col-16 elementor-top-column elementor-element elementor-element-9febfe5\" data-id=\"9febfe5\" data-element_type=\"column\">\n\t\t\t<div class=\"elementor-column-wrap--9febfe5 elementor-widget-wrap\">\n\t\t\t\t\t\t\t\t\t<\/div>\n\t\t<\/div>\n\t\t\t\t<div class=\"elementor-column elementor-col-66 elementor-top-column elementor-element elementor-element-99789a6\" data-id=\"99789a6\" data-element_type=\"column\">\n\t\t\t<div class=\"elementor-column-wrap--99789a6 elementor-widget-wrap elementor-element-populated\">\n\t\t\t\t\t\t\t\t<div class=\"elementor-element elementor-element-f37521f u-links-anim-ul elementor-widget elementor-widget-text-editor\" data-id=\"f37521f\" data-element_type=\"widget\" data-widget_type=\"text-editor.default\">\n\t\t\t\t<div class=\"elementor-widget-container\">\n\t\t\t<style>\/*! elementor - v3.7.7 - 20-09-2022 *\/\n.elementor-widget-text-editor.elementor-drop-cap-view-stacked .elementor-drop-cap{background-color:#818a91;color:#fff}.elementor-widget-text-editor.elementor-drop-cap-view-framed .elementor-drop-cap{color:#818a91;border:3px solid;background-color:transparent}.elementor-widget-text-editor:not(.elementor-drop-cap-view-default) .elementor-drop-cap{margin-top:8px}.elementor-widget-text-editor:not(.elementor-drop-cap-view-default) .elementor-drop-cap-letter{width:1em;height:1em}.elementor-widget-text-editor .elementor-drop-cap{float:left;text-align:center;line-height:1;font-size:50px}.elementor-widget-text-editor .elementor-drop-cap-letter{display:inline-block}<\/style>\t\t\t\tO fereastr\u0103 modern\u0103 din PVC este o structur\u0103 complex\u0103 care combin\u0103 adesea multe dezvolt\u0103ri inginere\u0219ti ascunse \u00een spatele unui aspect serios al profilului. M\u00e2nerul ferestrei este un element de nelipsit al acestui sistem. Aceasta nu numai c\u0103 \u00eendepline\u0219te func\u021biile elementare cum ar fi deschiderea \u0219i \u00eenchiderea &#8211; un m\u00e2ner selectat corespunz\u0103tor poate proteja apartamentul de intrarea neautorizat\u0103 prin fereastr\u0103, precum \u0219i poate proteja copiii de c\u0103derea de pe ferestre.\n\t\t\t\t\t\t<\/div>\n\t\t\t\t<\/div>\n\t\t\t\t\t<\/div>\n\t\t<\/div>\n\t\t\t\t<div class=\"elementor-column elementor-col-16 elementor-top-column elementor-element elementor-element-8e066d1\" data-id=\"8e066d1\" data-element_type=\"column\">\n\t\t\t<div class=\"elementor-column-wrap--8e066d1 elementor-widget-wrap\">\n\t\t\t\t\t\t\t\t\t<\/div>\n\t\t<\/div>\n\t\t\t\t\t\t\t<\/div>\n\t\t<\/section>\n\t\t\t\t<section class=\"elementor-section elementor-top-section elementor-element elementor-element-34c5f9c elementor-section-boxed elementor-section-gap-default elementor-section-height-default elementor-section-height-default\" data-id=\"34c5f9c\" data-element_type=\"section\">\n\t\t\t\t\t\t<div class=\"elementor-container elementor-column-gap-default\">\n\t\t\t\t\t<div class=\"elementor-column elementor-col-33 elementor-top-column elementor-element elementor-element-8fe6f79\" data-id=\"8fe6f79\" data-element_type=\"column\">\n\t\t\t<div class=\"elementor-column-wrap--8fe6f79 elementor-widget-wrap elementor-element-populated\">\n\t\t\t\t\t\t\t\t<div class=\"elementor-element elementor-element-969b5e0 elementor-position-top elementor-vertical-align-top elementor-widget elementor-widget-image-box\" data-id=\"969b5e0\" data-element_type=\"widget\" data-widget_type=\"image-box.default\">\n\t\t\t\t<div class=\"elementor-widget-container\">\n\t\t\t<style>\/*! elementor - v3.7.7 - 20-09-2022 *\/\n.elementor-widget-image-box .elementor-image-box-content{width:100%}@media (min-width:768px){.elementor-widget-image-box.elementor-position-left .elementor-image-box-wrapper,.elementor-widget-image-box.elementor-position-right .elementor-image-box-wrapper{display:-webkit-box;display:-ms-flexbox;display:flex}.elementor-widget-image-box.elementor-position-right .elementor-image-box-wrapper{text-align:right;-webkit-box-orient:horizontal;-webkit-box-direction:reverse;-ms-flex-direction:row-reverse;flex-direction:row-reverse}.elementor-widget-image-box.elementor-position-left .elementor-image-box-wrapper{text-align:left;-webkit-box-orient:horizontal;-webkit-box-direction:normal;-ms-flex-direction:row;flex-direction:row}.elementor-widget-image-box.elementor-position-top .elementor-image-box-img{margin:auto}.elementor-widget-image-box.elementor-vertical-align-top .elementor-image-box-wrapper{-webkit-box-align:start;-ms-flex-align:start;align-items:flex-start}.elementor-widget-image-box.elementor-vertical-align-middle .elementor-image-box-wrapper{-webkit-box-align:center;-ms-flex-align:center;align-items:center}.elementor-widget-image-box.elementor-vertical-align-bottom .elementor-image-box-wrapper{-webkit-box-align:end;-ms-flex-align:end;align-items:flex-end}}@media (max-width:767px){.elementor-widget-image-box .elementor-image-box-img{margin-left:auto!important;margin-right:auto!important;margin-bottom:15px}}.elementor-widget-image-box .elementor-image-box-img{display:inline-block}.elementor-widget-image-box .elementor-image-box-title a{color:inherit}.elementor-widget-image-box .elementor-image-box-wrapper{text-align:center}.elementor-widget-image-box .elementor-image-box-description{margin:0}<\/style><div class=\"elementor-image-box-wrapper\"><figure class=\"elementor-image-box-img\"><img decoding=\"async\" width=\"738\" height=\"566\" src=\"https:\/\/termopane.md\/wp-content\/uploads\/2022\/04\/ruchka1.jpg\" class=\"elementor-animation-shrink attachment-full size-full\" alt=\"\" \/><\/figure><div class=\"elementor-image-box-content\"><h1 class=\"elementor-image-box-title\">M\u00e2nerele de la fereastr\u0103<\/h1><p class=\"elementor-image-box-description\">M\u00e2nerul de la fereastr\u0103 REHAU LINEA Design are un mecanism special Secustik\u00ae care blocheaz\u0103 m\u00e2nerul atunci c\u00e2nd cineva \u00eencearc\u0103 s\u0103 ac\u021bioneze asupra lui din exterior prin mecanismul de blocare. Sistemul are o solu\u021bie patentat\u0103: atunci c\u00e2nd schimba\u021bi pozi\u021bia m\u00e2nerului se aude un sunet de clic clar al mecanismului de blocare. Acesta este sunetul caracteristic Secustik\u00ae, al c\u0103rui scop principal este s\u0103 v\u0103 informeze instantaneu c\u0103 fereastra este \u00eenchis\u0103 \u00een siguran\u021b\u0103.<\/p><\/div><\/div>\t\t<\/div>\n\t\t\t\t<\/div>\n\t\t\t\t\t<\/div>\n\t\t<\/div>\n\t\t\t\t<div class=\"elementor-column elementor-col-33 elementor-top-column elementor-element elementor-element-882da66\" data-id=\"882da66\" data-element_type=\"column\">\n\t\t\t<div class=\"elementor-column-wrap--882da66 elementor-widget-wrap elementor-element-populated\">\n\t\t\t\t\t\t\t\t<div class=\"elementor-element elementor-element-edff08b elementor-position-top elementor-vertical-align-top elementor-widget elementor-widget-image-box\" data-id=\"edff08b\" data-element_type=\"widget\" data-widget_type=\"image-box.default\">\n\t\t\t\t<div class=\"elementor-widget-container\">\n\t\t\t<div class=\"elementor-image-box-wrapper\"><figure class=\"elementor-image-box-img\"><img decoding=\"async\" width=\"738\" height=\"566\" src=\"https:\/\/termopane.md\/wp-content\/uploads\/2022\/04\/ruchka2.jpg\" class=\"elementor-animation-shrink attachment-full size-full\" alt=\"\" \/><\/figure><div class=\"elementor-image-box-content\"><h1 class=\"elementor-image-box-title\">M\u00e2nerul ferestrei cu cheie<\/h1><p class=\"elementor-image-box-description\">Gama larg\u0103 a seriei CAMEA-Design include \u0219i un m\u00e2ner cu cheie. Op\u021biunile de culori: alb \u0219i cafeniu. Acoperirea de \u00eenalt\u0103 calitate \u0219i corpul metalic al stiloului v\u0103 vor permite s\u0103 v\u0103 bucura\u021bi de un produs de calitate pentru mul\u021bi ani. M\u00e2nerele cu \u00eencuietoare CAMEA-Design pot fi folosite ca protec\u021bie \u00eempotriva c\u0103derii de la ferestre care \u00eendepline\u0219te cerin\u021bele GOST 23166. M\u00e2nerele REHAU LINEA DESIGN cu \u00eencuietoare \u00eencorporat\u0103 pot \u00eempiedica copiii s\u0103 deschid\u0103 singuri ferestrele. Nu va trebui s\u0103 izola\u021bi pervazurile ferestrei \u0219i s\u0103 sari \u00een sus c\u00e2nd copilul ajunge la m\u00e2nerul ferestrei - pute\u021bi deschide canapea doar folosind cheia.<\/p><\/div><\/div>\t\t<\/div>\n\t\t\t\t<\/div>\n\t\t\t\t\t<\/div>\n\t\t<\/div>\n\t\t\t\t<div class=\"elementor-column elementor-col-33 elementor-top-column elementor-element elementor-element-896d1f1\" data-id=\"896d1f1\" data-element_type=\"column\">\n\t\t\t<div class=\"elementor-column-wrap--896d1f1 elementor-widget-wrap elementor-element-populated\">\n\t\t\t\t\t\t\t\t<div class=\"elementor-element elementor-element-faf5a9b elementor-position-top elementor-vertical-align-top elementor-widget elementor-widget-image-box\" data-id=\"faf5a9b\" data-element_type=\"widget\" data-widget_type=\"image-box.default\">\n\t\t\t\t<div class=\"elementor-widget-container\">\n\t\t\t<div class=\"elementor-image-box-wrapper\"><figure class=\"elementor-image-box-img\"><img decoding=\"async\" width=\"738\" height=\"566\" src=\"https:\/\/termopane.md\/wp-content\/uploads\/2022\/04\/ruchka3.jpg\" class=\"elementor-animation-shrink attachment-full size-full\" alt=\"\" \/><\/figure><div class=\"elementor-image-box-content\"><h1 class=\"elementor-image-box-title\">\u041d\u0430\u0436\u0438\u043c\u043d\u044b\u0435 \u0433\u0430\u0440\u043d\u0438\u0442\u0443\u0440\u044b<\/h1><p class=\"elementor-image-box-description\">\u041d\u0430\u0436\u0438\u043c\u043d\u044b\u0435 \u0433\u0430\u0440\u043d\u0438\u0442\u0443\u0440\u044b au o lungime a \u0219tiftului de 112 mm \u0219i sunt potrivite pentru sistemele de u\u0219i REHAU cu ad\u00e2ncimea de 60 \u0219i 70 mm. Sigla REHAU este situat\u0103 at\u00e2t pe bara exterioar\u0103, c\u00e2t \u0219i pe cea interioar\u0103. Designul laconic al p\u00e2rghiei este acela\u0219i ca pe \u00eentreaga linie de m\u00e2nere CAMEA-Design, ceea ce v\u0103 va permite s\u0103 proiecta\u021bi toate ferestrele \u0219i u\u0219ile din plastic dintr-un apartament sau o cas\u0103 \u00eentr-un design unic. Un alt avantaj al \u043d\u0430\u0436\u0438\u043c\u043d\u043e\u0433\u043e \u0433\u0430\u0440\u043d\u0438\u0442\u0443\u0440\u0430 CAMEA-Design este fixarea ascuns\u0103: \u00een timpul instal\u0103rii \u0219uruburile sunt ascunse sub placa de acoperire, ceea ce face ca setul cu casc\u0103 s\u0103 arate \u00eengrijit \u0219i concis. Trei culori - alb, argintiu \u0219i cafeniu - v\u0103 vor permite s\u0103 alege\u021bi o solu\u021bie pentru orice interior.<\/p><\/div><\/div>\t\t<\/div>\n\t\t\t\t<\/div>\n\t\t\t\t\t<\/div>\n\t\t<\/div>\n\t\t\t\t\t\t\t<\/div>\n\t\t<\/section>\n\t\t\t\t<section class=\"elementor-section elementor-top-section elementor-element elementor-element-0a30041 elementor-section-boxed elementor-section-gap-default elementor-section-height-default elementor-section-height-default\" data-id=\"0a30041\" data-element_type=\"section\">\n\t\t\t\t\t\t<div class=\"elementor-container elementor-column-gap-default\">\n\t\t\t\t\t<div class=\"elementor-column elementor-col-33 elementor-top-column elementor-element elementor-element-f689e7d\" data-id=\"f689e7d\" data-element_type=\"column\">\n\t\t\t<div class=\"elementor-column-wrap--f689e7d elementor-widget-wrap elementor-element-populated\">\n\t\t\t\t\t\t\t\t<div class=\"elementor-element elementor-element-e7997c3 elementor-position-top elementor-vertical-align-top elementor-widget elementor-widget-image-box\" data-id=\"e7997c3\" data-element_type=\"widget\" data-widget_type=\"image-box.default\">\n\t\t\t\t<div class=\"elementor-widget-container\">\n\t\t\t<div class=\"elementor-image-box-wrapper\"><figure class=\"elementor-image-box-img\"><img decoding=\"async\" width=\"738\" height=\"566\" src=\"https:\/\/termopane.md\/wp-content\/uploads\/2022\/04\/ruchka4.jpg\" class=\"elementor-animation-shrink attachment-full size-full\" alt=\"\" \/><\/figure><div class=\"elementor-image-box-content\"><h1 class=\"elementor-image-box-title\">M\u00e2nerele ferestrelor cu \u00eencuietori<\/h1><p class=\"elementor-image-box-description\">Acest m\u00e2ner a fost dezvoltat special \u00een leg\u0103tur\u0103 cu cerin\u021bele stricte pentru siguran\u021ba copiilor \u0219i tendin\u021bele \u00een cerin\u021bele de reglementare ale GOST. M\u00e2nerul ferestrei LINEA-Design cu blocant KISI a trecut cu succes certificarea interna\u021bional\u0103. Utilizarea acestui blocant, ca oricare altul, nu scute\u0219te p\u0103rin\u021bii sau alte persoane responsabile de siguran\u021ba copiilor pentru via\u021ba \u0219i s\u0103n\u0103tatea lor.\n\u00cencuietoare cu deschidere datorit\u0103 mecanismului KISI\n\u00cen caz de urgen\u021b\u0103, pute\u021bi deschide fereastra \u00een orice moment\nU\u0219urin\u021b\u0103 \u0219i simplitate de instalare\/\u00eenlocuire. \n\u00cen complect sunt incluse \u0219uruburi pentru montare\nPentru copii sub 5 ani \nProtec\u021bie \u00eempotriva autodeschiderii ferestrei de c\u0103tre un copil <\/p><\/div><\/div>\t\t<\/div>\n\t\t\t\t<\/div>\n\t\t\t\t\t<\/div>\n\t\t<\/div>\n\t\t\t\t<div class=\"elementor-column elementor-col-33 elementor-top-column elementor-element elementor-element-ea01a9f\" data-id=\"ea01a9f\" data-element_type=\"column\">\n\t\t\t<div class=\"elementor-column-wrap--ea01a9f elementor-widget-wrap\">\n\t\t\t\t\t\t\t\t\t<\/div>\n\t\t<\/div>\n\t\t\t\t<div class=\"elementor-column elementor-col-33 elementor-top-column elementor-element elementor-element-0ecae34\" data-id=\"0ecae34\" data-element_type=\"column\">\n\t\t\t<div class=\"elementor-column-wrap--0ecae34 elementor-widget-wrap\">\n\t\t\t\t\t\t\t\t\t<\/div>\n\t\t<\/div>\n\t\t\t\t\t\t\t<\/div>\n\t\t<\/section>\n\t\t\t\t\t\t\t<\/div>\n\t\t","protected":false},"excerpt":{"rendered":"<p>O fereastr\u0103 modern\u0103 din PVC este o structur\u0103 complex\u0103 care combin\u0103 adesea multe dezvolt\u0103ri inginere\u0219ti ascunse \u00een spatele unui aspect serios al profilului. M\u00e2nerul ferestrei este un element de nelipsit al acestui sistem. Aceasta nu numai c\u0103 \u00eendepline\u0219te func\u021biile elementare cum ar fi deschiderea \u0219i \u00eenchiderea &#8211; un m\u00e2ner selectat corespunz\u0103tor poate proteja apartamentul de [&hellip;]<\/p>\n","protected":false},"author":1,"featured_media":0,"parent":3053,"menu_order":0,"comment_status":"closed","ping_status":"closed","template":"","meta":{"_seopress_robots_primary_cat":"","_seopress_titles_title":"","_seopress_titles_desc":"","_seopress_robots_index":"","footnotes":""},"acf":[],"_links":{"self":[{"href":"https:\/\/termopane.md\/ro\/wp-json\/wp\/v2\/pages\/3209"}],"collection":[{"href":"https:\/\/termopane.md\/ro\/wp-json\/wp\/v2\/pages"}],"about":[{"href":"https:\/\/termopane.md\/ro\/wp-json\/wp\/v2\/types\/page"}],"author":[{"embeddable":true,"href":"https:\/\/termopane.md\/ro\/wp-json\/wp\/v2\/users\/1"}],"replies":[{"embeddable":true,"href":"https:\/\/termopane.md\/ro\/wp-json\/wp\/v2\/comments?post=3209"}],"version-history":[{"count":0,"href":"https:\/\/termopane.md\/ro\/wp-json\/wp\/v2\/pages\/3209\/revisions"}],"up":[{"embeddable":true,"href":"https:\/\/termopane.md\/ro\/wp-json\/wp\/v2\/pages\/3053"}],"wp:attachment":[{"href":"https:\/\/termopane.md\/ro\/wp-json\/wp\/v2\/media?parent=3209"}],"curies":[{"name":"wp","href":"https:\/\/api.w.org\/{rel}","templated":true}]}}