{"id":3230,"date":"2022-05-22T00:31:11","date_gmt":"2022-05-21T21:31:11","guid":{"rendered":"https:\/\/termopane.md\/?page_id=3230"},"modified":"2022-05-22T00:33:27","modified_gmt":"2022-05-21T21:33:27","slug":"servicii","status":"publish","type":"page","link":"https:\/\/termopane.md\/ro\/servicii\/","title":{"rendered":"Servicii"},"content":{"rendered":"\t\t<div data-elementor-type=\"wp-post\" data-elementor-id=\"3230\" class=\"elementor elementor-3230 elementor-1985\">\n\t\t\t\t\t\t\t\t\t<section class=\"elementor-section elementor-top-section elementor-element elementor-element-d4dc5b1 elementor-section-boxed elementor-section-gap-default elementor-section-height-default elementor-section-height-default\" data-id=\"d4dc5b1\" data-element_type=\"section\">\n\t\t\t\t\t\t<div class=\"elementor-container elementor-column-gap-default\">\n\t\t\t\t\t<div class=\"elementor-column elementor-col-16 elementor-top-column elementor-element elementor-element-79a8128\" data-id=\"79a8128\" data-element_type=\"column\">\n\t\t\t<div class=\"elementor-column-wrap--79a8128 elementor-widget-wrap\">\n\t\t\t\t\t\t\t\t\t<\/div>\n\t\t<\/div>\n\t\t\t\t<div class=\"elementor-column elementor-col-66 elementor-top-column elementor-element elementor-element-b623ae3\" data-id=\"b623ae3\" data-element_type=\"column\">\n\t\t\t<div class=\"elementor-column-wrap--b623ae3 elementor-widget-wrap elementor-element-populated\">\n\t\t\t\t\t\t\t\t<div class=\"elementor-element elementor-element-701aab6 u-links-anim-ul elementor-widget elementor-widget-text-editor\" data-id=\"701aab6\" data-element_type=\"widget\" data-widget_type=\"text-editor.default\">\n\t\t\t\t<div class=\"elementor-widget-container\">\n\t\t\t<style>\/*! elementor - v3.7.7 - 20-09-2022 *\/\n.elementor-widget-text-editor.elementor-drop-cap-view-stacked .elementor-drop-cap{background-color:#818a91;color:#fff}.elementor-widget-text-editor.elementor-drop-cap-view-framed .elementor-drop-cap{color:#818a91;border:3px solid;background-color:transparent}.elementor-widget-text-editor:not(.elementor-drop-cap-view-default) .elementor-drop-cap{margin-top:8px}.elementor-widget-text-editor:not(.elementor-drop-cap-view-default) .elementor-drop-cap-letter{width:1em;height:1em}.elementor-widget-text-editor .elementor-drop-cap{float:left;text-align:center;line-height:1;font-size:50px}.elementor-widget-text-editor .elementor-drop-cap-letter{display:inline-block}<\/style>\t\t\t\t<p>La termopane.md ve\u021bi primi sfaturi competente referitor la toate problemele care v\u0103 macin\u0103. Exper\u021bii no\u0219tri v\u0103 vor ajuta s\u0103 alege\u021bi un profil de u\u0219\u0103 sau fereastr\u0103, pervazuri sau plase de \u021b\u00e2n\u021bari. Preferin\u021bele clien\u021bilor sunt diferite \u0219i lu\u0103m \u00een considerare acest lucru. Prin urmare, este posibil s\u0103 face\u021bi ferestre \u0219i u\u0219i la o comand\u0103 individual\u0103. Dac\u0103 ceva nu este clar, nu ezita\u021bi s\u0103 \u00eentreba\u021bi \u0219i s\u0103 clarifica\u021bi.<\/p><p><span style=\"color: var( --e-global-color-text ); font-family: var( --e-global-typography-text-font-family ), Sans-serif; font-weight: var( --e-global-typography-text-font-weight ); background-color: var(--body-bg-color); font-size: var(--body-font-size);\">Lista serviciilor companiei include nu numai instalarea \u0219i montarea, ci \u0219i \u00eentre\u021binerea construc\u021biilor. (Din c\u00e2nd \u00een c\u00e2nd aceste construc\u021bii trebuie cur\u0103\u021bate \u0219i verificate).<\/span><\/p>\t\t\t\t\t\t<\/div>\n\t\t\t\t<\/div>\n\t\t\t\t\t<\/div>\n\t\t<\/div>\n\t\t\t\t<div class=\"elementor-column elementor-col-16 elementor-top-column elementor-element elementor-element-b779c4f\" data-id=\"b779c4f\" data-element_type=\"column\">\n\t\t\t<div class=\"elementor-column-wrap--b779c4f elementor-widget-wrap\">\n\t\t\t\t\t\t\t\t\t<\/div>\n\t\t<\/div>\n\t\t\t\t\t\t\t<\/div>\n\t\t<\/section>\n\t\t\t\t<section class=\"elementor-section elementor-top-section elementor-element elementor-element-5b3128c elementor-section-boxed elementor-section-gap-default elementor-section-height-default elementor-section-height-default\" data-id=\"5b3128c\" data-element_type=\"section\">\n\t\t\t\t\t\t<div class=\"elementor-container elementor-column-gap-default\">\n\t\t\t\t\t<div class=\"elementor-column elementor-col-50 elementor-top-column elementor-element elementor-element-7b01063\" data-id=\"7b01063\" data-element_type=\"column\">\n\t\t\t<div class=\"elementor-column-wrap--7b01063 elementor-widget-wrap elementor-element-populated\">\n\t\t\t\t\t\t\t\t<div class=\"elementor-element elementor-element-918475d elementor-widget elementor-widget-heading\" data-id=\"918475d\" data-element_type=\"widget\" data-widget_type=\"heading.default\">\n\t\t\t\t<div class=\"elementor-widget-container\">\n\t\t\t<style>\/*! elementor - v3.7.7 - 20-09-2022 *\/\n.elementor-heading-title{padding:0;margin:0;line-height:1}.elementor-widget-heading .elementor-heading-title[class*=elementor-size-]>a{color:inherit;font-size:inherit;line-height:inherit}.elementor-widget-heading .elementor-heading-title.elementor-size-small{font-size:15px}.elementor-widget-heading .elementor-heading-title.elementor-size-medium{font-size:19px}.elementor-widget-heading .elementor-heading-title.elementor-size-large{font-size:29px}.elementor-widget-heading .elementor-heading-title.elementor-size-xl{font-size:39px}.elementor-widget-heading .elementor-heading-title.elementor-size-xxl{font-size:59px}<\/style><h2 class=\"elementor-heading-title elementor-size-default\">Repara\u021bia \u0219i \u00eentre\u021binerea ferestrelor<\/h2>\t\t<\/div>\n\t\t\t\t<\/div>\n\t\t\t\t<div class=\"elementor-element elementor-element-f679ebd u-links-anim-ul elementor-widget elementor-widget-text-editor\" data-id=\"f679ebd\" data-element_type=\"widget\" data-widget_type=\"text-editor.default\">\n\t\t\t\t<div class=\"elementor-widget-container\">\n\t\t\t\t\t\t\t<p>Ruperea sau deteriorarea unui element poate duce la o activitate slab\u0103 a \u00eentregului sistem de ferestre sau u\u0219i. Prin urmare, este foarte important s\u0103 efectua\u021bi lucr\u0103rile de reparare \u0219i \u00eentre\u021binere a ferestrelor la timp. Ne ocup\u0103m de: \u00eenlocuirea etan\u0219\u0103rilor din cauciuc, repararea \u0219i \u00eenlocuirea furniturei, \u00eenlocuirea geamurilor termopan cu altele mai noi \u0219i mai moderne. (De exemplu, clien\u021bii doresc s\u0103 \u00eembun\u0103t\u0103\u021beasc\u0103 izolarea fonic\u0103 sau propriet\u0103\u021bile de economisire a energiei).<\/p><p><span style=\"color: var( --e-global-color-text ); font-family: var( --e-global-typography-text-font-family ), Sans-serif; font-weight: var( --e-global-typography-text-font-weight ); background-color: var(--body-bg-color); font-size: var(--body-font-size);\">\u00cen plus, speciali\u0219tii no\u0219tri efectueaz\u0103 lucr\u0103ri de \u00eentre\u021binere a ferestrelor. Aceasta include: cur\u0103\u021barea \u0219i lubrifierea garniturii de cauciuc, lubrifierea furniturei, reglarea geamurilor din plastic, sp\u0103larea orificiilor de drenaj.<\/span><\/p>\t\t\t\t\t\t<\/div>\n\t\t\t\t<\/div>\n\t\t\t\t<div class=\"elementor-element elementor-element-e218db8 elementor-widget elementor-widget-image\" data-id=\"e218db8\" data-element_type=\"widget\" data-widget_type=\"image.default\">\n\t\t\t\t<div class=\"elementor-widget-container\">\n\t\t\t<style>\/*! elementor - v3.7.7 - 20-09-2022 *\/\n.elementor-widget-image{text-align:center}.elementor-widget-image a{display:inline-block}.elementor-widget-image a img[src$=\".svg\"]{width:48px}.elementor-widget-image img{vertical-align:middle;display:inline-block}<\/style>\t\t\t\t\t\t\t\t\t\t\t\t<img decoding=\"async\" width=\"1920\" height=\"1080\" src=\"https:\/\/termopane.md\/wp-content\/uploads\/2022\/04\/remont.jpg\" class=\"attachment-full size-full\" alt=\"\" srcset=\"https:\/\/termopane.md\/wp-content\/uploads\/2022\/04\/remont.jpg 1920w, https:\/\/termopane.md\/wp-content\/uploads\/2022\/04\/remont-300x169.jpg 300w, https:\/\/termopane.md\/wp-content\/uploads\/2022\/04\/remont-1024x576.jpg 1024w, https:\/\/termopane.md\/wp-content\/uploads\/2022\/04\/remont-768x432.jpg 768w, https:\/\/termopane.md\/wp-content\/uploads\/2022\/04\/remont-1536x864.jpg 1536w, https:\/\/termopane.md\/wp-content\/uploads\/2022\/04\/remont-1440x810.jpg 1440w\" sizes=\"(max-width: 1920px) 100vw, 1920px\" \/>\t\t\t\t\t\t\t\t\t\t\t\t\t\t\t<\/div>\n\t\t\t\t<\/div>\n\t\t\t\t\t<\/div>\n\t\t<\/div>\n\t\t\t\t<div class=\"elementor-column elementor-col-50 elementor-top-column elementor-element elementor-element-9f9e997\" data-id=\"9f9e997\" data-element_type=\"column\">\n\t\t\t<div class=\"elementor-column-wrap--9f9e997 elementor-widget-wrap elementor-element-populated\">\n\t\t\t\t\t\t\t\t<div class=\"elementor-element elementor-element-262dc73 elementor-widget elementor-widget-heading\" data-id=\"262dc73\" data-element_type=\"widget\" data-widget_type=\"heading.default\">\n\t\t\t\t<div class=\"elementor-widget-container\">\n\t\t\t<h2 class=\"elementor-heading-title elementor-size-default\">Instalare (Montare)<\/h2>\t\t<\/div>\n\t\t\t\t<\/div>\n\t\t\t\t<div class=\"elementor-element elementor-element-97ee003 u-links-anim-ul elementor-widget elementor-widget-text-editor\" data-id=\"97ee003\" data-element_type=\"widget\" data-widget_type=\"text-editor.default\">\n\t\t\t\t<div class=\"elementor-widget-container\">\n\t\t\t\t\t\t\t<p>Fiabilitatea lor, durata de via\u021b\u0103 \u0219i siguran\u021ba structurii \u00een sine depind de instalarea corect\u0103 a ferestrelor \u0219i u\u0219ilor din plastic. Exist\u0103 multe subtilit\u0103\u021bi despre care proprietarii nu le cunosc.<\/p><p><span style=\"color: var( --e-global-color-text ); font-family: var( --e-global-typography-text-font-family ), Sans-serif; font-weight: var( --e-global-typography-text-font-weight ); background-color: var(--body-bg-color); font-size: var(--body-font-size);\">Dac\u0103 fereastra este instalat\u0103 gre\u0219it aceasta va duce la formarea mucegaiului, deformarea ramei, spargerea furniturei \u0219i altele. Nu ar trebui s\u0103 rezolva\u021bi singur aceste probleme, deoarece este mai bine s\u0103 ave\u021bi \u00eencredere \u00een profesioni\u0219ti care \u0219tiu s\u0103 rezolve corect problema. Speciali\u0219tii no\u0219tri sunt angaja\u021bi \u00een instalarea ferestrelor \u0219i u\u0219ilor de intrare din PVC, pere\u021bilor desp\u0103r\u021bitori de balcon, sisteme glisante. Totul este realizat cu calitate superioar\u0103 \u0219i \u00een termenul prev\u0103zut.<\/span><\/p>\t\t\t\t\t\t<\/div>\n\t\t\t\t<\/div>\n\t\t\t\t<div class=\"elementor-element elementor-element-da799e0 elementor-widget elementor-widget-image\" data-id=\"da799e0\" data-element_type=\"widget\" data-widget_type=\"image.default\">\n\t\t\t\t<div class=\"elementor-widget-container\">\n\t\t\t\t\t\t\t\t\t\t\t\t\t\t\t<img decoding=\"async\" width=\"1920\" height=\"1080\" src=\"https:\/\/termopane.md\/wp-content\/uploads\/2022\/04\/montaj.jpg\" class=\"attachment-full size-full\" alt=\"\" srcset=\"https:\/\/termopane.md\/wp-content\/uploads\/2022\/04\/montaj.jpg 1920w, https:\/\/termopane.md\/wp-content\/uploads\/2022\/04\/montaj-300x169.jpg 300w, https:\/\/termopane.md\/wp-content\/uploads\/2022\/04\/montaj-1024x576.jpg 1024w, https:\/\/termopane.md\/wp-content\/uploads\/2022\/04\/montaj-768x432.jpg 768w, https:\/\/termopane.md\/wp-content\/uploads\/2022\/04\/montaj-1536x864.jpg 1536w, https:\/\/termopane.md\/wp-content\/uploads\/2022\/04\/montaj-1440x810.jpg 1440w\" sizes=\"(max-width: 1920px) 100vw, 1920px\" \/>\t\t\t\t\t\t\t\t\t\t\t\t\t\t\t<\/div>\n\t\t\t\t<\/div>\n\t\t\t\t\t<\/div>\n\t\t<\/div>\n\t\t\t\t\t\t\t<\/div>\n\t\t<\/section>\n\t\t\t\t\t\t\t<\/div>\n\t\t","protected":false},"excerpt":{"rendered":"<p>La termopane.md ve\u021bi primi sfaturi competente referitor la toate problemele care v\u0103 macin\u0103. Exper\u021bii no\u0219tri v\u0103 vor ajuta s\u0103 alege\u021bi un profil de u\u0219\u0103 sau fereastr\u0103, pervazuri sau plase de \u021b\u00e2n\u021bari. Preferin\u021bele clien\u021bilor sunt diferite \u0219i lu\u0103m \u00een considerare acest lucru. Prin urmare, este posibil s\u0103 face\u021bi ferestre \u0219i u\u0219i la o comand\u0103 individual\u0103. Dac\u0103 [&hellip;]<\/p>\n","protected":false},"author":1,"featured_media":0,"parent":0,"menu_order":0,"comment_status":"closed","ping_status":"closed","template":"template-builder.php","meta":{"_seopress_robots_primary_cat":"","_seopress_titles_title":"","_seopress_titles_desc":"","_seopress_robots_index":"","footnotes":""},"acf":[],"_links":{"self":[{"href":"https:\/\/termopane.md\/ro\/wp-json\/wp\/v2\/pages\/3230"}],"collection":[{"href":"https:\/\/termopane.md\/ro\/wp-json\/wp\/v2\/pages"}],"about":[{"href":"https:\/\/termopane.md\/ro\/wp-json\/wp\/v2\/types\/page"}],"author":[{"embeddable":true,"href":"https:\/\/termopane.md\/ro\/wp-json\/wp\/v2\/users\/1"}],"replies":[{"embeddable":true,"href":"https:\/\/termopane.md\/ro\/wp-json\/wp\/v2\/comments?post=3230"}],"version-history":[{"count":0,"href":"https:\/\/termopane.md\/ro\/wp-json\/wp\/v2\/pages\/3230\/revisions"}],"wp:attachment":[{"href":"https:\/\/termopane.md\/ro\/wp-json\/wp\/v2\/media?parent=3230"}],"curies":[{"name":"wp","href":"https:\/\/api.w.org\/{rel}","templated":true}]}}