{"id":3934,"date":"2025-10-20T19:57:30","date_gmt":"2025-10-20T16:57:30","guid":{"rendered":"https:\/\/termopane.md\/?page_id=3934"},"modified":"2025-10-20T20:18:11","modified_gmt":"2025-10-20T17:18:11","slug":"rehau-artevo","status":"publish","type":"page","link":"https:\/\/termopane.md\/ro\/produse\/ferestrele-rehau\/rehau-artevo\/","title":{"rendered":"Rehau ARTEVO"},"content":{"rendered":"\t\t<div data-elementor-type=\"wp-post\" data-elementor-id=\"3934\" class=\"elementor elementor-3934 elementor-3933\">\n\t\t\t\t\t\t\t\t\t<section class=\"elementor-section elementor-top-section elementor-element elementor-element-32d9165 elementor-section-boxed elementor-section-gap-default elementor-section-height-default elementor-section-height-default\" data-id=\"32d9165\" data-element_type=\"section\">\n\t\t\t\t\t\t<div class=\"elementor-container elementor-column-gap-default\">\n\t\t\t\t\t<div class=\"elementor-column elementor-col-16 elementor-top-column elementor-element elementor-element-9febfe5\" data-id=\"9febfe5\" data-element_type=\"column\">\n\t\t\t<div class=\"elementor-column-wrap--9febfe5 elementor-widget-wrap\">\n\t\t\t\t\t\t\t\t\t<\/div>\n\t\t<\/div>\n\t\t\t\t<div class=\"elementor-column elementor-col-66 elementor-top-column elementor-element elementor-element-99789a6\" data-id=\"99789a6\" data-element_type=\"column\">\n\t\t\t<div class=\"elementor-column-wrap--99789a6 elementor-widget-wrap elementor-element-populated\">\n\t\t\t\t\t\t\t\t<div class=\"elementor-element elementor-element-7aaea80 elementor-widget elementor-widget-heading\" data-id=\"7aaea80\" data-element_type=\"widget\" data-widget_type=\"heading.default\">\n\t\t\t\t<div class=\"elementor-widget-container\">\n\t\t\t<style>\/*! elementor - v3.7.7 - 20-09-2022 *\/\n.elementor-heading-title{padding:0;margin:0;line-height:1}.elementor-widget-heading .elementor-heading-title[class*=elementor-size-]>a{color:inherit;font-size:inherit;line-height:inherit}.elementor-widget-heading .elementor-heading-title.elementor-size-small{font-size:15px}.elementor-widget-heading .elementor-heading-title.elementor-size-medium{font-size:19px}.elementor-widget-heading .elementor-heading-title.elementor-size-large{font-size:29px}.elementor-widget-heading .elementor-heading-title.elementor-size-xl{font-size:39px}.elementor-widget-heading .elementor-heading-title.elementor-size-xxl{font-size:59px}<\/style><h1 class=\"elementor-heading-title elementor-size-default\">Rehau ARTEVO<\/h1>\t\t<\/div>\n\t\t\t\t<\/div>\n\t\t\t\t<div class=\"elementor-element elementor-element-f37521f u-links-anim-ul elementor-widget elementor-widget-text-editor\" data-id=\"f37521f\" data-element_type=\"widget\" data-widget_type=\"text-editor.default\">\n\t\t\t\t<div class=\"elementor-widget-container\">\n\t\t\t<style>\/*! elementor - v3.7.7 - 20-09-2022 *\/\n.elementor-widget-text-editor.elementor-drop-cap-view-stacked .elementor-drop-cap{background-color:#818a91;color:#fff}.elementor-widget-text-editor.elementor-drop-cap-view-framed .elementor-drop-cap{color:#818a91;border:3px solid;background-color:transparent}.elementor-widget-text-editor:not(.elementor-drop-cap-view-default) .elementor-drop-cap{margin-top:8px}.elementor-widget-text-editor:not(.elementor-drop-cap-view-default) .elementor-drop-cap-letter{width:1em;height:1em}.elementor-widget-text-editor .elementor-drop-cap{float:left;text-align:center;line-height:1;font-size:50px}.elementor-widget-text-editor .elementor-drop-cap-letter{display:inline-block}<\/style>\t\t\t\t<h3>Ferestre din profil <strong>REHAU ARTEVO<\/strong> \u2014 performan\u021b\u0103, design \u0219i durabilitate pentru casa ta din Moldova<\/h3><p>Noua genera\u021bie de ferestre REHAU ARTEVO \u00eembin\u0103 tehnologia german\u0103 cu elegan\u021ba modern\u0103 \u0219i eficien\u021ba energetic\u0103 maxim\u0103. Ideal pentru locuin\u021be \u0219i spa\u021bii comerciale din Moldova.<\/p>\t\t\t\t\t\t<\/div>\n\t\t\t\t<\/div>\n\t\t\t\t\t<\/div>\n\t\t<\/div>\n\t\t\t\t<div class=\"elementor-column elementor-col-16 elementor-top-column elementor-element elementor-element-8e066d1\" data-id=\"8e066d1\" data-element_type=\"column\">\n\t\t\t<div class=\"elementor-column-wrap--8e066d1 elementor-widget-wrap\">\n\t\t\t\t\t\t\t\t\t<\/div>\n\t\t<\/div>\n\t\t\t\t\t\t\t<\/div>\n\t\t<\/section>\n\t\t\t\t<section class=\"elementor-section elementor-top-section elementor-element elementor-element-7c60005 elementor-section-boxed elementor-section-gap-default elementor-section-height-default elementor-section-height-default\" data-id=\"7c60005\" data-element_type=\"section\">\n\t\t\t\t\t\t<div class=\"elementor-container elementor-column-gap-default\">\n\t\t\t\t\t<div class=\"elementor-column elementor-col-16 elementor-top-column elementor-element elementor-element-7b82f40\" data-id=\"7b82f40\" data-element_type=\"column\">\n\t\t\t<div class=\"elementor-column-wrap--7b82f40 elementor-widget-wrap\">\n\t\t\t\t\t\t\t\t\t<\/div>\n\t\t<\/div>\n\t\t\t\t<div class=\"elementor-column elementor-col-66 elementor-top-column elementor-element elementor-element-78b07af\" data-id=\"78b07af\" data-element_type=\"column\">\n\t\t\t<div class=\"elementor-column-wrap--78b07af elementor-widget-wrap elementor-element-populated\">\n\t\t\t\t\t\t\t\t<div class=\"elementor-element elementor-element-f3a09d5 elementor-widget elementor-widget-reycore-grid\" data-id=\"f3a09d5\" data-element_type=\"widget\" data-widget_type=\"reycore-grid.default\">\n\t\t\t\t<div class=\"elementor-widget-container\">\n\t\t\t<div class=\"rey-gridEl --images --type-normal --type-md-normal --type-sm-normal\" style=\"--total:2\">\n\t\t<div class=\"__items \">\n\t\t\t<div class=\"__item\"><div class=\"rey-card --brooklyn\"><a href=\"https:\/\/termopane.md\/wp-content\/uploads\/2025\/10\/680-D097_CL-scaled-3.jpg\" class=\"\" data-elementor-open-lightbox=\"yes\"><img decoding=\"async\" width=\"1024\" height=\"724\" src=\"https:\/\/termopane.md\/wp-content\/uploads\/2025\/10\/680-D097_CL-scaled-3-1024x724.jpg\" class=\"__media\" alt=\"\" srcset=\"https:\/\/termopane.md\/wp-content\/uploads\/2025\/10\/680-D097_CL-scaled-3-1024x724.jpg 1024w, https:\/\/termopane.md\/wp-content\/uploads\/2025\/10\/680-D097_CL-scaled-3-300x212.jpg 300w, https:\/\/termopane.md\/wp-content\/uploads\/2025\/10\/680-D097_CL-scaled-3-768x543.jpg 768w, https:\/\/termopane.md\/wp-content\/uploads\/2025\/10\/680-D097_CL-scaled-3-1536x1086.jpg 1536w, https:\/\/termopane.md\/wp-content\/uploads\/2025\/10\/680-D097_CL-scaled-3-2048x1448.jpg 2048w\" sizes=\"(max-width: 1024px) 100vw, 1024px\" \/><\/a><div class=\"__overlay\"><\/div><\/div><\/div><div class=\"__item\"><div class=\"rey-card --brooklyn\"><a href=\"https:\/\/termopane.md\/wp-content\/uploads\/2025\/10\/rehau-artevo.jpg\" class=\"\" data-elementor-open-lightbox=\"yes\"><img decoding=\"async\" width=\"1024\" height=\"731\" src=\"https:\/\/termopane.md\/wp-content\/uploads\/2025\/10\/rehau-artevo-1024x731.jpg\" class=\"__media\" alt=\"\" srcset=\"https:\/\/termopane.md\/wp-content\/uploads\/2025\/10\/rehau-artevo-1024x731.jpg 1024w, https:\/\/termopane.md\/wp-content\/uploads\/2025\/10\/rehau-artevo-300x214.jpg 300w, https:\/\/termopane.md\/wp-content\/uploads\/2025\/10\/rehau-artevo-768x548.jpg 768w, https:\/\/termopane.md\/wp-content\/uploads\/2025\/10\/rehau-artevo.jpg 1200w\" sizes=\"(max-width: 1024px) 100vw, 1024px\" \/><\/a><div class=\"__overlay\"><\/div><\/div><\/div>\t\t<\/div>\n\t\t<\/div>\t\t<\/div>\n\t\t\t\t<\/div>\n\t\t\t\t\t<\/div>\n\t\t<\/div>\n\t\t\t\t<div class=\"elementor-column elementor-col-16 elementor-top-column elementor-element elementor-element-ee85c43\" data-id=\"ee85c43\" data-element_type=\"column\">\n\t\t\t<div class=\"elementor-column-wrap--ee85c43 elementor-widget-wrap\">\n\t\t\t\t\t\t\t\t\t<\/div>\n\t\t<\/div>\n\t\t\t\t\t\t\t<\/div>\n\t\t<\/section>\n\t\t\t\t<section class=\"elementor-section elementor-top-section elementor-element elementor-element-82e64fd elementor-section-boxed elementor-section-gap-default elementor-section-height-default elementor-section-height-default\" data-id=\"82e64fd\" data-element_type=\"section\">\n\t\t\t\t\t\t<div class=\"elementor-container elementor-column-gap-default\">\n\t\t\t\t\t<div class=\"elementor-column elementor-col-25 elementor-top-column elementor-element elementor-element-ff2093b\" data-id=\"ff2093b\" data-element_type=\"column\">\n\t\t\t<div class=\"elementor-column-wrap--ff2093b elementor-widget-wrap\">\n\t\t\t\t\t\t\t\t\t<\/div>\n\t\t<\/div>\n\t\t\t\t<div class=\"elementor-column elementor-col-25 elementor-top-column elementor-element elementor-element-05ad30f\" data-id=\"05ad30f\" data-element_type=\"column\">\n\t\t\t<div class=\"elementor-column-wrap--05ad30f elementor-widget-wrap elementor-element-populated\">\n\t\t\t\t\t\t\t\t<div class=\"elementor-element elementor-element-7925761 elementor-widget elementor-widget-heading\" data-id=\"7925761\" data-element_type=\"widget\" data-widget_type=\"heading.default\">\n\t\t\t\t<div class=\"elementor-widget-container\">\n\t\t\t<h2 class=\"elementor-heading-title elementor-size-default\">\nDescriere<\/h2>\t\t<\/div>\n\t\t\t\t<\/div>\n\t\t\t\t<div class=\"elementor-element elementor-element-7ad0212 u-links-anim-ul elementor-widget elementor-widget-text-editor\" data-id=\"7ad0212\" data-element_type=\"widget\" data-widget_type=\"text-editor.default\">\n\t\t\t\t<div class=\"elementor-widget-container\">\n\t\t\t\t\t\t\t<h3>Ce este REHAU ARTEVO<\/h3><p><strong>REHAU ARTEVO<\/strong> este noul sistem de profil creat pe baza materialului revolu\u021bionar <strong>RAU-FIPRO X<\/strong> \u2013 o combina\u021bie \u00eentre fibr\u0103 de sticl\u0103 \u0219i polimer, ce ofer\u0103 rezisten\u021ba aluminiului \u0219i eficien\u021ba termic\u0103 a PVC-ului.<\/p><p>Rezultatul? Ferestre mai stabile, mai u\u0219oare \u0219i mai durabile, cu un design minimalist \u0219i o performan\u021b\u0103 termic\u0103 excelent\u0103.<\/p><p>Suntem partener oficial\u00a0<strong>REHAU<\/strong>\u00a0\u00een Moldova, cu peste 20 de ani de experien\u021b\u0103 \u00een produc\u021bia \u0219i montajul ferestrelor PVC \u0219i aluminiu.<\/p><p>M\u0103surare \u0219i consultan\u021b\u0103 gratuite<\/p><ul><li>M\u0103surare \u0219i consultan\u021b\u0103 gratuite<\/li><li>Produc\u021bie local\u0103 \u0219i control total al calit\u0103\u021bii<\/li><li>Montaj profesional conform standardelor REHAU<\/li><li>Garan\u021bie extins\u0103 pentru profil \u0219i accesorii<\/li><\/ul>\t\t\t\t\t\t<\/div>\n\t\t\t\t<\/div>\n\t\t\t\t\t<\/div>\n\t\t<\/div>\n\t\t\t\t<div class=\"elementor-column elementor-col-25 elementor-top-column elementor-element elementor-element-88c7ebd\" data-id=\"88c7ebd\" data-element_type=\"column\">\n\t\t\t<div class=\"elementor-column-wrap--88c7ebd elementor-widget-wrap elementor-element-populated\">\n\t\t\t\t\t\t\t\t<div class=\"elementor-element elementor-element-c2b7c31 elementor-widget elementor-widget-heading\" data-id=\"c2b7c31\" data-element_type=\"widget\" data-widget_type=\"heading.default\">\n\t\t\t\t<div class=\"elementor-widget-container\">\n\t\t\t<h2 class=\"elementor-heading-title elementor-size-default\">Specifica\u021bii<\/h2>\t\t<\/div>\n\t\t\t\t<\/div>\n\t\t\t\t<div class=\"elementor-element elementor-element-380adc4 u-links-anim-ul elementor-widget elementor-widget-text-editor\" data-id=\"380adc4\" data-element_type=\"widget\" data-widget_type=\"text-editor.default\">\n\t\t\t\t<div class=\"elementor-widget-container\">\n\t\t\t\t\t\t\t<h3>Avantajele ferestrelor REHAU ARTEVO<\/h3><ul><li><strong>Izola\u021bie termic\u0103 superioar\u0103<\/strong>\u00a0\u2014 coeficient Uf p\u00e2n\u0103 la 0,98 W\/m\u00b2K pentru economii de energie semnificative.<\/li><li><strong>Izolare fonic\u0103 avansat\u0103<\/strong>\u00a0\u2014 protec\u021bie eficient\u0103 \u00eempotriva zgomotului urban.<\/li><li><strong>Design modern<\/strong>\u00a0\u2014 linii fine, culori personalizabile, finisaje premium.<\/li><li><strong>Durabilitate ridicat\u0103<\/strong>\u00a0\u2014 stabilitate structural\u0103 chiar \u0219i la dimensiuni mari.<\/li><li><strong>Compatibilitate cu sistemele Smart Home<\/strong>\u00a0\u2014 control inteligent \u0219i confort maxim.<\/li><\/ul><p>\u00a0<\/p><ul><li style=\"list-style-type: none;\">\u00a0<\/li><\/ul>\t\t\t\t\t\t<\/div>\n\t\t\t\t<\/div>\n\t\t\t\t\t<\/div>\n\t\t<\/div>\n\t\t\t\t<div class=\"elementor-column elementor-col-25 elementor-top-column elementor-element elementor-element-5a2a0cc\" data-id=\"5a2a0cc\" data-element_type=\"column\">\n\t\t\t<div class=\"elementor-column-wrap--5a2a0cc elementor-widget-wrap\">\n\t\t\t\t\t\t\t\t\t<\/div>\n\t\t<\/div>\n\t\t\t\t\t\t\t<\/div>\n\t\t<\/section>\n\t\t\t\t\t\t\t<\/div>\n\t\t","protected":false},"excerpt":{"rendered":"<p>Rehau ARTEVO Ferestre din profil REHAU ARTEVO \u2014 performan\u021b\u0103, design \u0219i durabilitate pentru casa ta din Moldova Noua genera\u021bie de ferestre REHAU ARTEVO \u00eembin\u0103 tehnologia german\u0103 cu elegan\u021ba modern\u0103 \u0219i eficien\u021ba energetic\u0103 maxim\u0103. Ideal pentru locuin\u021be \u0219i spa\u021bii comerciale din Moldova. Descriere Ce este REHAU ARTEVO REHAU ARTEVO este noul sistem de profil creat pe [&hellip;]<\/p>\n","protected":false},"author":1,"featured_media":0,"parent":3071,"menu_order":0,"comment_status":"closed","ping_status":"closed","template":"","meta":{"_seopress_robots_primary_cat":"","_seopress_titles_title":"","_seopress_titles_desc":"","_seopress_robots_index":"","footnotes":""},"acf":[],"_links":{"self":[{"href":"https:\/\/termopane.md\/ro\/wp-json\/wp\/v2\/pages\/3934"}],"collection":[{"href":"https:\/\/termopane.md\/ro\/wp-json\/wp\/v2\/pages"}],"about":[{"href":"https:\/\/termopane.md\/ro\/wp-json\/wp\/v2\/types\/page"}],"author":[{"embeddable":true,"href":"https:\/\/termopane.md\/ro\/wp-json\/wp\/v2\/users\/1"}],"replies":[{"embeddable":true,"href":"https:\/\/termopane.md\/ro\/wp-json\/wp\/v2\/comments?post=3934"}],"version-history":[{"count":19,"href":"https:\/\/termopane.md\/ro\/wp-json\/wp\/v2\/pages\/3934\/revisions"}],"predecessor-version":[{"id":4048,"href":"https:\/\/termopane.md\/ro\/wp-json\/wp\/v2\/pages\/3934\/revisions\/4048"}],"up":[{"embeddable":true,"href":"https:\/\/termopane.md\/ro\/wp-json\/wp\/v2\/pages\/3071"}],"wp:attachment":[{"href":"https:\/\/termopane.md\/ro\/wp-json\/wp\/v2\/media?parent=3934"}],"curies":[{"name":"wp","href":"https:\/\/api.w.org\/{rel}","templated":true}]}}